{"id":10323,"date":"2023-09-06T10:24:04","date_gmt":"2023-09-06T08:24:04","guid":{"rendered":"https:\/\/casale.ch\/novinky-a-reference\/"},"modified":"2025-05-13T11:23:12","modified_gmt":"2025-05-13T09:23:12","slug":"novinky-a-reference","status":"publish","type":"page","link":"https:\/\/casale.ch\/cs\/novinky-a-reference\/","title":{"rendered":"Novinky a\u00a0reference"},"content":{"rendered":"[vc_row type=&#8220;full_width_background&#8220; full_screen_row_position=&#8220;middle&#8220; column_margin=&#8220;default&#8220; column_direction=&#8220;default&#8220; column_direction_tablet=&#8220;default&#8220; column_direction_phone=&#8220;default&#8220; bg_color=&#8220;#002540&#8243; scene_position=&#8220;center&#8220; text_color=&#8220;dark&#8220; text_align=&#8220;left&#8220; row_border_radius=&#8220;none&#8220; row_border_radius_applies=&#8220;bg&#8220; overflow=&#8220;visible&#8220; id=&#8220;section_blog_hero&#8220; overlay_strength=&#8220;0.3&#8243; gradient_direction=&#8220;left_to_right&#8220; shape_divider_position=&#8220;bottom&#8220; bg_image_animation=&#8220;none&#8220; gradient_type=&#8220;default&#8220; shape_type=&#8220;&#8220;][vc_column column_padding=&#8220;no-extra-padding&#8220; column_padding_tablet=&#8220;inherit&#8220; column_padding_phone=&#8220;inherit&#8220; column_padding_position=&#8220;all&#8220; column_element_direction_desktop=&#8220;default&#8220; column_element_spacing=&#8220;default&#8220; desktop_text_alignment=&#8220;default&#8220; tablet_text_alignment=&#8220;default&#8220; phone_text_alignment=&#8220;default&#8220; background_color_opacity=&#8220;1&#8243; background_hover_color_opacity=&#8220;1&#8243; column_backdrop_filter=&#8220;none&#8220; column_shadow=&#8220;none&#8220; column_border_radius=&#8220;none&#8220; column_link_target=&#8220;_self&#8220; column_position=&#8220;default&#8220; gradient_direction=&#8220;left_to_right&#8220; overlay_strength=&#8220;0.3&#8243; width=&#8220;1\/1&#8243; tablet_width_inherit=&#8220;default&#8220; animation_type=&#8220;default&#8220; bg_image_animation=&#8220;none&#8220; border_type=&#8220;simple&#8220; column_border_width=&#8220;none&#8220; column_border_style=&#8220;solid&#8220;][vc_column_text css_animation=&#8220;fadeInLeft&#8220; css=&#8220;.vc_custom_1693994062611{margin-bottom: 0px !important;}&#8220;]\n<h3>NA\u0160E ZAM\u011a\u0158EN\u00cd<\/h3>\n[\/vc_column_text][vc_column_text css_animation=&#8220;fadeInUp&#8220; css=&#8220;&#8220; text_direction=&#8220;default&#8220;]\n<h1>Novinky a\u00a0reference<\/h1>\n[\/vc_column_text][vc_row_inner column_margin=&#8220;default&#8220; column_direction=&#8220;default&#8220; column_direction_tablet=&#8220;default&#8220; column_direction_phone=&#8220;default&#8220; text_align=&#8220;left&#8220; row_position=&#8220;default&#8220; row_position_tablet=&#8220;inherit&#8220; row_position_phone=&#8220;inherit&#8220; overflow=&#8220;visible&#8220; pointer_events=&#8220;all&#8220; el_id=&#8220;inner_featured_posts&#8220;][vc_column_inner column_padding=&#8220;no-extra-padding&#8220; column_padding_tablet=&#8220;inherit&#8220; column_padding_phone=&#8220;inherit&#8220; column_padding_position=&#8220;all&#8220; column_element_direction_desktop=&#8220;default&#8220; column_element_spacing=&#8220;default&#8220; desktop_text_alignment=&#8220;default&#8220; tablet_text_alignment=&#8220;default&#8220; phone_text_alignment=&#8220;default&#8220; background_color_opacity=&#8220;1&#8243; background_hover_color_opacity=&#8220;1&#8243; column_backdrop_filter=&#8220;none&#8220; column_shadow=&#8220;none&#8220; column_border_radius=&#8220;none&#8220; column_link_target=&#8220;_self&#8220; overflow=&#8220;visible&#8220; gradient_direction=&#8220;left_to_right&#8220; overlay_strength=&#8220;0.3&#8243; width=&#8220;1\/1&#8243; tablet_width_inherit=&#8220;default&#8220; animation_type=&#8220;default&#8220; enable_animation=&#8220;true&#8220; animation=&#8220;fade-in-from-bottom&#8220; animation_easing=&#8220;default&#8220; bg_image_animation=&#8220;none&#8220; border_type=&#8220;simple&#8220; column_border_width=&#8220;none&#8220; column_border_style=&#8220;solid&#8220; column_padding_type=&#8220;default&#8220; gradient_type=&#8220;default&#8220;][vc_raw_html]W3h5ei1pcHMgc25pcHBldD0iYXJ0aWNvbGktaW4tZXZpZGVuemEiXQ==[\/vc_raw_html][\/vc_column_inner][\/vc_row_inner][\/vc_column][\/vc_row][vc_row type=&#8220;in_container&#8220; full_screen_row_position=&#8220;middle&#8220; column_margin=&#8220;default&#8220; column_direction=&#8220;default&#8220; column_direction_tablet=&#8220;default&#8220; column_direction_phone=&#8220;default&#8220; scene_position=&#8220;center&#8220; text_color=&#8220;dark&#8220; text_align=&#8220;left&#8220; row_border_radius=&#8220;none&#8220; row_border_radius_applies=&#8220;bg&#8220; overflow=&#8220;visible&#8220; id=&#8220;section_blog_filter&#8220; overlay_strength=&#8220;0.3&#8243; gradient_direction=&#8220;left_to_right&#8220; shape_divider_position=&#8220;bottom&#8220; bg_image_animation=&#8220;none&#8220; gradient_type=&#8220;default&#8220; shape_type=&#8220;&#8220;][vc_column column_padding=&#8220;no-extra-padding&#8220; column_padding_tablet=&#8220;inherit&#8220; column_padding_phone=&#8220;inherit&#8220; column_padding_position=&#8220;all&#8220; column_element_direction_desktop=&#8220;default&#8220; column_element_spacing=&#8220;default&#8220; desktop_text_alignment=&#8220;default&#8220; tablet_text_alignment=&#8220;default&#8220; phone_text_alignment=&#8220;default&#8220; background_color_opacity=&#8220;1&#8243; background_hover_color_opacity=&#8220;1&#8243; column_backdrop_filter=&#8220;none&#8220; column_shadow=&#8220;none&#8220; column_border_radius=&#8220;none&#8220; column_link_target=&#8220;_self&#8220; column_position=&#8220;default&#8220; gradient_direction=&#8220;left_to_right&#8220; overlay_strength=&#8220;0.3&#8243; width=&#8220;1\/1&#8243; tablet_width_inherit=&#8220;default&#8220; animation_type=&#8220;default&#8220; enable_animation=&#8220;true&#8220; animation=&#8220;fade-in-from-bottom&#8220; animation_easing=&#8220;default&#8220; bg_image_animation=&#8220;none&#8220; border_type=&#8220;simple&#8220; column_border_width=&#8220;none&#8220; column_border_style=&#8220;solid&#8220; column_padding_type=&#8220;default&#8220; gradient_type=&#8220;default&#8220;][vc_raw_html]W3NlYXJjaGFuZGZpbHRlciBpZD0iNjYwIl0=[\/vc_raw_html][\/vc_column][\/vc_row][vc_row type=&#8220;in_container&#8220; full_screen_row_position=&#8220;middle&#8220; column_margin=&#8220;default&#8220; column_direction=&#8220;default&#8220; column_direction_tablet=&#8220;default&#8220; column_direction_phone=&#8220;default&#8220; scene_position=&#8220;center&#8220; text_color=&#8220;dark&#8220; text_align=&#8220;left&#8220; row_border_radius=&#8220;none&#8220; row_border_radius_applies=&#8220;bg&#8220; overflow=&#8220;visible&#8220; id=&#8220;section_blog_result&#8220; overlay_strength=&#8220;0.3&#8243; gradient_direction=&#8220;left_to_right&#8220; shape_divider_position=&#8220;bottom&#8220; bg_image_animation=&#8220;none&#8220; gradient_type=&#8220;default&#8220; shape_type=&#8220;&#8220;][vc_column column_padding=&#8220;no-extra-padding&#8220; column_padding_tablet=&#8220;inherit&#8220; column_padding_phone=&#8220;inherit&#8220; column_padding_position=&#8220;all&#8220; column_element_direction_desktop=&#8220;default&#8220; column_element_spacing=&#8220;default&#8220; desktop_text_alignment=&#8220;default&#8220; tablet_text_alignment=&#8220;default&#8220; phone_text_alignment=&#8220;default&#8220; background_color_opacity=&#8220;1&#8243; background_hover_color_opacity=&#8220;1&#8243; column_backdrop_filter=&#8220;none&#8220; column_shadow=&#8220;none&#8220; column_border_radius=&#8220;none&#8220; column_link_target=&#8220;_self&#8220; column_position=&#8220;default&#8220; gradient_direction=&#8220;left_to_right&#8220; overlay_strength=&#8220;0.3&#8243; width=&#8220;1\/1&#8243; tablet_width_inherit=&#8220;default&#8220; animation_type=&#8220;default&#8220; enable_animation=&#8220;true&#8220; animation=&#8220;slight-fade-in-from-bottom&#8220; animation_easing=&#8220;default&#8220; bg_image_animation=&#8220;none&#8220; border_type=&#8220;simple&#8220; column_border_width=&#8220;none&#8220; column_border_style=&#8220;solid&#8220; column_padding_type=&#8220;default&#8220; gradient_type=&#8220;default&#8220;][vc_raw_html]W3NlYXJjaGFuZGZpbHRlciBpZD0iNjYwIiBzaG93PSJyZXN1bHRzIl0=[\/vc_raw_html][\/vc_column][\/vc_row]\n","protected":false},"excerpt":{"rendered":"<p>[vc_row type=&#8220;full_width_background&#8220; full_screen_row_position=&#8220;middle&#8220; column_margin=&#8220;default&#8220; column_direction=&#8220;default&#8220; column_direction_tablet=&#8220;default&#8220; column_direction_phone=&#8220;default&#8220; bg_color=&#8220;#002540&#8243; scene_position=&#8220;center&#8220; text_color=&#8220;dark&#8220; text_align=&#8220;left&#8220; row_border_radius=&#8220;none&#8220; row_border_radius_applies=&#8220;bg&#8220; overflow=&#8220;visible&#8220; id=&#8220;section_blog_hero&#8220; overlay_strength=&#8220;0.3&#8243; gradient_direction=&#8220;left_to_right&#8220; shape_divider_position=&#8220;bottom&#8220; bg_image_animation=&#8220;none&#8220; gradient_type=&#8220;default&#8220; shape_type=&#8220;&#8220;][vc_column column_padding=&#8220;no-extra-padding&#8220; column_padding_tablet=&#8220;inherit&#8220; column_padding_phone=&#8220;inherit&#8220; column_padding_position=&#8220;all&#8220; column_element_direction_desktop=&#8220;default&#8220; column_element_spacing=&#8220;default&#8220; desktop_text_alignment=&#8220;default&#8220; tablet_text_alignment=&#8220;default&#8220; phone_text_alignment=&#8220;default&#8220;&#8230;<\/p>\n","protected":false},"author":1,"featured_media":0,"parent":0,"menu_order":66,"comment_status":"closed","ping_status":"closed","template":"","meta":{"_acf_changed":false,"inline_featured_image":false,"footnotes":""},"class_list":["post-10323","page","type-page","status-publish"],"acf":[],"yoast_head":"<!-- This site is optimized with the Yoast SEO plugin v27.1.1 - https:\/\/yoast.com\/product\/yoast-seo-wordpress\/ -->\n<title>Novinky a\u00a0reference &#8226; Casale<\/title>\n<meta name=\"description\" content=\"Sledujte aktu\u00e1ln\u00ed informace o\u00a0nejnov\u011bj\u0161\u00edch inovac\u00edch a\u00a0ud\u00e1lostech spole\u010dnosti Casale v\u00a0chemick\u00e9m pr\u016fmyslu. Zjist\u011bte, jak prokop\u00e1v\u00e1me cestu k\u00a0udr\u017eiteln\u00fdm \u0159e\u0161en\u00edm a\u00a0technologick\u00e9mu pokroku pro zelen\u011bj\u0161\u00ed budoucnost.\" \/>\n<meta name=\"robots\" content=\"index, follow, max-snippet:-1, max-image-preview:large, max-video-preview:-1\" \/>\n<link rel=\"canonical\" href=\"https:\/\/casale.ch\/cs\/novinky-a-reference\/\" \/>\n<meta property=\"og:locale\" content=\"cs_CZ\" \/>\n<meta property=\"og:type\" content=\"article\" \/>\n<meta property=\"og:title\" content=\"Novinky a\u00a0reference &#8226; Casale\" \/>\n<meta property=\"og:description\" content=\"Sledujte aktu\u00e1ln\u00ed informace o\u00a0nejnov\u011bj\u0161\u00edch inovac\u00edch a\u00a0ud\u00e1lostech spole\u010dnosti Casale v\u00a0chemick\u00e9m pr\u016fmyslu. Zjist\u011bte, jak prokop\u00e1v\u00e1me cestu k\u00a0udr\u017eiteln\u00fdm \u0159e\u0161en\u00edm a\u00a0technologick\u00e9mu pokroku pro zelen\u011bj\u0161\u00ed budoucnost.\" \/>\n<meta property=\"og:url\" content=\"https:\/\/casale.ch\/cs\/novinky-a-reference\/\" \/>\n<meta property=\"og:site_name\" content=\"Casale\" \/>\n<meta property=\"article:modified_time\" content=\"2025-05-13T09:23:12+00:00\" \/>\n<meta property=\"og:image\" content=\"https:\/\/casale.ch\/wp-content\/uploads\/2024\/02\/casale.jpg\" \/>\n\t<meta property=\"og:image:width\" content=\"1600\" \/>\n\t<meta property=\"og:image:height\" content=\"712\" \/>\n\t<meta property=\"og:image:type\" content=\"image\/jpeg\" \/>\n<meta name=\"twitter:card\" content=\"summary_large_image\" \/>\n<meta name=\"twitter:label1\" content=\"Odhadovan\u00e1 doba \u010dten\u00ed\" \/>\n\t<meta name=\"twitter:data1\" content=\"4 minuty\" \/>\n<script type=\"application\/ld+json\" class=\"yoast-schema-graph\">{\"@context\":\"https:\/\/schema.org\",\"@graph\":[{\"@type\":\"WebPage\",\"@id\":\"https:\/\/casale.ch\/cs\/novinky-a-reference\/\",\"url\":\"https:\/\/casale.ch\/cs\/novinky-a-reference\/\",\"name\":\"Novinky a\u00a0reference &#8226; Casale\",\"isPartOf\":{\"@id\":\"https:\/\/casale.ch\/cs\/#website\"},\"datePublished\":\"2023-09-06T08:24:04+00:00\",\"dateModified\":\"2025-05-13T09:23:12+00:00\",\"description\":\"Sledujte aktu\u00e1ln\u00ed informace o\u00a0nejnov\u011bj\u0161\u00edch inovac\u00edch a\u00a0ud\u00e1lostech spole\u010dnosti Casale v\u00a0chemick\u00e9m pr\u016fmyslu. Zjist\u011bte, jak prokop\u00e1v\u00e1me cestu k\u00a0udr\u017eiteln\u00fdm \u0159e\u0161en\u00edm a\u00a0technologick\u00e9mu pokroku pro zelen\u011bj\u0161\u00ed budoucnost.\",\"breadcrumb\":{\"@id\":\"https:\/\/casale.ch\/cs\/novinky-a-reference\/#breadcrumb\"},\"inLanguage\":\"cs\",\"potentialAction\":[{\"@type\":\"ReadAction\",\"target\":[\"https:\/\/casale.ch\/cs\/novinky-a-reference\/\"]}]},{\"@type\":\"BreadcrumbList\",\"@id\":\"https:\/\/casale.ch\/cs\/novinky-a-reference\/#breadcrumb\",\"itemListElement\":[{\"@type\":\"ListItem\",\"position\":1,\"name\":\"Home\",\"item\":\"https:\/\/casale.ch\/cs\/\"},{\"@type\":\"ListItem\",\"position\":2,\"name\":\"Novinky a\u00a0reference\"}]},{\"@type\":\"WebSite\",\"@id\":\"https:\/\/casale.ch\/cs\/#website\",\"url\":\"https:\/\/casale.ch\/cs\/\",\"name\":\"Casale\",\"description\":\"Together for a new planet\",\"publisher\":{\"@id\":\"https:\/\/casale.ch\/cs\/#organization\"},\"potentialAction\":[{\"@type\":\"SearchAction\",\"target\":{\"@type\":\"EntryPoint\",\"urlTemplate\":\"https:\/\/casale.ch\/cs\/?s={search_term_string}\"},\"query-input\":{\"@type\":\"PropertyValueSpecification\",\"valueRequired\":true,\"valueName\":\"search_term_string\"}}],\"inLanguage\":\"cs\"},{\"@type\":\"Organization\",\"@id\":\"https:\/\/casale.ch\/cs\/#organization\",\"name\":\"Casale\",\"url\":\"https:\/\/casale.ch\/cs\/\",\"logo\":{\"@type\":\"ImageObject\",\"inLanguage\":\"cs\",\"@id\":\"https:\/\/casale.ch\/cs\/#\/schema\/logo\/image\/\",\"url\":\"https:\/\/casale.ch\/wp-content\/uploads\/2023\/08\/logo_casale.svg\",\"contentUrl\":\"https:\/\/casale.ch\/wp-content\/uploads\/2023\/08\/logo_casale.svg\",\"width\":1,\"height\":1,\"caption\":\"Casale\"},\"image\":{\"@id\":\"https:\/\/casale.ch\/cs\/#\/schema\/logo\/image\/\"}}]}<\/script>\n<!-- \/ Yoast SEO plugin. -->","yoast_head_json":{"title":"Novinky a\u00a0reference &#8226; Casale","description":"Sledujte aktu\u00e1ln\u00ed informace o\u00a0nejnov\u011bj\u0161\u00edch inovac\u00edch a\u00a0ud\u00e1lostech spole\u010dnosti Casale v\u00a0chemick\u00e9m pr\u016fmyslu. Zjist\u011bte, jak prokop\u00e1v\u00e1me cestu k\u00a0udr\u017eiteln\u00fdm \u0159e\u0161en\u00edm a\u00a0technologick\u00e9mu pokroku pro zelen\u011bj\u0161\u00ed budoucnost.","robots":{"index":"index","follow":"follow","max-snippet":"max-snippet:-1","max-image-preview":"max-image-preview:large","max-video-preview":"max-video-preview:-1"},"canonical":"https:\/\/casale.ch\/cs\/novinky-a-reference\/","og_locale":"cs_CZ","og_type":"article","og_title":"Novinky a\u00a0reference &#8226; Casale","og_description":"Sledujte aktu\u00e1ln\u00ed informace o\u00a0nejnov\u011bj\u0161\u00edch inovac\u00edch a\u00a0ud\u00e1lostech spole\u010dnosti Casale v\u00a0chemick\u00e9m pr\u016fmyslu. Zjist\u011bte, jak prokop\u00e1v\u00e1me cestu k\u00a0udr\u017eiteln\u00fdm \u0159e\u0161en\u00edm a\u00a0technologick\u00e9mu pokroku pro zelen\u011bj\u0161\u00ed budoucnost.","og_url":"https:\/\/casale.ch\/cs\/novinky-a-reference\/","og_site_name":"Casale","article_modified_time":"2025-05-13T09:23:12+00:00","og_image":[{"width":1600,"height":712,"url":"https:\/\/casale.ch\/wp-content\/uploads\/2024\/02\/casale.jpg","type":"image\/jpeg"}],"twitter_card":"summary_large_image","twitter_misc":{"Odhadovan\u00e1 doba \u010dten\u00ed":"4 minuty"},"schema":{"@context":"https:\/\/schema.org","@graph":[{"@type":"WebPage","@id":"https:\/\/casale.ch\/cs\/novinky-a-reference\/","url":"https:\/\/casale.ch\/cs\/novinky-a-reference\/","name":"Novinky a\u00a0reference &#8226; Casale","isPartOf":{"@id":"https:\/\/casale.ch\/cs\/#website"},"datePublished":"2023-09-06T08:24:04+00:00","dateModified":"2025-05-13T09:23:12+00:00","description":"Sledujte aktu\u00e1ln\u00ed informace o\u00a0nejnov\u011bj\u0161\u00edch inovac\u00edch a\u00a0ud\u00e1lostech spole\u010dnosti Casale v\u00a0chemick\u00e9m pr\u016fmyslu. Zjist\u011bte, jak prokop\u00e1v\u00e1me cestu k\u00a0udr\u017eiteln\u00fdm \u0159e\u0161en\u00edm a\u00a0technologick\u00e9mu pokroku pro zelen\u011bj\u0161\u00ed budoucnost.","breadcrumb":{"@id":"https:\/\/casale.ch\/cs\/novinky-a-reference\/#breadcrumb"},"inLanguage":"cs","potentialAction":[{"@type":"ReadAction","target":["https:\/\/casale.ch\/cs\/novinky-a-reference\/"]}]},{"@type":"BreadcrumbList","@id":"https:\/\/casale.ch\/cs\/novinky-a-reference\/#breadcrumb","itemListElement":[{"@type":"ListItem","position":1,"name":"Home","item":"https:\/\/casale.ch\/cs\/"},{"@type":"ListItem","position":2,"name":"Novinky a\u00a0reference"}]},{"@type":"WebSite","@id":"https:\/\/casale.ch\/cs\/#website","url":"https:\/\/casale.ch\/cs\/","name":"Casale","description":"Together for a new planet","publisher":{"@id":"https:\/\/casale.ch\/cs\/#organization"},"potentialAction":[{"@type":"SearchAction","target":{"@type":"EntryPoint","urlTemplate":"https:\/\/casale.ch\/cs\/?s={search_term_string}"},"query-input":{"@type":"PropertyValueSpecification","valueRequired":true,"valueName":"search_term_string"}}],"inLanguage":"cs"},{"@type":"Organization","@id":"https:\/\/casale.ch\/cs\/#organization","name":"Casale","url":"https:\/\/casale.ch\/cs\/","logo":{"@type":"ImageObject","inLanguage":"cs","@id":"https:\/\/casale.ch\/cs\/#\/schema\/logo\/image\/","url":"https:\/\/casale.ch\/wp-content\/uploads\/2023\/08\/logo_casale.svg","contentUrl":"https:\/\/casale.ch\/wp-content\/uploads\/2023\/08\/logo_casale.svg","width":1,"height":1,"caption":"Casale"},"image":{"@id":"https:\/\/casale.ch\/cs\/#\/schema\/logo\/image\/"}}]}},"_links":{"self":[{"href":"https:\/\/casale.ch\/cs\/wp-json\/wp\/v2\/pages\/10323","targetHints":{"allow":["GET"]}}],"collection":[{"href":"https:\/\/casale.ch\/cs\/wp-json\/wp\/v2\/pages"}],"about":[{"href":"https:\/\/casale.ch\/cs\/wp-json\/wp\/v2\/types\/page"}],"author":[{"embeddable":true,"href":"https:\/\/casale.ch\/cs\/wp-json\/wp\/v2\/users\/1"}],"replies":[{"embeddable":true,"href":"https:\/\/casale.ch\/cs\/wp-json\/wp\/v2\/comments?post=10323"}],"version-history":[{"count":1,"href":"https:\/\/casale.ch\/cs\/wp-json\/wp\/v2\/pages\/10323\/revisions"}],"predecessor-version":[{"id":10344,"href":"https:\/\/casale.ch\/cs\/wp-json\/wp\/v2\/pages\/10323\/revisions\/10344"}],"wp:attachment":[{"href":"https:\/\/casale.ch\/cs\/wp-json\/wp\/v2\/media?parent=10323"}],"curies":[{"name":"wp","href":"https:\/\/api.w.org\/{rel}","templated":true}]}}