{"id":10371,"date":"2023-09-25T11:34:11","date_gmt":"2023-09-25T09:34:11","guid":{"rendered":"https:\/\/casale.ch\/kontakty\/"},"modified":"2025-05-13T11:23:21","modified_gmt":"2025-05-13T09:23:21","slug":"kontakty","status":"publish","type":"page","link":"https:\/\/casale.ch\/cs\/kontakty\/","title":{"rendered":"Kontakty"},"content":{"rendered":"[vc_row type=&#8220;in_container&#8220; full_screen_row_position=&#8220;middle&#8220; column_margin=&#8220;default&#8220; column_direction=&#8220;default&#8220; column_direction_tablet=&#8220;default&#8220; column_direction_phone=&#8220;default&#8220; scene_position=&#8220;center&#8220; text_color=&#8220;dark&#8220; text_align=&#8220;left&#8220; row_border_radius=&#8220;none&#8220; row_border_radius_applies=&#8220;bg&#8220; overflow=&#8220;visible&#8220; id=&#8220;section_hero_contacts&#8220; overlay_strength=&#8220;0.3&#8243; gradient_direction=&#8220;left_to_right&#8220; shape_divider_position=&#8220;bottom&#8220; bg_image_animation=&#8220;none&#8220; gradient_type=&#8220;default&#8220; shape_type=&#8220;&#8220;][vc_column column_padding=&#8220;no-extra-padding&#8220; column_padding_tablet=&#8220;inherit&#8220; column_padding_phone=&#8220;inherit&#8220; column_padding_position=&#8220;all&#8220; column_element_direction_desktop=&#8220;default&#8220; column_element_spacing=&#8220;default&#8220; desktop_text_alignment=&#8220;default&#8220; tablet_text_alignment=&#8220;default&#8220; phone_text_alignment=&#8220;default&#8220; background_color_opacity=&#8220;1&#8243; background_hover_color_opacity=&#8220;1&#8243; column_backdrop_filter=&#8220;none&#8220; column_shadow=&#8220;none&#8220; column_border_radius=&#8220;none&#8220; column_link_target=&#8220;_self&#8220; column_position=&#8220;default&#8220; el_class=&#8220;embed_caicon&#8220; gradient_direction=&#8220;left_to_right&#8220; overlay_strength=&#8220;0.3&#8243; width=&#8220;1\/2&#8243; tablet_width_inherit=&#8220;default&#8220; animation_type=&#8220;default&#8220; bg_image_animation=&#8220;none&#8220; border_type=&#8220;simple&#8220; column_border_width=&#8220;none&#8220; column_border_style=&#8220;solid&#8220; column_padding_type=&#8220;default&#8220; gradient_type=&#8220;default&#8220;][vc_column_text]\n<h1>Kontakt<\/h1>\n<h2>Pokud hled\u00e1te dal\u0161\u00ed informace, r\u00e1di v\u00e1m pom\u016f\u017eeme.<\/h2>\n[\/vc_column_text][image_with_animation image_url=&#8220;749&#8243; image_size=&#8220;full&#8220; animation_type=&#8220;entrance&#8220; animation=&#8220;None&#8220; animation_movement_type=&#8220;transform_y&#8220; hover_animation=&#8220;none&#8220; alignment=&#8220;&#8220; border_radius=&#8220;none&#8220; box_shadow=&#8220;none&#8220; image_loading=&#8220;default&#8220; max_width=&#8220;100%&#8220; max_width_mobile=&#8220;default&#8220; el_class=&#8220;hex_big&#8220;][image_with_animation image_url=&#8220;750&#8243; image_size=&#8220;full&#8220; animation_type=&#8220;entrance&#8220; animation=&#8220;None&#8220; animation_movement_type=&#8220;transform_y&#8220; hover_animation=&#8220;none&#8220; alignment=&#8220;&#8220; border_radius=&#8220;none&#8220; box_shadow=&#8220;none&#8220; image_loading=&#8220;default&#8220; max_width=&#8220;100%&#8220; max_width_mobile=&#8220;default&#8220; el_class=&#8220;hex_small&#8220;][\/vc_column][vc_column column_padding=&#8220;no-extra-padding&#8220; column_padding_tablet=&#8220;inherit&#8220; column_padding_phone=&#8220;inherit&#8220; column_padding_position=&#8220;all&#8220; column_element_direction_desktop=&#8220;default&#8220; column_element_spacing=&#8220;default&#8220; desktop_text_alignment=&#8220;default&#8220; tablet_text_alignment=&#8220;default&#8220; phone_text_alignment=&#8220;default&#8220; background_color_opacity=&#8220;1&#8243; background_hover_color_opacity=&#8220;1&#8243; column_backdrop_filter=&#8220;none&#8220; column_shadow=&#8220;none&#8220; column_border_radius=&#8220;none&#8220; column_link_target=&#8220;_self&#8220; column_position=&#8220;default&#8220; gradient_direction=&#8220;left_to_right&#8220; overlay_strength=&#8220;0.3&#8243; width=&#8220;1\/2&#8243; tablet_width_inherit=&#8220;default&#8220; animation_type=&#8220;default&#8220; bg_image_animation=&#8220;none&#8220; border_type=&#8220;simple&#8220; column_border_width=&#8220;none&#8220; column_border_style=&#8220;solid&#8220;][vc_raw_html]W3h5ei1pcHMgc25pcHBldD0ic2FsZXNmb3JjZS1mb3JtIl0=[\/vc_raw_html][\/vc_column][\/vc_row][vc_row type=&#8220;full_width_content&#8220; full_screen_row_position=&#8220;middle&#8220; column_margin=&#8220;default&#8220; column_direction=&#8220;default&#8220; column_direction_tablet=&#8220;default&#8220; column_direction_phone=&#8220;default&#8220; bg_color=&#8220;#f8f8f8&#8243; scene_position=&#8220;center&#8220; text_color=&#8220;dark&#8220; text_align=&#8220;left&#8220; row_border_radius=&#8220;none&#8220; row_border_radius_applies=&#8220;bg&#8220; overflow=&#8220;visible&#8220; id=&#8220;section_contacts&#8220; overlay_strength=&#8220;0.3&#8243; gradient_direction=&#8220;left_to_right&#8220; shape_divider_position=&#8220;bottom&#8220; bg_image_animation=&#8220;none&#8220; gradient_type=&#8220;default&#8220; shape_type=&#8220;&#8220;][vc_column column_padding=&#8220;no-extra-padding&#8220; column_padding_tablet=&#8220;inherit&#8220; column_padding_phone=&#8220;inherit&#8220; column_padding_position=&#8220;all&#8220; column_element_direction_desktop=&#8220;default&#8220; column_element_spacing=&#8220;default&#8220; desktop_text_alignment=&#8220;default&#8220; tablet_text_alignment=&#8220;default&#8220; phone_text_alignment=&#8220;default&#8220; background_color_opacity=&#8220;1&#8243; background_hover_color_opacity=&#8220;1&#8243; column_backdrop_filter=&#8220;none&#8220; column_shadow=&#8220;none&#8220; column_border_radius=&#8220;none&#8220; column_link_target=&#8220;_self&#8220; column_position=&#8220;default&#8220; el_class=&#8220;triangoli&#8220; gradient_direction=&#8220;left_to_right&#8220; overlay_strength=&#8220;0.3&#8243; width=&#8220;1\/2&#8243; tablet_width_inherit=&#8220;default&#8220; animation_type=&#8220;default&#8220; bg_image_animation=&#8220;none&#8220; border_type=&#8220;simple&#8220; column_border_width=&#8220;none&#8220; column_border_style=&#8220;solid&#8220; column_padding_type=&#8220;default&#8220; gradient_type=&#8220;default&#8220;][image_with_animation image_url=&#8220;2247&#8243; image_size=&#8220;full&#8220; animation_type=&#8220;entrance&#8220; animation=&#8220;None&#8220; animation_movement_type=&#8220;transform_y&#8220; hover_animation=&#8220;none&#8220; alignment=&#8220;&#8220; border_radius=&#8220;none&#8220; box_shadow=&#8220;none&#8220; image_loading=&#8220;default&#8220; max_width=&#8220;100%&#8220; max_width_mobile=&#8220;default&#8220;][\/vc_column][vc_column column_padding=&#8220;no-extra-padding&#8220; column_padding_tablet=&#8220;inherit&#8220; column_padding_phone=&#8220;inherit&#8220; column_padding_position=&#8220;all&#8220; column_element_direction_desktop=&#8220;default&#8220; column_element_spacing=&#8220;default&#8220; desktop_text_alignment=&#8220;default&#8220; tablet_text_alignment=&#8220;default&#8220; phone_text_alignment=&#8220;default&#8220; background_color_opacity=&#8220;1&#8243; background_hover_color_opacity=&#8220;1&#8243; column_backdrop_filter=&#8220;none&#8220; column_shadow=&#8220;none&#8220; column_border_radius=&#8220;none&#8220; column_link_target=&#8220;_self&#8220; column_position=&#8220;default&#8220; gradient_direction=&#8220;left_to_right&#8220; overlay_strength=&#8220;0.3&#8243; width=&#8220;1\/2&#8243; tablet_width_inherit=&#8220;default&#8220; animation_type=&#8220;default&#8220; bg_image_animation=&#8220;none&#8220; border_type=&#8220;simple&#8220; column_border_width=&#8220;none&#8220; column_border_style=&#8220;solid&#8220;][vc_column_text]\n<h2 class=\"big_h1\">S\u00eddlo Casale\u00a0SA<\/h2>\n[\/vc_column_text][vc_row_inner column_margin=&#8220;default&#8220; column_direction=&#8220;default&#8220; column_direction_tablet=&#8220;default&#8220; column_direction_phone=&#8220;default&#8220; text_align=&#8220;left&#8220; row_position=&#8220;default&#8220; row_position_tablet=&#8220;inherit&#8220; row_position_phone=&#8220;inherit&#8220; overflow=&#8220;visible&#8220; pointer_events=&#8220;all&#8220;][vc_column_inner column_padding=&#8220;no-extra-padding&#8220; column_padding_tablet=&#8220;inherit&#8220; column_padding_phone=&#8220;inherit&#8220; column_padding_position=&#8220;all&#8220; column_element_direction_desktop=&#8220;default&#8220; column_element_spacing=&#8220;default&#8220; desktop_text_alignment=&#8220;default&#8220; tablet_text_alignment=&#8220;default&#8220; phone_text_alignment=&#8220;default&#8220; background_color_opacity=&#8220;1&#8243; background_hover_color_opacity=&#8220;1&#8243; column_backdrop_filter=&#8220;none&#8220; column_shadow=&#8220;none&#8220; column_border_radius=&#8220;none&#8220; column_link_target=&#8220;_self&#8220; overflow=&#8220;visible&#8220; gradient_direction=&#8220;left_to_right&#8220; overlay_strength=&#8220;0.3&#8243; width=&#8220;1\/2&#8243; tablet_width_inherit=&#8220;default&#8220; animation_type=&#8220;default&#8220; bg_image_animation=&#8220;none&#8220; border_type=&#8220;simple&#8220; column_border_width=&#8220;none&#8220; column_border_style=&#8220;solid&#8220;][vc_column_text]\n<h3>Adresa<\/h3>\n<p>Via Giulio Pocobelli,\u00a06<br \/>\n6900\u00a0Lugano<br \/>\n\u0160v\u00fdcarsko<\/p>\n[\/vc_column_text][\/vc_column_inner][vc_column_inner column_padding=&#8220;no-extra-padding&#8220; column_padding_tablet=&#8220;inherit&#8220; column_padding_phone=&#8220;inherit&#8220; column_padding_position=&#8220;all&#8220; column_element_direction_desktop=&#8220;default&#8220; column_element_spacing=&#8220;default&#8220; desktop_text_alignment=&#8220;default&#8220; tablet_text_alignment=&#8220;default&#8220; phone_text_alignment=&#8220;default&#8220; background_color_opacity=&#8220;1&#8243; background_hover_color_opacity=&#8220;1&#8243; column_backdrop_filter=&#8220;none&#8220; column_shadow=&#8220;none&#8220; column_border_radius=&#8220;none&#8220; column_link_target=&#8220;_self&#8220; overflow=&#8220;visible&#8220; gradient_direction=&#8220;left_to_right&#8220; overlay_strength=&#8220;0.3&#8243; width=&#8220;1\/2&#8243; tablet_width_inherit=&#8220;default&#8220; animation_type=&#8220;default&#8220; bg_image_animation=&#8220;none&#8220; border_type=&#8220;simple&#8220; column_border_width=&#8220;none&#8220; column_border_style=&#8220;solid&#8220;][vc_column_text]\n<h3>Spojen\u00ed<\/h3>\n<p>Telefon <a href=\"tel:+41916419200\">+41\u00a091\u00a0641\u00a092\u00a000<\/a><br \/>\nFax <a href=\"tel:+41916419291\">+41\u00a091\u00a0641\u00a092\u00a091<\/a><br \/>\n<!-- <a href=\"mailto:info@casale.ch\">info@casale.ch<\/a> --><\/p>\n[\/vc_column_text][\/vc_column_inner][\/vc_row_inner][\/vc_column][\/vc_row][vc_row type=&#8220;in_container&#8220; full_screen_row_position=&#8220;middle&#8220; column_margin=&#8220;default&#8220; equal_height=&#8220;yes&#8220; content_placement=&#8220;middle&#8220; column_direction=&#8220;default&#8220; column_direction_tablet=&#8220;default&#8220; column_direction_phone=&#8220;default&#8220; scene_position=&#8220;center&#8220; bottom_padding=&#8220;80px&#8220; text_color=&#8220;dark&#8220; text_align=&#8220;left&#8220; row_border_radius=&#8220;none&#8220; row_border_radius_applies=&#8220;bg&#8220; overflow=&#8220;visible&#8220; id=&#8220;section_network&#8220; overlay_strength=&#8220;0.3&#8243; gradient_direction=&#8220;left_to_right&#8220; shape_divider_position=&#8220;bottom&#8220; bg_image_animation=&#8220;none&#8220; gradient_type=&#8220;default&#8220; shape_type=&#8220;&#8220;][vc_column column_padding=&#8220;no-extra-padding&#8220; column_padding_tablet=&#8220;inherit&#8220; column_padding_phone=&#8220;inherit&#8220; column_padding_position=&#8220;all&#8220; column_element_direction_desktop=&#8220;default&#8220; column_element_spacing=&#8220;default&#8220; desktop_text_alignment=&#8220;default&#8220; tablet_text_alignment=&#8220;default&#8220; phone_text_alignment=&#8220;default&#8220; background_color_opacity=&#8220;1&#8243; background_hover_color_opacity=&#8220;1&#8243; column_backdrop_filter=&#8220;none&#8220; column_shadow=&#8220;none&#8220; column_border_radius=&#8220;none&#8220; column_link_target=&#8220;_self&#8220; column_position=&#8220;default&#8220; gradient_direction=&#8220;left_to_right&#8220; overlay_strength=&#8220;0.3&#8243; width=&#8220;1\/2&#8243; tablet_width_inherit=&#8220;default&#8220; animation_type=&#8220;default&#8220; bg_image_animation=&#8220;none&#8220; border_type=&#8220;simple&#8220; column_border_width=&#8220;none&#8220; column_border_style=&#8220;solid&#8220;][vc_column_text]\n<h2 class=\"big_h1\">Na\u0161e s\u00ed\u0165<\/h2>\n[\/vc_column_text][\/vc_column][vc_column column_padding=&#8220;no-extra-padding&#8220; column_padding_tablet=&#8220;inherit&#8220; column_padding_phone=&#8220;inherit&#8220; column_padding_position=&#8220;all&#8220; column_element_direction_desktop=&#8220;default&#8220; column_element_spacing=&#8220;default&#8220; desktop_text_alignment=&#8220;default&#8220; tablet_text_alignment=&#8220;default&#8220; phone_text_alignment=&#8220;default&#8220; background_color_opacity=&#8220;1&#8243; background_hover_color_opacity=&#8220;1&#8243; column_backdrop_filter=&#8220;none&#8220; column_shadow=&#8220;none&#8220; column_border_radius=&#8220;none&#8220; column_link_target=&#8220;_self&#8220; column_position=&#8220;default&#8220; gradient_direction=&#8220;left_to_right&#8220; overlay_strength=&#8220;0.3&#8243; width=&#8220;1\/2&#8243; tablet_width_inherit=&#8220;default&#8220; animation_type=&#8220;default&#8220; bg_image_animation=&#8220;none&#8220; border_type=&#8220;simple&#8220; column_border_width=&#8220;none&#8220; column_border_style=&#8220;solid&#8220;][vc_raw_html]PGEgaHJlZj0iaHR0cHM6Ly9jYXNhbGUuY2gvYWJvdXQvI3NlY3Rpb25fbWFwcyIgY2xhc3M9ImJ0bl9tYWluIGJsdSI+CiAgICA8ZGl2PgogICAgICAgIDxzcGFuPkNhc2FsZSB2ZSBzdsSbdMSbPHN2ZyB4bWxucz0iaHR0cDovL3d3dy53My5vcmcvMjAwMC9zdmciIHdpZHRoPSIxNiIgaGVpZ2h0PSIxNiIgdmlld0JveD0iMCAwIDE2IDE2IiBmaWxsPSJub25lIj4KICAgICAgICAgICAgICAgIDxwYXRoIGQ9Ik04Ljc3Nzk0IDRMMTIuNjY2OCA4TTEyLjY2NjggOEw4Ljc3Nzk0IDEyTTEyLjY2NjggOEwzLjMzMzUgOCIgc3Ryb2tlPSIjMDA1QjlFIiBzdHJva2Utd2lkdGg9IjEuNSIgc3Ryb2tlLWxpbmVjYXA9InJvdW5kIiBzdHJva2UtbGluZWpvaW49InJvdW5kIj48L3BhdGg+CiAgICAgICAgICAgIDwvc3ZnPjwvc3Bhbj4KICAgICAgICA8c3Bhbj5DYXNhbGUgdmUgc3bEm3TEmzxzdmcgeG1sbnM9Imh0dHA6Ly93d3cudzMub3JnLzIwMDAvc3ZnIiB3aWR0aD0iMTYiIGhlaWdodD0iMTYiIHZpZXdCb3g9IjAgMCAxNiAxNiIgZmlsbD0ibm9uZSI+CiAgICAgICAgICAgICAgICA8cGF0aCBkPSJNOC43Nzc5NCA0TDEyLjY2NjggOE0xMi42NjY4IDhMOC43Nzc5NCAxMk0xMi42NjY4IDhMMy4zMzM1IDgiIHN0cm9rZT0iI2ZmZmZmZiIgc3Ryb2tlLXdpZHRoPSIxLjUiIHN0cm9rZS1saW5lY2FwPSJyb3VuZCIgc3Ryb2tlLWxpbmVqb2luPSJyb3VuZCI+PC9wYXRoPgogICAgICAgICAgICA8L3N2Zz48L3NwYW4+CiAgICA8L2Rpdj4KPC9hPg==[\/vc_raw_html][\/vc_column][\/vc_row]\n","protected":false},"excerpt":{"rendered":"<p>[vc_row type=&#8220;in_container&#8220; full_screen_row_position=&#8220;middle&#8220; column_margin=&#8220;default&#8220; column_direction=&#8220;default&#8220; column_direction_tablet=&#8220;default&#8220; column_direction_phone=&#8220;default&#8220; scene_position=&#8220;center&#8220; text_color=&#8220;dark&#8220; text_align=&#8220;left&#8220; row_border_radius=&#8220;none&#8220; row_border_radius_applies=&#8220;bg&#8220; overflow=&#8220;visible&#8220; id=&#8220;section_hero_contacts&#8220; overlay_strength=&#8220;0.3&#8243; gradient_direction=&#8220;left_to_right&#8220; shape_divider_position=&#8220;bottom&#8220; bg_image_animation=&#8220;none&#8220; gradient_type=&#8220;default&#8220; shape_type=&#8220;&#8220;][vc_column column_padding=&#8220;no-extra-padding&#8220; column_padding_tablet=&#8220;inherit&#8220; column_padding_phone=&#8220;inherit&#8220; column_padding_position=&#8220;all&#8220; column_element_direction_desktop=&#8220;default&#8220; column_element_spacing=&#8220;default&#8220; desktop_text_alignment=&#8220;default&#8220; tablet_text_alignment=&#8220;default&#8220; phone_text_alignment=&#8220;default&#8220; background_color_opacity=&#8220;1&#8243;&#8230;<\/p>\n","protected":false},"author":1,"featured_media":0,"parent":0,"menu_order":61,"comment_status":"closed","ping_status":"closed","template":"","meta":{"_acf_changed":false,"inline_featured_image":false,"footnotes":""},"class_list":["post-10371","page","type-page","status-publish"],"acf":[],"yoast_head":"<!-- This site is optimized with the Yoast SEO plugin v27.1.1 - https:\/\/yoast.com\/product\/yoast-seo-wordpress\/ -->\n<title>Kontakty &#8226; Casale<\/title>\n<meta name=\"description\" content=\"Spojte se s\u00a0Casale ohledn\u011b obchodn\u00edch p\u0159\u00edle\u017eitost\u00ed, technick\u00e9 podpory a\u00a0nav\u00e1z\u00e1n\u00ed partnerstv\u00ed. Nav\u0161tivte na\u0161i kontaktn\u00ed str\u00e1nku a\u00a0obra\u0165te se na glob\u00e1ln\u00ed s\u00ed\u0165 spole\u010dnosti Casale se v\u0161emi pot\u0159ebami v\u00a0chemick\u00e9m pr\u016fmyslu.\" \/>\n<meta name=\"robots\" content=\"index, follow, max-snippet:-1, max-image-preview:large, max-video-preview:-1\" \/>\n<link rel=\"canonical\" href=\"https:\/\/casale.ch\/cs\/kontakty\/\" \/>\n<meta property=\"og:locale\" content=\"cs_CZ\" \/>\n<meta property=\"og:type\" content=\"article\" \/>\n<meta property=\"og:title\" content=\"Kontakty &#8226; Casale\" \/>\n<meta property=\"og:description\" content=\"Spojte se s\u00a0Casale ohledn\u011b obchodn\u00edch p\u0159\u00edle\u017eitost\u00ed, technick\u00e9 podpory a\u00a0nav\u00e1z\u00e1n\u00ed partnerstv\u00ed. Nav\u0161tivte na\u0161i kontaktn\u00ed str\u00e1nku a\u00a0obra\u0165te se na glob\u00e1ln\u00ed s\u00ed\u0165 spole\u010dnosti Casale se v\u0161emi pot\u0159ebami v\u00a0chemick\u00e9m pr\u016fmyslu.\" \/>\n<meta property=\"og:url\" content=\"https:\/\/casale.ch\/cs\/kontakty\/\" \/>\n<meta property=\"og:site_name\" content=\"Casale\" \/>\n<meta property=\"article:modified_time\" content=\"2025-05-13T09:23:21+00:00\" \/>\n<meta property=\"og:image\" content=\"https:\/\/casale.ch\/wp-content\/uploads\/2024\/02\/casale.jpg\" \/>\n\t<meta property=\"og:image:width\" content=\"1600\" \/>\n\t<meta property=\"og:image:height\" content=\"712\" \/>\n\t<meta property=\"og:image:type\" content=\"image\/jpeg\" \/>\n<meta name=\"twitter:card\" content=\"summary_large_image\" \/>\n<meta name=\"twitter:label1\" content=\"Odhadovan\u00e1 doba \u010dten\u00ed\" \/>\n\t<meta name=\"twitter:data1\" content=\"7 minut\" \/>\n<script type=\"application\/ld+json\" class=\"yoast-schema-graph\">{\"@context\":\"https:\/\/schema.org\",\"@graph\":[{\"@type\":\"WebPage\",\"@id\":\"https:\/\/casale.ch\/cs\/kontakty\/\",\"url\":\"https:\/\/casale.ch\/cs\/kontakty\/\",\"name\":\"Kontakty &#8226; Casale\",\"isPartOf\":{\"@id\":\"https:\/\/casale.ch\/cs\/#website\"},\"datePublished\":\"2023-09-25T09:34:11+00:00\",\"dateModified\":\"2025-05-13T09:23:21+00:00\",\"description\":\"Spojte se s\u00a0Casale ohledn\u011b obchodn\u00edch p\u0159\u00edle\u017eitost\u00ed, technick\u00e9 podpory a\u00a0nav\u00e1z\u00e1n\u00ed partnerstv\u00ed. Nav\u0161tivte na\u0161i kontaktn\u00ed str\u00e1nku a\u00a0obra\u0165te se na glob\u00e1ln\u00ed s\u00ed\u0165 spole\u010dnosti Casale se v\u0161emi pot\u0159ebami v\u00a0chemick\u00e9m pr\u016fmyslu.\",\"breadcrumb\":{\"@id\":\"https:\/\/casale.ch\/cs\/kontakty\/#breadcrumb\"},\"inLanguage\":\"cs\",\"potentialAction\":[{\"@type\":\"ReadAction\",\"target\":[\"https:\/\/casale.ch\/cs\/kontakty\/\"]}]},{\"@type\":\"BreadcrumbList\",\"@id\":\"https:\/\/casale.ch\/cs\/kontakty\/#breadcrumb\",\"itemListElement\":[{\"@type\":\"ListItem\",\"position\":1,\"name\":\"Home\",\"item\":\"https:\/\/casale.ch\/cs\/\"},{\"@type\":\"ListItem\",\"position\":2,\"name\":\"Kontakty\"}]},{\"@type\":\"WebSite\",\"@id\":\"https:\/\/casale.ch\/cs\/#website\",\"url\":\"https:\/\/casale.ch\/cs\/\",\"name\":\"Casale\",\"description\":\"Together for a new planet\",\"publisher\":{\"@id\":\"https:\/\/casale.ch\/cs\/#organization\"},\"potentialAction\":[{\"@type\":\"SearchAction\",\"target\":{\"@type\":\"EntryPoint\",\"urlTemplate\":\"https:\/\/casale.ch\/cs\/?s={search_term_string}\"},\"query-input\":{\"@type\":\"PropertyValueSpecification\",\"valueRequired\":true,\"valueName\":\"search_term_string\"}}],\"inLanguage\":\"cs\"},{\"@type\":\"Organization\",\"@id\":\"https:\/\/casale.ch\/cs\/#organization\",\"name\":\"Casale\",\"url\":\"https:\/\/casale.ch\/cs\/\",\"logo\":{\"@type\":\"ImageObject\",\"inLanguage\":\"cs\",\"@id\":\"https:\/\/casale.ch\/cs\/#\/schema\/logo\/image\/\",\"url\":\"https:\/\/casale.ch\/wp-content\/uploads\/2023\/08\/logo_casale.svg\",\"contentUrl\":\"https:\/\/casale.ch\/wp-content\/uploads\/2023\/08\/logo_casale.svg\",\"width\":1,\"height\":1,\"caption\":\"Casale\"},\"image\":{\"@id\":\"https:\/\/casale.ch\/cs\/#\/schema\/logo\/image\/\"}}]}<\/script>\n<!-- \/ Yoast SEO plugin. -->","yoast_head_json":{"title":"Kontakty &#8226; Casale","description":"Spojte se s\u00a0Casale ohledn\u011b obchodn\u00edch p\u0159\u00edle\u017eitost\u00ed, technick\u00e9 podpory a\u00a0nav\u00e1z\u00e1n\u00ed partnerstv\u00ed. Nav\u0161tivte na\u0161i kontaktn\u00ed str\u00e1nku a\u00a0obra\u0165te se na glob\u00e1ln\u00ed s\u00ed\u0165 spole\u010dnosti Casale se v\u0161emi pot\u0159ebami v\u00a0chemick\u00e9m pr\u016fmyslu.","robots":{"index":"index","follow":"follow","max-snippet":"max-snippet:-1","max-image-preview":"max-image-preview:large","max-video-preview":"max-video-preview:-1"},"canonical":"https:\/\/casale.ch\/cs\/kontakty\/","og_locale":"cs_CZ","og_type":"article","og_title":"Kontakty &#8226; Casale","og_description":"Spojte se s\u00a0Casale ohledn\u011b obchodn\u00edch p\u0159\u00edle\u017eitost\u00ed, technick\u00e9 podpory a\u00a0nav\u00e1z\u00e1n\u00ed partnerstv\u00ed. Nav\u0161tivte na\u0161i kontaktn\u00ed str\u00e1nku a\u00a0obra\u0165te se na glob\u00e1ln\u00ed s\u00ed\u0165 spole\u010dnosti Casale se v\u0161emi pot\u0159ebami v\u00a0chemick\u00e9m pr\u016fmyslu.","og_url":"https:\/\/casale.ch\/cs\/kontakty\/","og_site_name":"Casale","article_modified_time":"2025-05-13T09:23:21+00:00","og_image":[{"width":1600,"height":712,"url":"https:\/\/casale.ch\/wp-content\/uploads\/2024\/02\/casale.jpg","type":"image\/jpeg"}],"twitter_card":"summary_large_image","twitter_misc":{"Odhadovan\u00e1 doba \u010dten\u00ed":"7 minut"},"schema":{"@context":"https:\/\/schema.org","@graph":[{"@type":"WebPage","@id":"https:\/\/casale.ch\/cs\/kontakty\/","url":"https:\/\/casale.ch\/cs\/kontakty\/","name":"Kontakty &#8226; Casale","isPartOf":{"@id":"https:\/\/casale.ch\/cs\/#website"},"datePublished":"2023-09-25T09:34:11+00:00","dateModified":"2025-05-13T09:23:21+00:00","description":"Spojte se s\u00a0Casale ohledn\u011b obchodn\u00edch p\u0159\u00edle\u017eitost\u00ed, technick\u00e9 podpory a\u00a0nav\u00e1z\u00e1n\u00ed partnerstv\u00ed. Nav\u0161tivte na\u0161i kontaktn\u00ed str\u00e1nku a\u00a0obra\u0165te se na glob\u00e1ln\u00ed s\u00ed\u0165 spole\u010dnosti Casale se v\u0161emi pot\u0159ebami v\u00a0chemick\u00e9m pr\u016fmyslu.","breadcrumb":{"@id":"https:\/\/casale.ch\/cs\/kontakty\/#breadcrumb"},"inLanguage":"cs","potentialAction":[{"@type":"ReadAction","target":["https:\/\/casale.ch\/cs\/kontakty\/"]}]},{"@type":"BreadcrumbList","@id":"https:\/\/casale.ch\/cs\/kontakty\/#breadcrumb","itemListElement":[{"@type":"ListItem","position":1,"name":"Home","item":"https:\/\/casale.ch\/cs\/"},{"@type":"ListItem","position":2,"name":"Kontakty"}]},{"@type":"WebSite","@id":"https:\/\/casale.ch\/cs\/#website","url":"https:\/\/casale.ch\/cs\/","name":"Casale","description":"Together for a new planet","publisher":{"@id":"https:\/\/casale.ch\/cs\/#organization"},"potentialAction":[{"@type":"SearchAction","target":{"@type":"EntryPoint","urlTemplate":"https:\/\/casale.ch\/cs\/?s={search_term_string}"},"query-input":{"@type":"PropertyValueSpecification","valueRequired":true,"valueName":"search_term_string"}}],"inLanguage":"cs"},{"@type":"Organization","@id":"https:\/\/casale.ch\/cs\/#organization","name":"Casale","url":"https:\/\/casale.ch\/cs\/","logo":{"@type":"ImageObject","inLanguage":"cs","@id":"https:\/\/casale.ch\/cs\/#\/schema\/logo\/image\/","url":"https:\/\/casale.ch\/wp-content\/uploads\/2023\/08\/logo_casale.svg","contentUrl":"https:\/\/casale.ch\/wp-content\/uploads\/2023\/08\/logo_casale.svg","width":1,"height":1,"caption":"Casale"},"image":{"@id":"https:\/\/casale.ch\/cs\/#\/schema\/logo\/image\/"}}]}},"_links":{"self":[{"href":"https:\/\/casale.ch\/cs\/wp-json\/wp\/v2\/pages\/10371","targetHints":{"allow":["GET"]}}],"collection":[{"href":"https:\/\/casale.ch\/cs\/wp-json\/wp\/v2\/pages"}],"about":[{"href":"https:\/\/casale.ch\/cs\/wp-json\/wp\/v2\/types\/page"}],"author":[{"embeddable":true,"href":"https:\/\/casale.ch\/cs\/wp-json\/wp\/v2\/users\/1"}],"replies":[{"embeddable":true,"href":"https:\/\/casale.ch\/cs\/wp-json\/wp\/v2\/comments?post=10371"}],"version-history":[{"count":1,"href":"https:\/\/casale.ch\/cs\/wp-json\/wp\/v2\/pages\/10371\/revisions"}],"predecessor-version":[{"id":10387,"href":"https:\/\/casale.ch\/cs\/wp-json\/wp\/v2\/pages\/10371\/revisions\/10387"}],"wp:attachment":[{"href":"https:\/\/casale.ch\/cs\/wp-json\/wp\/v2\/media?parent=10371"}],"curies":[{"name":"wp","href":"https:\/\/api.w.org\/{rel}","templated":true}]}}