{"id":8229,"date":"2024-05-30T10:58:33","date_gmt":"2024-05-30T08:58:33","guid":{"rendered":"https:\/\/casale.ch\/kniha-o-cpavku\/"},"modified":"2025-05-13T10:51:08","modified_gmt":"2025-05-13T08:51:08","slug":"kniha-o-cpavku","status":"publish","type":"page","link":"https:\/\/casale.ch\/cs\/kniha-o-cpavku\/","title":{"rendered":"Kniha o\u00a0\u010dpavku"},"content":{"rendered":"[vc_row type=&#8220;full_width_content&#8220; full_screen_row_position=&#8220;middle&#8220; column_margin=&#8220;default&#8220; column_direction=&#8220;default&#8220; column_direction_tablet=&#8220;default&#8220; column_direction_phone=&#8220;default&#8220; full_height=&#8220;yes&#8220; scene_position=&#8220;center&#8220; text_color=&#8220;dark&#8220; text_align=&#8220;left&#8220; row_border_radius=&#8220;none&#8220; row_border_radius_applies=&#8220;bg&#8220; overflow=&#8220;visible&#8220; overlay_strength=&#8220;0.3&#8243; gradient_direction=&#8220;left_to_right&#8220; shape_divider_position=&#8220;bottom&#8220; bg_image_animation=&#8220;none&#8220; gradient_type=&#8220;default&#8220; shape_type=&#8220;&#8220;][vc_column column_padding=&#8220;no-extra-padding&#8220; column_padding_tablet=&#8220;inherit&#8220; column_padding_phone=&#8220;inherit&#8220; column_padding_position=&#8220;all&#8220; column_element_direction_desktop=&#8220;default&#8220; column_element_spacing=&#8220;default&#8220; desktop_text_alignment=&#8220;default&#8220; tablet_text_alignment=&#8220;default&#8220; phone_text_alignment=&#8220;default&#8220; background_color_opacity=&#8220;1&#8243; background_hover_color_opacity=&#8220;1&#8243; column_backdrop_filter=&#8220;none&#8220; column_shadow=&#8220;none&#8220; column_border_radius=&#8220;none&#8220; column_link_target=&#8220;_self&#8220; column_position=&#8220;default&#8220; gradient_direction=&#8220;left_to_right&#8220; overlay_strength=&#8220;0.3&#8243; width=&#8220;1\/1&#8243; tablet_width_inherit=&#8220;default&#8220; animation_type=&#8220;default&#8220; bg_image_animation=&#8220;none&#8220; border_type=&#8220;simple&#8220; column_border_width=&#8220;none&#8220; column_border_style=&#8220;solid&#8220;][vc_raw_html css=&#8220;&#8220;]PGRpdiBzdHlsZT0icG9zaXRpb246cmVsYXRpdmU7cGFkZGluZy10b3A6bWF4KDYwJSwzMjZweCk7aGVpZ2h0OjA7d2lkdGg6MTAwJSI+PGlmcmFtZSBhbGxvdz0iY2xpcGJvYXJkLXdyaXRlIiBzYW5kYm94PSJhbGxvdy10b3AtbmF2aWdhdGlvbiBhbGxvdy10b3AtbmF2aWdhdGlvbi1ieS11c2VyLWFjdGl2YXRpb24gYWxsb3ctZG93bmxvYWRzIGFsbG93LXNjcmlwdHMgYWxsb3ctc2FtZS1vcmlnaW4gYWxsb3ctcG9wdXBzIGFsbG93LW1vZGFscyBhbGxvdy1wb3B1cHMtdG8tZXNjYXBlLXNhbmRib3ggYWxsb3ctZm9ybXMiIGFsbG93ZnVsbHNjcmVlbj0idHJ1ZSIgc3R5bGU9InBvc2l0aW9uOmFic29sdXRlO2JvcmRlcjpub25lO3dpZHRoOjEwMCU7aGVpZ2h0OjEwMCU7bGVmdDowO3JpZ2h0OjA7dG9wOjA7Ym90dG9tOjA7IiBzcmM9Imh0dHBzOi8vZS5pc3N1dS5jb20vZW1iZWQuaHRtbD9kPTAxLWFtbW9uaWFfYm9va18yMDI0X3dlYiZoaWRlU2hhcmVCdXR0b249dHJ1ZSZ1PWNhc2FsZXNhIj48L2lmcmFtZT48L2Rpdj4=[\/vc_raw_html][vc_raw_html el_id=&#8220;back_buton&#8220;]PGEgaHJlZj0iaHR0cHM6Ly9jYXNhbGUuY2gvY3MvIiBjbGFzcz0iYnRuX21haW4gYmx1Ij4KICAgIDxkaXY+CiAgICAgICAgPHNwYW4+WnDEm3QgbmEgZG9tb3Zza291IHN0csOhbmt1PHN2ZyB4bWxucz0iaHR0cDovL3d3dy53My5vcmcvMjAwMC9zdmciIHdpZHRoPSIxNiIgaGVpZ2h0PSIxNiIgdmlld0JveD0iMCAwIDE2IDE2IiBmaWxsPSJub25lIj4KICAgICAgICAgICAgICAgIDxwYXRoIGQ9Ik04Ljc3Nzk0IDRMMTIuNjY2OCA4TTEyLjY2NjggOEw4Ljc3Nzk0IDEyTTEyLjY2NjggOEwzLjMzMzUgOCIgc3Ryb2tlPSIjMDA1QjlFIiBzdHJva2Utd2lkdGg9IjEuNSIgc3Ryb2tlLWxpbmVjYXA9InJvdW5kIiBzdHJva2UtbGluZWpvaW49InJvdW5kIiAvPgogICAgICAgICAgICA8L3N2Zz48L3NwYW4+CiAgICAgICAgPHNwYW4+WnDEm3QgbmEgZG9tb3Zza291IHN0csOhbmt1PHN2ZyB4bWxucz0iaHR0cDovL3d3dy53My5vcmcvMjAwMC9zdmciIHdpZHRoPSIxNiIgaGVpZ2h0PSIxNiIgdmlld0JveD0iMCAwIDE2IDE2IiBmaWxsPSJub25lIj4KICAgICAgICAgICAgICAgIDxwYXRoIGQ9Ik04Ljc3Nzk0IDRMMTIuNjY2OCA4TTEyLjY2NjggOEw4Ljc3Nzk0IDEyTTEyLjY2NjggOEwzLjMzMzUgOCIgc3Ryb2tlPSIjZmZmZmZmIiBzdHJva2Utd2lkdGg9IjEuNSIgc3Ryb2tlLWxpbmVjYXA9InJvdW5kIiBzdHJva2UtbGluZWpvaW49InJvdW5kIiAvPgogICAgICAgICAgICA8L3N2Zz48L3NwYW4+CiAgICA8L2Rpdj4KPC9hPg==[\/vc_raw_html][\/vc_column][\/vc_row]\n","protected":false},"excerpt":{"rendered":"<p>[vc_row type=&#8220;full_width_content&#8220; full_screen_row_position=&#8220;middle&#8220; column_margin=&#8220;default&#8220; column_direction=&#8220;default&#8220; column_direction_tablet=&#8220;default&#8220; column_direction_phone=&#8220;default&#8220; full_height=&#8220;yes&#8220; scene_position=&#8220;center&#8220; text_color=&#8220;dark&#8220; text_align=&#8220;left&#8220; row_border_radius=&#8220;none&#8220; row_border_radius_applies=&#8220;bg&#8220; overflow=&#8220;visible&#8220; overlay_strength=&#8220;0.3&#8243; gradient_direction=&#8220;left_to_right&#8220; shape_divider_position=&#8220;bottom&#8220; bg_image_animation=&#8220;none&#8220; gradient_type=&#8220;default&#8220; shape_type=&#8220;&#8220;][vc_column column_padding=&#8220;no-extra-padding&#8220; column_padding_tablet=&#8220;inherit&#8220; column_padding_phone=&#8220;inherit&#8220; column_padding_position=&#8220;all&#8220; column_element_direction_desktop=&#8220;default&#8220; column_element_spacing=&#8220;default&#8220; desktop_text_alignment=&#8220;default&#8220; tablet_text_alignment=&#8220;default&#8220; phone_text_alignment=&#8220;default&#8220; background_color_opacity=&#8220;1&#8243;&#8230;<\/p>\n","protected":false},"author":1,"featured_media":0,"parent":0,"menu_order":25,"comment_status":"closed","ping_status":"closed","template":"","meta":{"_acf_changed":false,"inline_featured_image":false,"footnotes":""},"class_list":["post-8229","page","type-page","status-publish"],"acf":[],"yoast_head":"<!-- This site is optimized with the Yoast SEO plugin v27.1.1 - https:\/\/yoast.com\/product\/yoast-seo-wordpress\/ -->\n<title>Kniha o\u00a0\u010dpavku &#8226; Casale<\/title>\n<meta name=\"description\" content=\"A global supplier of integrated technologies, engineering &amp; construction solutions operating in the chemical industry since more than 100 years and with an unwavering commitment to contribute to a more sustainable and greener future.\" \/>\n<meta name=\"robots\" content=\"index, follow, max-snippet:-1, max-image-preview:large, max-video-preview:-1\" \/>\n<link rel=\"canonical\" href=\"https:\/\/casale.ch\/cs\/kniha-o-cpavku\/\" \/>\n<meta property=\"og:locale\" content=\"cs_CZ\" \/>\n<meta property=\"og:type\" content=\"article\" \/>\n<meta property=\"og:title\" content=\"Kniha o\u00a0\u010dpavku &#8226; Casale\" \/>\n<meta property=\"og:description\" content=\"A global supplier of integrated technologies, engineering &amp; construction solutions operating in the chemical industry since more than 100 years and with an unwavering commitment to contribute to a more sustainable and greener future.\" \/>\n<meta property=\"og:url\" content=\"https:\/\/casale.ch\/cs\/kniha-o-cpavku\/\" \/>\n<meta property=\"og:site_name\" content=\"Casale\" \/>\n<meta property=\"article:modified_time\" content=\"2025-05-13T08:51:08+00:00\" \/>\n<meta property=\"og:image\" content=\"https:\/\/casale.ch\/wp-content\/uploads\/2024\/02\/casale.jpg\" \/>\n\t<meta property=\"og:image:width\" content=\"1600\" \/>\n\t<meta property=\"og:image:height\" content=\"712\" \/>\n\t<meta property=\"og:image:type\" content=\"image\/jpeg\" \/>\n<meta name=\"twitter:card\" content=\"summary_large_image\" \/>\n<meta name=\"twitter:label1\" content=\"Odhadovan\u00e1 doba \u010dten\u00ed\" \/>\n\t<meta name=\"twitter:data1\" content=\"2 minuty\" \/>\n<script type=\"application\/ld+json\" class=\"yoast-schema-graph\">{\"@context\":\"https:\/\/schema.org\",\"@graph\":[{\"@type\":\"WebPage\",\"@id\":\"https:\/\/casale.ch\/cs\/kniha-o-cpavku\/\",\"url\":\"https:\/\/casale.ch\/cs\/kniha-o-cpavku\/\",\"name\":\"Kniha o\u00a0\u010dpavku &#8226; Casale\",\"isPartOf\":{\"@id\":\"https:\/\/casale.ch\/cs\/#website\"},\"datePublished\":\"2024-05-30T08:58:33+00:00\",\"dateModified\":\"2025-05-13T08:51:08+00:00\",\"description\":\"A global supplier of integrated technologies, engineering & construction solutions operating in the chemical industry since more than 100 years and with an unwavering commitment to contribute to a more sustainable and greener future.\",\"breadcrumb\":{\"@id\":\"https:\/\/casale.ch\/cs\/kniha-o-cpavku\/#breadcrumb\"},\"inLanguage\":\"cs\",\"potentialAction\":[{\"@type\":\"ReadAction\",\"target\":[\"https:\/\/casale.ch\/cs\/kniha-o-cpavku\/\"]}]},{\"@type\":\"BreadcrumbList\",\"@id\":\"https:\/\/casale.ch\/cs\/kniha-o-cpavku\/#breadcrumb\",\"itemListElement\":[{\"@type\":\"ListItem\",\"position\":1,\"name\":\"Home\",\"item\":\"https:\/\/casale.ch\/cs\/\"},{\"@type\":\"ListItem\",\"position\":2,\"name\":\"Kniha o\u00a0\u010dpavku\"}]},{\"@type\":\"WebSite\",\"@id\":\"https:\/\/casale.ch\/cs\/#website\",\"url\":\"https:\/\/casale.ch\/cs\/\",\"name\":\"Casale\",\"description\":\"Together for a new planet\",\"publisher\":{\"@id\":\"https:\/\/casale.ch\/cs\/#organization\"},\"potentialAction\":[{\"@type\":\"SearchAction\",\"target\":{\"@type\":\"EntryPoint\",\"urlTemplate\":\"https:\/\/casale.ch\/cs\/?s={search_term_string}\"},\"query-input\":{\"@type\":\"PropertyValueSpecification\",\"valueRequired\":true,\"valueName\":\"search_term_string\"}}],\"inLanguage\":\"cs\"},{\"@type\":\"Organization\",\"@id\":\"https:\/\/casale.ch\/cs\/#organization\",\"name\":\"Casale\",\"url\":\"https:\/\/casale.ch\/cs\/\",\"logo\":{\"@type\":\"ImageObject\",\"inLanguage\":\"cs\",\"@id\":\"https:\/\/casale.ch\/cs\/#\/schema\/logo\/image\/\",\"url\":\"https:\/\/casale.ch\/wp-content\/uploads\/2023\/08\/logo_casale.svg\",\"contentUrl\":\"https:\/\/casale.ch\/wp-content\/uploads\/2023\/08\/logo_casale.svg\",\"width\":1,\"height\":1,\"caption\":\"Casale\"},\"image\":{\"@id\":\"https:\/\/casale.ch\/cs\/#\/schema\/logo\/image\/\"}}]}<\/script>\n<!-- \/ Yoast SEO plugin. -->","yoast_head_json":{"title":"Kniha o\u00a0\u010dpavku &#8226; Casale","description":"A global supplier of integrated technologies, engineering & construction solutions operating in the chemical industry since more than 100 years and with an unwavering commitment to contribute to a more sustainable and greener future.","robots":{"index":"index","follow":"follow","max-snippet":"max-snippet:-1","max-image-preview":"max-image-preview:large","max-video-preview":"max-video-preview:-1"},"canonical":"https:\/\/casale.ch\/cs\/kniha-o-cpavku\/","og_locale":"cs_CZ","og_type":"article","og_title":"Kniha o\u00a0\u010dpavku &#8226; Casale","og_description":"A global supplier of integrated technologies, engineering & construction solutions operating in the chemical industry since more than 100 years and with an unwavering commitment to contribute to a more sustainable and greener future.","og_url":"https:\/\/casale.ch\/cs\/kniha-o-cpavku\/","og_site_name":"Casale","article_modified_time":"2025-05-13T08:51:08+00:00","og_image":[{"width":1600,"height":712,"url":"https:\/\/casale.ch\/wp-content\/uploads\/2024\/02\/casale.jpg","type":"image\/jpeg"}],"twitter_card":"summary_large_image","twitter_misc":{"Odhadovan\u00e1 doba \u010dten\u00ed":"2 minuty"},"schema":{"@context":"https:\/\/schema.org","@graph":[{"@type":"WebPage","@id":"https:\/\/casale.ch\/cs\/kniha-o-cpavku\/","url":"https:\/\/casale.ch\/cs\/kniha-o-cpavku\/","name":"Kniha o\u00a0\u010dpavku &#8226; Casale","isPartOf":{"@id":"https:\/\/casale.ch\/cs\/#website"},"datePublished":"2024-05-30T08:58:33+00:00","dateModified":"2025-05-13T08:51:08+00:00","description":"A global supplier of integrated technologies, engineering & construction solutions operating in the chemical industry since more than 100 years and with an unwavering commitment to contribute to a more sustainable and greener future.","breadcrumb":{"@id":"https:\/\/casale.ch\/cs\/kniha-o-cpavku\/#breadcrumb"},"inLanguage":"cs","potentialAction":[{"@type":"ReadAction","target":["https:\/\/casale.ch\/cs\/kniha-o-cpavku\/"]}]},{"@type":"BreadcrumbList","@id":"https:\/\/casale.ch\/cs\/kniha-o-cpavku\/#breadcrumb","itemListElement":[{"@type":"ListItem","position":1,"name":"Home","item":"https:\/\/casale.ch\/cs\/"},{"@type":"ListItem","position":2,"name":"Kniha o\u00a0\u010dpavku"}]},{"@type":"WebSite","@id":"https:\/\/casale.ch\/cs\/#website","url":"https:\/\/casale.ch\/cs\/","name":"Casale","description":"Together for a new planet","publisher":{"@id":"https:\/\/casale.ch\/cs\/#organization"},"potentialAction":[{"@type":"SearchAction","target":{"@type":"EntryPoint","urlTemplate":"https:\/\/casale.ch\/cs\/?s={search_term_string}"},"query-input":{"@type":"PropertyValueSpecification","valueRequired":true,"valueName":"search_term_string"}}],"inLanguage":"cs"},{"@type":"Organization","@id":"https:\/\/casale.ch\/cs\/#organization","name":"Casale","url":"https:\/\/casale.ch\/cs\/","logo":{"@type":"ImageObject","inLanguage":"cs","@id":"https:\/\/casale.ch\/cs\/#\/schema\/logo\/image\/","url":"https:\/\/casale.ch\/wp-content\/uploads\/2023\/08\/logo_casale.svg","contentUrl":"https:\/\/casale.ch\/wp-content\/uploads\/2023\/08\/logo_casale.svg","width":1,"height":1,"caption":"Casale"},"image":{"@id":"https:\/\/casale.ch\/cs\/#\/schema\/logo\/image\/"}}]}},"_links":{"self":[{"href":"https:\/\/casale.ch\/cs\/wp-json\/wp\/v2\/pages\/8229","targetHints":{"allow":["GET"]}}],"collection":[{"href":"https:\/\/casale.ch\/cs\/wp-json\/wp\/v2\/pages"}],"about":[{"href":"https:\/\/casale.ch\/cs\/wp-json\/wp\/v2\/types\/page"}],"author":[{"embeddable":true,"href":"https:\/\/casale.ch\/cs\/wp-json\/wp\/v2\/users\/1"}],"replies":[{"embeddable":true,"href":"https:\/\/casale.ch\/cs\/wp-json\/wp\/v2\/comments?post=8229"}],"version-history":[{"count":1,"href":"https:\/\/casale.ch\/cs\/wp-json\/wp\/v2\/pages\/8229\/revisions"}],"predecessor-version":[{"id":8235,"href":"https:\/\/casale.ch\/cs\/wp-json\/wp\/v2\/pages\/8229\/revisions\/8235"}],"wp:attachment":[{"href":"https:\/\/casale.ch\/cs\/wp-json\/wp\/v2\/media?parent=8229"}],"curies":[{"name":"wp","href":"https:\/\/api.w.org\/{rel}","templated":true}]}}