{"id":8284,"date":"2024-03-01T09:22:41","date_gmt":"2024-03-01T08:22:41","guid":{"rendered":"https:\/\/casale.ch\/zasady-pouzivani-souboru-cookie\/"},"modified":"2025-05-13T10:51:09","modified_gmt":"2025-05-13T08:51:09","slug":"zasady-pouzivani-souboru-cookie","status":"publish","type":"page","link":"https:\/\/casale.ch\/cs\/zasady-pouzivani-souboru-cookie\/","title":{"rendered":"Z\u00e1sady pou\u017e\u00edv\u00e1n\u00ed soubor\u016f cookie"},"content":{"rendered":"[vc_row type=&#8220;in_container&#8220; full_screen_row_position=&#8220;middle&#8220; column_margin=&#8220;default&#8220; column_direction=&#8220;default&#8220; column_direction_tablet=&#8220;default&#8220; column_direction_phone=&#8220;default&#8220; scene_position=&#8220;center&#8220; text_color=&#8220;dark&#8220; text_align=&#8220;left&#8220; row_border_radius=&#8220;none&#8220; row_border_radius_applies=&#8220;bg&#8220; overflow=&#8220;visible&#8220; overlay_strength=&#8220;0.3&#8243; gradient_direction=&#8220;left_to_right&#8220; shape_divider_position=&#8220;bottom&#8220; bg_image_animation=&#8220;none&#8220;][vc_column column_padding=&#8220;no-extra-padding&#8220; column_padding_tablet=&#8220;inherit&#8220; column_padding_phone=&#8220;inherit&#8220; column_padding_position=&#8220;all&#8220; column_element_direction_desktop=&#8220;default&#8220; column_element_spacing=&#8220;default&#8220; desktop_text_alignment=&#8220;default&#8220; tablet_text_alignment=&#8220;default&#8220; phone_text_alignment=&#8220;default&#8220; background_color_opacity=&#8220;1&#8243; background_hover_color_opacity=&#8220;1&#8243; column_backdrop_filter=&#8220;none&#8220; column_shadow=&#8220;none&#8220; column_border_radius=&#8220;none&#8220; column_link_target=&#8220;_self&#8220; column_position=&#8220;default&#8220; gradient_direction=&#8220;left_to_right&#8220; overlay_strength=&#8220;0.3&#8243; width=&#8220;1\/1&#8243; tablet_width_inherit=&#8220;default&#8220; animation_type=&#8220;default&#8220; bg_image_animation=&#8220;none&#8220; border_type=&#8220;simple&#8220; column_border_width=&#8220;none&#8220; column_border_style=&#8220;solid&#8220;][vc_raw_html]PGEgaHJlZj0iaHR0cHM6Ly93d3cuaXViZW5kYS5jb20vcHJpdmFjeS1wb2xpY3kvNTM3NjY3OTIvY29va2llLXBvbGljeSIgY2xhc3M9Iml1YmVuZGEtbm9zdHlsZSBuby1icmFuZCBpdWJlbmRhLW5vaWZyYW1lIGl1YmVuZGEtZW1iZWQgaXViZW5kYS1ub2lmcmFtZSBpdWItYm9keS1lbWJlZCIgdGl0bGU9IkNvb2tpZSBQb2xpY3kiPlrDoXNhZHkgcG91xb7DrXbDoW7DrSBzb3Vib3LFryBjb29raWU8L2E+PHNjcmlwdCB0eXBlPSJ0ZXh0L2phdmFzY3JpcHQiPihmdW5jdGlvbiAodyxkKSB7dmFyIGxvYWRlciA9IGZ1bmN0aW9uICgpIHt2YXIgcyA9IGQuY3JlYXRlRWxlbWVudCgic2NyaXB0IiksIHRhZyA9IGQuZ2V0RWxlbWVudHNCeVRhZ05hbWUoInNjcmlwdCIpWzBdOyBzLnNyYz0iaHR0cHM6Ly9jZG4uaXViZW5kYS5jb20vaXViZW5kYS5qcyI7IHRhZy5wYXJlbnROb2RlLmluc2VydEJlZm9yZShzLHRhZyk7fTsgaWYody5hZGRFdmVudExpc3RlbmVyKXt3LmFkZEV2ZW50TGlzdGVuZXIoImxvYWQiLCBsb2FkZXIsIGZhbHNlKTt9ZWxzZSBpZih3LmF0dGFjaEV2ZW50KXt3LmF0dGFjaEV2ZW50KCJvbmxvYWQiLCBsb2FkZXIpO31lbHNle3cub25sb2FkID0gbG9hZGVyO319KSh3aW5kb3csIGRvY3VtZW50KTs8L3NjcmlwdD4=[\/vc_raw_html][\/vc_column][\/vc_row]\n","protected":false},"excerpt":{"rendered":"<p>[vc_row type=&#8220;in_container&#8220; full_screen_row_position=&#8220;middle&#8220; column_margin=&#8220;default&#8220; column_direction=&#8220;default&#8220; column_direction_tablet=&#8220;default&#8220; column_direction_phone=&#8220;default&#8220; scene_position=&#8220;center&#8220; text_color=&#8220;dark&#8220; text_align=&#8220;left&#8220; row_border_radius=&#8220;none&#8220; row_border_radius_applies=&#8220;bg&#8220; overflow=&#8220;visible&#8220; overlay_strength=&#8220;0.3&#8243; gradient_direction=&#8220;left_to_right&#8220; shape_divider_position=&#8220;bottom&#8220; bg_image_animation=&#8220;none&#8220;][vc_column column_padding=&#8220;no-extra-padding&#8220; column_padding_tablet=&#8220;inherit&#8220; column_padding_phone=&#8220;inherit&#8220; column_padding_position=&#8220;all&#8220; column_element_direction_desktop=&#8220;default&#8220; column_element_spacing=&#8220;default&#8220; desktop_text_alignment=&#8220;default&#8220; tablet_text_alignment=&#8220;default&#8220; phone_text_alignment=&#8220;default&#8220; background_color_opacity=&#8220;1&#8243; background_hover_color_opacity=&#8220;1&#8243; column_backdrop_filter=&#8220;none&#8220; column_shadow=&#8220;none&#8220;&#8230;<\/p>\n","protected":false},"author":1,"featured_media":0,"parent":0,"menu_order":28,"comment_status":"closed","ping_status":"closed","template":"","meta":{"_acf_changed":false,"inline_featured_image":false,"footnotes":""},"class_list":["post-8284","page","type-page","status-publish"],"acf":[],"yoast_head":"<!-- This site is optimized with the Yoast SEO plugin v27.1.1 - https:\/\/yoast.com\/product\/yoast-seo-wordpress\/ -->\n<title>Z\u00e1sady pou\u017e\u00edv\u00e1n\u00ed soubor\u016f cookie &#8226; Casale<\/title>\n<meta name=\"description\" content=\"A global supplier of integrated technologies, engineering &amp; construction solutions operating in the chemical industry since more than 100 years and with an unwavering commitment to contribute to a more sustainable and greener future.\" \/>\n<meta name=\"robots\" content=\"noindex, follow\" \/>\n<meta property=\"og:locale\" content=\"cs_CZ\" \/>\n<meta property=\"og:type\" content=\"article\" \/>\n<meta property=\"og:title\" content=\"Z\u00e1sady pou\u017e\u00edv\u00e1n\u00ed soubor\u016f cookie &#8226; Casale\" \/>\n<meta property=\"og:description\" content=\"A global supplier of integrated technologies, engineering &amp; construction solutions operating in the chemical industry since more than 100 years and with an unwavering commitment to contribute to a more sustainable and greener future.\" \/>\n<meta property=\"og:url\" content=\"https:\/\/casale.ch\/cs\/zasady-pouzivani-souboru-cookie\/\" \/>\n<meta property=\"og:site_name\" content=\"Casale\" \/>\n<meta property=\"article:modified_time\" content=\"2025-05-13T08:51:09+00:00\" \/>\n<meta property=\"og:image\" content=\"https:\/\/casale.ch\/wp-content\/uploads\/2024\/02\/casale.jpg\" \/>\n\t<meta property=\"og:image:width\" content=\"1600\" \/>\n\t<meta property=\"og:image:height\" content=\"712\" \/>\n\t<meta property=\"og:image:type\" content=\"image\/jpeg\" \/>\n<meta name=\"twitter:card\" content=\"summary_large_image\" \/>\n<meta name=\"twitter:label1\" content=\"Odhadovan\u00e1 doba \u010dten\u00ed\" \/>\n\t<meta name=\"twitter:data1\" content=\"1 minuta\" \/>\n<script type=\"application\/ld+json\" class=\"yoast-schema-graph\">{\"@context\":\"https:\/\/schema.org\",\"@graph\":[{\"@type\":\"WebPage\",\"@id\":\"https:\/\/casale.ch\/cs\/zasady-pouzivani-souboru-cookie\/\",\"url\":\"https:\/\/casale.ch\/cs\/zasady-pouzivani-souboru-cookie\/\",\"name\":\"Z\u00e1sady pou\u017e\u00edv\u00e1n\u00ed soubor\u016f cookie &#8226; Casale\",\"isPartOf\":{\"@id\":\"https:\/\/casale.ch\/cs\/#website\"},\"datePublished\":\"2024-03-01T08:22:41+00:00\",\"dateModified\":\"2025-05-13T08:51:09+00:00\",\"description\":\"A global supplier of integrated technologies, engineering & construction solutions operating in the chemical industry since more than 100 years and with an unwavering commitment to contribute to a more sustainable and greener future.\",\"breadcrumb\":{\"@id\":\"https:\/\/casale.ch\/cs\/zasady-pouzivani-souboru-cookie\/#breadcrumb\"},\"inLanguage\":\"cs\",\"potentialAction\":[{\"@type\":\"ReadAction\",\"target\":[\"https:\/\/casale.ch\/cs\/zasady-pouzivani-souboru-cookie\/\"]}]},{\"@type\":\"BreadcrumbList\",\"@id\":\"https:\/\/casale.ch\/cs\/zasady-pouzivani-souboru-cookie\/#breadcrumb\",\"itemListElement\":[{\"@type\":\"ListItem\",\"position\":1,\"name\":\"Home\",\"item\":\"https:\/\/casale.ch\/cs\/\"},{\"@type\":\"ListItem\",\"position\":2,\"name\":\"Z\u00e1sady pou\u017e\u00edv\u00e1n\u00ed soubor\u016f cookie\"}]},{\"@type\":\"WebSite\",\"@id\":\"https:\/\/casale.ch\/cs\/#website\",\"url\":\"https:\/\/casale.ch\/cs\/\",\"name\":\"Casale\",\"description\":\"Together for a new planet\",\"publisher\":{\"@id\":\"https:\/\/casale.ch\/cs\/#organization\"},\"potentialAction\":[{\"@type\":\"SearchAction\",\"target\":{\"@type\":\"EntryPoint\",\"urlTemplate\":\"https:\/\/casale.ch\/cs\/?s={search_term_string}\"},\"query-input\":{\"@type\":\"PropertyValueSpecification\",\"valueRequired\":true,\"valueName\":\"search_term_string\"}}],\"inLanguage\":\"cs\"},{\"@type\":\"Organization\",\"@id\":\"https:\/\/casale.ch\/cs\/#organization\",\"name\":\"Casale\",\"url\":\"https:\/\/casale.ch\/cs\/\",\"logo\":{\"@type\":\"ImageObject\",\"inLanguage\":\"cs\",\"@id\":\"https:\/\/casale.ch\/cs\/#\/schema\/logo\/image\/\",\"url\":\"https:\/\/casale.ch\/wp-content\/uploads\/2023\/08\/logo_casale.svg\",\"contentUrl\":\"https:\/\/casale.ch\/wp-content\/uploads\/2023\/08\/logo_casale.svg\",\"width\":1,\"height\":1,\"caption\":\"Casale\"},\"image\":{\"@id\":\"https:\/\/casale.ch\/cs\/#\/schema\/logo\/image\/\"}}]}<\/script>\n<!-- \/ Yoast SEO plugin. -->","yoast_head_json":{"title":"Z\u00e1sady pou\u017e\u00edv\u00e1n\u00ed soubor\u016f cookie &#8226; Casale","description":"A global supplier of integrated technologies, engineering & construction solutions operating in the chemical industry since more than 100 years and with an unwavering commitment to contribute to a more sustainable and greener future.","robots":{"index":"noindex","follow":"follow"},"og_locale":"cs_CZ","og_type":"article","og_title":"Z\u00e1sady pou\u017e\u00edv\u00e1n\u00ed soubor\u016f cookie &#8226; Casale","og_description":"A global supplier of integrated technologies, engineering & construction solutions operating in the chemical industry since more than 100 years and with an unwavering commitment to contribute to a more sustainable and greener future.","og_url":"https:\/\/casale.ch\/cs\/zasady-pouzivani-souboru-cookie\/","og_site_name":"Casale","article_modified_time":"2025-05-13T08:51:09+00:00","og_image":[{"width":1600,"height":712,"url":"https:\/\/casale.ch\/wp-content\/uploads\/2024\/02\/casale.jpg","type":"image\/jpeg"}],"twitter_card":"summary_large_image","twitter_misc":{"Odhadovan\u00e1 doba \u010dten\u00ed":"1 minuta"},"schema":{"@context":"https:\/\/schema.org","@graph":[{"@type":"WebPage","@id":"https:\/\/casale.ch\/cs\/zasady-pouzivani-souboru-cookie\/","url":"https:\/\/casale.ch\/cs\/zasady-pouzivani-souboru-cookie\/","name":"Z\u00e1sady pou\u017e\u00edv\u00e1n\u00ed soubor\u016f cookie &#8226; Casale","isPartOf":{"@id":"https:\/\/casale.ch\/cs\/#website"},"datePublished":"2024-03-01T08:22:41+00:00","dateModified":"2025-05-13T08:51:09+00:00","description":"A global supplier of integrated technologies, engineering & construction solutions operating in the chemical industry since more than 100 years and with an unwavering commitment to contribute to a more sustainable and greener future.","breadcrumb":{"@id":"https:\/\/casale.ch\/cs\/zasady-pouzivani-souboru-cookie\/#breadcrumb"},"inLanguage":"cs","potentialAction":[{"@type":"ReadAction","target":["https:\/\/casale.ch\/cs\/zasady-pouzivani-souboru-cookie\/"]}]},{"@type":"BreadcrumbList","@id":"https:\/\/casale.ch\/cs\/zasady-pouzivani-souboru-cookie\/#breadcrumb","itemListElement":[{"@type":"ListItem","position":1,"name":"Home","item":"https:\/\/casale.ch\/cs\/"},{"@type":"ListItem","position":2,"name":"Z\u00e1sady pou\u017e\u00edv\u00e1n\u00ed soubor\u016f cookie"}]},{"@type":"WebSite","@id":"https:\/\/casale.ch\/cs\/#website","url":"https:\/\/casale.ch\/cs\/","name":"Casale","description":"Together for a new planet","publisher":{"@id":"https:\/\/casale.ch\/cs\/#organization"},"potentialAction":[{"@type":"SearchAction","target":{"@type":"EntryPoint","urlTemplate":"https:\/\/casale.ch\/cs\/?s={search_term_string}"},"query-input":{"@type":"PropertyValueSpecification","valueRequired":true,"valueName":"search_term_string"}}],"inLanguage":"cs"},{"@type":"Organization","@id":"https:\/\/casale.ch\/cs\/#organization","name":"Casale","url":"https:\/\/casale.ch\/cs\/","logo":{"@type":"ImageObject","inLanguage":"cs","@id":"https:\/\/casale.ch\/cs\/#\/schema\/logo\/image\/","url":"https:\/\/casale.ch\/wp-content\/uploads\/2023\/08\/logo_casale.svg","contentUrl":"https:\/\/casale.ch\/wp-content\/uploads\/2023\/08\/logo_casale.svg","width":1,"height":1,"caption":"Casale"},"image":{"@id":"https:\/\/casale.ch\/cs\/#\/schema\/logo\/image\/"}}]}},"_links":{"self":[{"href":"https:\/\/casale.ch\/cs\/wp-json\/wp\/v2\/pages\/8284","targetHints":{"allow":["GET"]}}],"collection":[{"href":"https:\/\/casale.ch\/cs\/wp-json\/wp\/v2\/pages"}],"about":[{"href":"https:\/\/casale.ch\/cs\/wp-json\/wp\/v2\/types\/page"}],"author":[{"embeddable":true,"href":"https:\/\/casale.ch\/cs\/wp-json\/wp\/v2\/users\/1"}],"replies":[{"embeddable":true,"href":"https:\/\/casale.ch\/cs\/wp-json\/wp\/v2\/comments?post=8284"}],"version-history":[{"count":1,"href":"https:\/\/casale.ch\/cs\/wp-json\/wp\/v2\/pages\/8284\/revisions"}],"predecessor-version":[{"id":8309,"href":"https:\/\/casale.ch\/cs\/wp-json\/wp\/v2\/pages\/8284\/revisions\/8309"}],"wp:attachment":[{"href":"https:\/\/casale.ch\/cs\/wp-json\/wp\/v2\/media?parent=8284"}],"curies":[{"name":"wp","href":"https:\/\/api.w.org\/{rel}","templated":true}]}}