{"id":8405,"date":"2023-12-11T11:50:31","date_gmt":"2023-12-11T10:50:31","guid":{"rendered":"https:\/\/casale.ch\/vedeni-spolecnosti\/"},"modified":"2026-01-07T14:50:04","modified_gmt":"2026-01-07T13:50:04","slug":"vedeni-spolecnosti","status":"publish","type":"page","link":"https:\/\/casale.ch\/cs\/vedeni-spolecnosti\/","title":{"rendered":"Veden\u00ed"},"content":{"rendered":"[vc_row type=&#8220;full_width_background&#8220; full_screen_row_position=&#8220;middle&#8220; column_margin=&#8220;default&#8220; column_direction=&#8220;default&#8220; column_direction_tablet=&#8220;default&#8220; column_direction_phone=&#8220;default&#8220; bg_image=&#8220;14642&#8243; bg_position=&#8220;center center&#8220; background_image_loading=&#8220;default&#8220; bg_repeat=&#8220;no-repeat&#8220; scene_position=&#8220;center&#8220; text_color=&#8220;dark&#8220; text_align=&#8220;left&#8220; row_border_radius=&#8220;none&#8220; row_border_radius_applies=&#8220;bg&#8220; overflow=&#8220;visible&#8220; class=&#8220;management&#8220; id=&#8220;section_hero_alt&#8220; advanced_gradient=&#8220;linear-gradient(45deg, rgba(0,0,0,0.6) 10%, rgba(0,0,0,0.4) 90%)&#8220; advanced_gradient_angle=&#8220;45&#8243; shape_divider_position=&#8220;bottom&#8220; bg_image_animation=&#8220;none&#8220; gradient_type=&#8220;advanced&#8220; shape_type=&#8220;&#8220; advanced_gradient_display_type=&#8220;linear&#8220;][vc_column column_padding=&#8220;no-extra-padding&#8220; column_padding_tablet=&#8220;inherit&#8220; column_padding_phone=&#8220;inherit&#8220; column_padding_position=&#8220;all&#8220; column_element_direction_desktop=&#8220;default&#8220; column_element_spacing=&#8220;default&#8220; desktop_text_alignment=&#8220;default&#8220; tablet_text_alignment=&#8220;default&#8220; phone_text_alignment=&#8220;default&#8220; background_color_opacity=&#8220;1&#8243; background_hover_color_opacity=&#8220;1&#8243; column_backdrop_filter=&#8220;none&#8220; column_shadow=&#8220;none&#8220; column_border_radius=&#8220;none&#8220; column_link_target=&#8220;_self&#8220; column_position=&#8220;default&#8220; gradient_direction=&#8220;left_to_right&#8220; overlay_strength=&#8220;0.3&#8243; width=&#8220;1\/1&#8243; tablet_width_inherit=&#8220;default&#8220; animation_type=&#8220;default&#8220; bg_image_animation=&#8220;none&#8220; border_type=&#8220;simple&#8220; column_border_width=&#8220;none&#8220; column_border_style=&#8220;solid&#8220;][vc_column_text css=&#8220;&#8220; text_direction=&#8220;default&#8220;]\n<h1 style=\"color: #fff;\">N\u00e1\u0161<br \/>\nt\u00fdm<\/h1>\n[\/vc_column_text][\/vc_column][\/vc_row][vc_row type=&#8220;in_container&#8220; full_screen_row_position=&#8220;middle&#8220; column_margin=&#8220;default&#8220; column_direction=&#8220;default&#8220; column_direction_tablet=&#8220;default&#8220; column_direction_phone=&#8220;default&#8220; scene_position=&#8220;center&#8220; top_padding=&#8220;80&#8243; constrain_group_1=&#8220;yes&#8220; bottom_padding=&#8220;80&#8243; bottom_margin=&#8220;0&#8243; text_color=&#8220;dark&#8220; text_align=&#8220;left&#8220; row_border_radius=&#8220;none&#8220; row_border_radius_applies=&#8220;bg&#8220; overflow=&#8220;visible&#8220; overlay_strength=&#8220;0.3&#8243; gradient_direction=&#8220;left_to_right&#8220; shape_divider_position=&#8220;bottom&#8220; bg_image_animation=&#8220;none&#8220; gradient_type=&#8220;default&#8220; shape_type=&#8220;&#8220;][vc_column column_padding=&#8220;no-extra-padding&#8220; column_padding_tablet=&#8220;inherit&#8220; column_padding_phone=&#8220;inherit&#8220; column_padding_position=&#8220;all&#8220; column_element_direction_desktop=&#8220;default&#8220; column_element_spacing=&#8220;default&#8220; desktop_text_alignment=&#8220;default&#8220; tablet_text_alignment=&#8220;default&#8220; phone_text_alignment=&#8220;default&#8220; background_color_opacity=&#8220;1&#8243; background_hover_color_opacity=&#8220;1&#8243; column_backdrop_filter=&#8220;none&#8220; column_shadow=&#8220;none&#8220; column_border_radius=&#8220;none&#8220; column_link_target=&#8220;_self&#8220; column_position=&#8220;default&#8220; gradient_direction=&#8220;left_to_right&#8220; overlay_strength=&#8220;0.3&#8243; width=&#8220;1\/4&#8243; tablet_width_inherit=&#8220;default&#8220; animation_type=&#8220;default&#8220; bg_image_animation=&#8220;none&#8220; border_type=&#8220;simple&#8220; column_border_width=&#8220;none&#8220; column_border_style=&#8220;solid&#8220;][vc_column_text css=&#8220;&#8220; text_direction=&#8220;default&#8220;]\n<h2>V\u00fdkonn\u00fd<br \/>\nt\u00fdm<\/h2>\n[\/vc_column_text][\/vc_column][vc_column column_padding=&#8220;no-extra-padding&#8220; column_padding_tablet=&#8220;inherit&#8220; column_padding_phone=&#8220;inherit&#8220; column_padding_position=&#8220;all&#8220; column_element_direction_desktop=&#8220;default&#8220; column_element_spacing=&#8220;default&#8220; desktop_text_alignment=&#8220;default&#8220; tablet_text_alignment=&#8220;default&#8220; phone_text_alignment=&#8220;default&#8220; background_color_opacity=&#8220;1&#8243; background_hover_color_opacity=&#8220;1&#8243; column_backdrop_filter=&#8220;none&#8220; column_shadow=&#8220;none&#8220; column_border_radius=&#8220;none&#8220; column_link_target=&#8220;_self&#8220; column_position=&#8220;default&#8220; gradient_direction=&#8220;left_to_right&#8220; overlay_strength=&#8220;0.3&#8243; width=&#8220;3\/4&#8243; tablet_width_inherit=&#8220;default&#8220; animation_type=&#8220;default&#8220; bg_image_animation=&#8220;none&#8220; border_type=&#8220;simple&#8220; column_border_width=&#8220;none&#8220; column_border_style=&#8220;solid&#8220;][vc_column_text css=&#8220;&#8220; text_direction=&#8220;default&#8220;]Za na\u0161\u00edm dlouhodob\u00fdm \u00fasp\u011bchem v&nbsp;chemick\u00e9m in\u017een\u00fdrstv\u00ed stoj\u00ed siln\u00fd mana\u017eersk\u00fd a&nbsp;provozn\u00ed t\u00fdm. Ka\u017ed\u00fd \u010dlen t\u00fdmu je nezbytn\u00fdm \u010dl\u00e1nkem na\u0161\u00ed operativy.<\/p>\n<p>N\u00e1\u0161 t\u00fdm zku\u0161en\u00fdch mana\u017eer\u016f p\u0159in\u00e1\u0161\u00ed bohat\u00e9 odborn\u00e9 znalosti a&nbsp;strategick\u00fd vhled. Spole\u010dn\u011b \u0159\u00edd\u00ed na\u0161i spole\u010dnost ve slo\u017eit\u00fdch podm\u00ednk\u00e1ch tohoto odv\u011btv\u00ed. Jejich kolektivn\u00ed vize rozv\u00edj\u00ed inovace a&nbsp;podporuje n\u00e1\u0161 r\u016fst, d\u00edky \u010demu\u017e z\u016fst\u00e1v\u00e1me na \u0161pici technologick\u00e9ho pokroku.<\/p>\n<p>V\u00fdkonn\u00fd t\u00fdm dopl\u0148uje n\u00e1\u0161 anga\u017eovan\u00fd provozn\u00ed t\u00fdm, kter\u00fd je p\u00e1te\u0159\u00ed na\u0161ich ka\u017edodenn\u00edch proces\u016f. D\u00edky jejich preciznosti, efektivit\u011b a&nbsp;d\u016frazu na kvalitu je realizace projekt\u016f plynul\u00e1, co\u017e n\u00e1m umo\u017e\u0148uje poskytovat na\u0161im z\u00e1kazn\u00edk\u016fm \u0161pi\u010dkov\u00e1 \u0159e\u0161en\u00ed a&nbsp;slu\u017eby.<\/p>\n<p>Tyto dynamick\u00e9 t\u00fdmy spole\u010dn\u011b p\u0159edstavuj\u00ed srdce na\u0161ich operac\u00ed a&nbsp;zt\u011bles\u0148uj\u00ed n\u00e1\u0161 z\u00e1vazek k&nbsp;vynikaj\u00edc\u00ed kvalit\u011b, inovac\u00edm a&nbsp;spokojenosti z\u00e1kazn\u00edk\u016f.[\/vc_column_text][\/vc_column][\/vc_row][vc_row type=&#8220;in_container&#8220; full_screen_row_position=&#8220;middle&#8220; column_margin=&#8220;default&#8220; column_direction=&#8220;default&#8220; column_direction_tablet=&#8220;default&#8220; column_direction_phone=&#8220;default&#8220; scene_position=&#8220;center&#8220; text_color=&#8220;dark&#8220; text_align=&#8220;left&#8220; row_border_radius=&#8220;none&#8220; row_border_radius_applies=&#8220;bg&#8220; overflow=&#8220;visible&#8220; overlay_strength=&#8220;0.3&#8243; gradient_direction=&#8220;left_to_right&#8220; shape_divider_position=&#8220;bottom&#8220; bg_image_animation=&#8220;none&#8220;][vc_column column_padding=&#8220;no-extra-padding&#8220; column_padding_tablet=&#8220;inherit&#8220; column_padding_phone=&#8220;inherit&#8220; column_padding_position=&#8220;all&#8220; column_element_direction_desktop=&#8220;default&#8220; column_element_spacing=&#8220;default&#8220; desktop_text_alignment=&#8220;default&#8220; tablet_text_alignment=&#8220;default&#8220; phone_text_alignment=&#8220;default&#8220; background_color_opacity=&#8220;1&#8243; background_hover_color_opacity=&#8220;1&#8243; column_backdrop_filter=&#8220;none&#8220; column_shadow=&#8220;none&#8220; column_border_radius=&#8220;none&#8220; column_link_target=&#8220;_self&#8220; column_position=&#8220;default&#8220; gradient_direction=&#8220;left_to_right&#8220; overlay_strength=&#8220;0.3&#8243; width=&#8220;1\/1&#8243; tablet_width_inherit=&#8220;default&#8220; animation_type=&#8220;default&#8220; bg_image_animation=&#8220;none&#8220; border_type=&#8220;simple&#8220; column_border_width=&#8220;none&#8220; column_border_style=&#8220;solid&#8220;][vc_raw_html css=&#8220;&#8220;]JTNDZGl2JTIwaWQlM0QlMjJpbm5lcl9zZWN0aW9uJTIyJTNFJTBBJTIwJTIwJTIwJTIwJTNDZGl2JTIwY2xhc3MlM0QlMjJpdGVtJTIyJTNFJTBBJTIwJTIwJTIwJTIwJTIwJTIwJTIwJTIwJTNDaW1nJTIwc3JjJTNEJTIyaHR0cHMlM0ElMkYlMkZjYXNhbGUuY2glMkZ3cC1jb250ZW50JTJGdXBsb2FkcyUyRjIwMjUlMkYxMiUyRmNhcmRfbWFuYWdlbWVudF96YXJkaS5wbmclMjIlMjBhbHQlM0QlMjJDYXNhbGUlMjAlN0MlMjBGZWRlcmljbyUyMFphcmRpJTIyJTJGJTNFJTBBJTIwJTIwJTIwJTIwJTIwJTIwJTIwJTIwJTNDcCUyMGNsYXNzJTNEJTIycGljY29sbyUyMiUzRUNoaWVmJTIwRXhlY3V0aXZlJTIwT2ZmaWNlciUzQyUyRnAlM0UlMEElMjAlMjAlMjAlMjAlMjAlMjAlMjAlMjAlM0NoMiUzRUZlZGVyaWNvJTIwWmFyZGklM0MlMkZoMiUzRSUwQSUyMCUyMCUyMCUyMCUzQyUyRmRpdiUzRSUwQSUyMCUyMCUyMCUyMCUzQ2RpdiUyMGNsYXNzJTNEJTIyaXRlbSUyMiUzRSUwQSUyMCUyMCUyMCUyMCUyMCUyMCUyMCUyMCUzQ2ltZyUyMHNyYyUzRCUyMmh0dHBzJTNBJTJGJTJGY2FzYWxlLmNoJTJGd3AtY29udGVudCUyRnVwbG9hZHMlMkYyMDI1JTJGMTIlMkZjYXJkX21hbmFnZW1lbnRfZ3Vhcmluby5wbmclMjIlMjBhbHQlM0QlMjJDYXNhbGUlMjAlN0MlMjBHaXVzZXBwZSUyMEd1YXJpbm8lMjIlMkYlM0UlMEElMjAlMjAlMjAlMjAlMjAlMjAlMjAlMjAlM0NwJTIwY2xhc3MlM0QlMjJwaWNjb2xvJTIyJTNFQWR2aXNvciUyME1hbmFnZW1lbnQlM0MlMkZwJTNFJTBBJTIwJTIwJTIwJTIwJTIwJTIwJTIwJTIwJTNDaDIlM0VHaXVzZXBwZSUyMEd1YXJpbm8lM0MlMkZoMiUzRSUwQSUyMCUyMCUyMCUyMCUzQyUyRmRpdiUzRSUwQSUyMCUyMCUyMCUyMCUzQ2RpdiUyMGNsYXNzJTNEJTIyaXRlbSUyMiUzRSUwQSUyMCUyMCUyMCUyMCUyMCUyMCUyMCUyMCUzQ2ltZyUyMHNyYyUzRCUyMmh0dHBzJTNBJTJGJTJGY2FzYWxlLmNoJTJGd3AtY29udGVudCUyRnVwbG9hZHMlMkYyMDI1JTJGMTIlMkZjYXJkX21hbmFnZW1lbnRfc2lsdmEucG5nJTIyJTIwYWx0JTNEJTIyQ2FzYWxlJTIwJTdDJTIwUGFvbG8lMjBTaWx2YSUyMiUyRiUzRSUwQSUyMCUyMCUyMCUyMCUyMCUyMCUyMCUyMCUzQ3AlMjBjbGFzcyUzRCUyMnBpY2NvbG8lMjIlM0VDaGllZiUyMFN1YnNpZGlhcmllcyUyME9mZmljZXIlM0MlMkZwJTNFJTBBJTIwJTIwJTIwJTIwJTIwJTIwJTIwJTIwJTNDaDIlM0VQYW9sbyUyMFNpbHZhJTNDJTJGaDIlM0UlMEElMjAlMjAlMjAlMjAlM0MlMkZkaXYlM0UlMEElMjAlMjAlMjAlMjAlM0NkaXYlMjBjbGFzcyUzRCUyMml0ZW0lMjIlM0UlMEElMjAlMjAlMjAlMjAlMjAlMjAlMjAlMjAlM0NpbWclMjBzcmMlM0QlMjJodHRwcyUzQSUyRiUyRmNhc2FsZS5jaCUyRndwLWNvbnRlbnQlMkZ1cGxvYWRzJTJGMjAyNSUyRjEyJTJGY2FyZF9tYW5hZ2VtZW50X2RlYmVybmFyZGluaS5wbmclMjIlMjBhbHQlM0QlMjJDYXNhbGUlMjAlN0MlMjBTZXJnaW8lMjBEZWJlcm5hcmRpJTIyJTJGJTNFJTBBJTIwJTIwJTIwJTIwJTIwJTIwJTIwJTIwJTNDcCUyMGNsYXNzJTNEJTIycGljY29sbyUyMiUzRUNoaWVmJTIwT3BlcmF0aW5nJTIwT2ZmaWNlciUzQyUyRnAlM0UlMEElMjAlMjAlMjAlMjAlMjAlMjAlMjAlMjAlM0NoMiUzRVNlcmdpbyUyMERlYmVybmFyZGklM0MlMkZoMiUzRSUwQSUyMCUyMCUyMCUyMCUzQyUyRmRpdiUzRSUwQSUyMCUyMCUyMCUyMCUzQ2RpdiUyMGNsYXNzJTNEJTIyaXRlbSUyMiUzRSUwQSUyMCUyMCUyMCUyMCUyMCUyMCUyMCUyMCUzQ2ltZyUyMHNyYyUzRCUyMmh0dHBzJTNBJTJGJTJGY2FzYWxlLmNoJTJGd3AtY29udGVudCUyRnVwbG9hZHMlMkYyMDI1JTJGMTIlMkZjYXJkX21hbmFnZW1lbnRfbWF0cm9ub2xhLnBuZyUyMiUyMGFsdCUzRCUyMkNhc2FsZSUyMCU3QyUyMEd1aWRvJTIwTWF0cm9ub2xhJTIyJTJGJTNFJTBBJTIwJTIwJTIwJTIwJTIwJTIwJTIwJTIwJTNDcCUyMGNsYXNzJTNEJTIycGljY29sbyUyMiUzRUNoaWVmJTIwRmluYW5jaWFsJTIwT2ZmaWNlciUzQyUyRnAlM0UlMEElMjAlMjAlMjAlMjAlMjAlMjAlMjAlMjAlM0NoMiUzRUd1aWRvJTIwTWF0cm9ub2xhJTNDJTJGaDIlM0UlMEElMjAlMjAlMjAlMjAlM0MlMkZkaXYlM0UlMEElMjAlMjAlMjAlMjAlM0NkaXYlMjBjbGFzcyUzRCUyMml0ZW0lMjIlM0UlMEElMjAlMjAlMjAlMjAlMjAlMjAlMjAlMjAlM0NpbWclMjBzcmMlM0QlMjJodHRwcyUzQSUyRiUyRmNhc2FsZS5jaCUyRndwLWNvbnRlbnQlMkZ1cGxvYWRzJTJGMjAyNSUyRjEyJTJGY2FyZF9tYW5hZ2VtZW50X2ZpbGlwcGkucG5nJTIyJTIwYWx0JTNEJTIyQ2FzYWxlJTIwJTdDJTIwRXJtYW5ubyUyMEZpbGlwcGklMjIlMkYlM0UlMEElMjAlMjAlMjAlMjAlMjAlMjAlMjAlMjAlM0NwJTIwY2xhc3MlM0QlMjJwaWNjb2xvJTIyJTNFQ2hpZWYlMjBUZWNobm9sb2d5JTIwT2ZmaWNlciUzQyUyRnAlM0UlMEElMjAlMjAlMjAlMjAlMjAlMjAlMjAlMjAlM0NoMiUzRUVybWFubm8lMjBGaWxpcHBpJTNDJTJGaDIlM0UlMEElMjAlMjAlMjAlMjAlM0MlMkZkaXYlM0UlMEElM0MlMkZkaXYlM0U=[\/vc_raw_html][\/vc_column][\/vc_row]\n","protected":false},"excerpt":{"rendered":"<p>[vc_row type=&#8220;full_width_background&#8220; full_screen_row_position=&#8220;middle&#8220; column_margin=&#8220;default&#8220; column_direction=&#8220;default&#8220; column_direction_tablet=&#8220;default&#8220; column_direction_phone=&#8220;default&#8220; bg_image=&#8220;14642&#8243; bg_position=&#8220;center center&#8220; background_image_loading=&#8220;default&#8220; bg_repeat=&#8220;no-repeat&#8220; scene_position=&#8220;center&#8220; text_color=&#8220;dark&#8220; text_align=&#8220;left&#8220; row_border_radius=&#8220;none&#8220; row_border_radius_applies=&#8220;bg&#8220; overflow=&#8220;visible&#8220; class=&#8220;management&#8220; id=&#8220;section_hero_alt&#8220; advanced_gradient=&#8220;linear-gradient(45deg, rgba(0,0,0,0.6) 10%, rgba(0,0,0,0.4) 90%)&#8220; advanced_gradient_angle=&#8220;45&#8243; shape_divider_position=&#8220;bottom&#8220; bg_image_animation=&#8220;none&#8220; gradient_type=&#8220;advanced&#8220; shape_type=&#8220;&#8220;&#8230;<\/p>\n","protected":false},"author":1,"featured_media":0,"parent":0,"menu_order":48,"comment_status":"closed","ping_status":"closed","template":"","meta":{"_acf_changed":false,"inline_featured_image":false,"footnotes":""},"class_list":["post-8405","page","type-page","status-publish"],"acf":[],"yoast_head":"<!-- This site is optimized with the Yoast SEO plugin v27.1.1 - https:\/\/yoast.com\/product\/yoast-seo-wordpress\/ -->\n<title>Veden\u00ed &#8226; Casale<\/title>\n<meta name=\"description\" content=\"Seznamte se s\u00a0l\u00eddry, kte\u0159\u00ed stoj\u00ed za inovacemi ve spole\u010dnosti Casale: t\u00fdmem, kter\u00fd prosazuje pr\u016fkopnick\u00e1 \u0159e\u0161en\u00ed v\u00a0oblasti chemick\u00e9ho in\u017een\u00fdrstv\u00ed a\u00a0\u0159\u00edd\u00ed vizi spole\u010dnosti pro udr\u017eitelnou budoucnost.\" \/>\n<meta name=\"robots\" content=\"index, follow, max-snippet:-1, max-image-preview:large, max-video-preview:-1\" \/>\n<link rel=\"canonical\" href=\"https:\/\/casale.ch\/cs\/vedeni-spolecnosti\/\" \/>\n<meta property=\"og:locale\" content=\"cs_CZ\" \/>\n<meta property=\"og:type\" content=\"article\" \/>\n<meta property=\"og:title\" content=\"Veden\u00ed &#8226; Casale\" \/>\n<meta property=\"og:description\" content=\"Seznamte se s\u00a0l\u00eddry, kte\u0159\u00ed stoj\u00ed za inovacemi ve spole\u010dnosti Casale: t\u00fdmem, kter\u00fd prosazuje pr\u016fkopnick\u00e1 \u0159e\u0161en\u00ed v\u00a0oblasti chemick\u00e9ho in\u017een\u00fdrstv\u00ed a\u00a0\u0159\u00edd\u00ed vizi spole\u010dnosti pro udr\u017eitelnou budoucnost.\" \/>\n<meta property=\"og:url\" content=\"https:\/\/casale.ch\/cs\/vedeni-spolecnosti\/\" \/>\n<meta property=\"og:site_name\" content=\"Casale\" \/>\n<meta property=\"article:modified_time\" content=\"2026-01-07T13:50:04+00:00\" \/>\n<meta property=\"og:image\" content=\"https:\/\/casale.ch\/wp-content\/uploads\/2024\/02\/casale.jpg\" \/>\n\t<meta property=\"og:image:width\" content=\"1600\" \/>\n\t<meta property=\"og:image:height\" content=\"712\" \/>\n\t<meta property=\"og:image:type\" content=\"image\/jpeg\" \/>\n<meta name=\"twitter:card\" content=\"summary_large_image\" \/>\n<meta name=\"twitter:label1\" content=\"Odhadovan\u00e1 doba \u010dten\u00ed\" \/>\n\t<meta name=\"twitter:data1\" content=\"2 minuty\" \/>\n<script type=\"application\/ld+json\" class=\"yoast-schema-graph\">{\"@context\":\"https:\/\/schema.org\",\"@graph\":[{\"@type\":\"WebPage\",\"@id\":\"https:\/\/casale.ch\/cs\/vedeni-spolecnosti\/\",\"url\":\"https:\/\/casale.ch\/cs\/vedeni-spolecnosti\/\",\"name\":\"Veden\u00ed &#8226; Casale\",\"isPartOf\":{\"@id\":\"https:\/\/casale.ch\/cs\/#website\"},\"datePublished\":\"2023-12-11T10:50:31+00:00\",\"dateModified\":\"2026-01-07T13:50:04+00:00\",\"description\":\"Seznamte se s\u00a0l\u00eddry, kte\u0159\u00ed stoj\u00ed za inovacemi ve spole\u010dnosti Casale: t\u00fdmem, kter\u00fd prosazuje pr\u016fkopnick\u00e1 \u0159e\u0161en\u00ed v\u00a0oblasti chemick\u00e9ho in\u017een\u00fdrstv\u00ed a\u00a0\u0159\u00edd\u00ed vizi spole\u010dnosti pro udr\u017eitelnou budoucnost.\",\"breadcrumb\":{\"@id\":\"https:\/\/casale.ch\/cs\/vedeni-spolecnosti\/#breadcrumb\"},\"inLanguage\":\"cs\",\"potentialAction\":[{\"@type\":\"ReadAction\",\"target\":[\"https:\/\/casale.ch\/cs\/vedeni-spolecnosti\/\"]}]},{\"@type\":\"BreadcrumbList\",\"@id\":\"https:\/\/casale.ch\/cs\/vedeni-spolecnosti\/#breadcrumb\",\"itemListElement\":[{\"@type\":\"ListItem\",\"position\":1,\"name\":\"Home\",\"item\":\"https:\/\/casale.ch\/cs\/\"},{\"@type\":\"ListItem\",\"position\":2,\"name\":\"Veden\u00ed\"}]},{\"@type\":\"WebSite\",\"@id\":\"https:\/\/casale.ch\/cs\/#website\",\"url\":\"https:\/\/casale.ch\/cs\/\",\"name\":\"Casale\",\"description\":\"Together for a new planet\",\"publisher\":{\"@id\":\"https:\/\/casale.ch\/cs\/#organization\"},\"potentialAction\":[{\"@type\":\"SearchAction\",\"target\":{\"@type\":\"EntryPoint\",\"urlTemplate\":\"https:\/\/casale.ch\/cs\/?s={search_term_string}\"},\"query-input\":{\"@type\":\"PropertyValueSpecification\",\"valueRequired\":true,\"valueName\":\"search_term_string\"}}],\"inLanguage\":\"cs\"},{\"@type\":\"Organization\",\"@id\":\"https:\/\/casale.ch\/cs\/#organization\",\"name\":\"Casale\",\"url\":\"https:\/\/casale.ch\/cs\/\",\"logo\":{\"@type\":\"ImageObject\",\"inLanguage\":\"cs\",\"@id\":\"https:\/\/casale.ch\/cs\/#\/schema\/logo\/image\/\",\"url\":\"https:\/\/casale.ch\/wp-content\/uploads\/2023\/08\/logo_casale.svg\",\"contentUrl\":\"https:\/\/casale.ch\/wp-content\/uploads\/2023\/08\/logo_casale.svg\",\"width\":1,\"height\":1,\"caption\":\"Casale\"},\"image\":{\"@id\":\"https:\/\/casale.ch\/cs\/#\/schema\/logo\/image\/\"}}]}<\/script>\n<!-- \/ Yoast SEO plugin. -->","yoast_head_json":{"title":"Veden\u00ed &#8226; Casale","description":"Seznamte se s\u00a0l\u00eddry, kte\u0159\u00ed stoj\u00ed za inovacemi ve spole\u010dnosti Casale: t\u00fdmem, kter\u00fd prosazuje pr\u016fkopnick\u00e1 \u0159e\u0161en\u00ed v\u00a0oblasti chemick\u00e9ho in\u017een\u00fdrstv\u00ed a\u00a0\u0159\u00edd\u00ed vizi spole\u010dnosti pro udr\u017eitelnou budoucnost.","robots":{"index":"index","follow":"follow","max-snippet":"max-snippet:-1","max-image-preview":"max-image-preview:large","max-video-preview":"max-video-preview:-1"},"canonical":"https:\/\/casale.ch\/cs\/vedeni-spolecnosti\/","og_locale":"cs_CZ","og_type":"article","og_title":"Veden\u00ed &#8226; Casale","og_description":"Seznamte se s\u00a0l\u00eddry, kte\u0159\u00ed stoj\u00ed za inovacemi ve spole\u010dnosti Casale: t\u00fdmem, kter\u00fd prosazuje pr\u016fkopnick\u00e1 \u0159e\u0161en\u00ed v\u00a0oblasti chemick\u00e9ho in\u017een\u00fdrstv\u00ed a\u00a0\u0159\u00edd\u00ed vizi spole\u010dnosti pro udr\u017eitelnou budoucnost.","og_url":"https:\/\/casale.ch\/cs\/vedeni-spolecnosti\/","og_site_name":"Casale","article_modified_time":"2026-01-07T13:50:04+00:00","og_image":[{"width":1600,"height":712,"url":"https:\/\/casale.ch\/wp-content\/uploads\/2024\/02\/casale.jpg","type":"image\/jpeg"}],"twitter_card":"summary_large_image","twitter_misc":{"Odhadovan\u00e1 doba \u010dten\u00ed":"2 minuty"},"schema":{"@context":"https:\/\/schema.org","@graph":[{"@type":"WebPage","@id":"https:\/\/casale.ch\/cs\/vedeni-spolecnosti\/","url":"https:\/\/casale.ch\/cs\/vedeni-spolecnosti\/","name":"Veden\u00ed &#8226; Casale","isPartOf":{"@id":"https:\/\/casale.ch\/cs\/#website"},"datePublished":"2023-12-11T10:50:31+00:00","dateModified":"2026-01-07T13:50:04+00:00","description":"Seznamte se s\u00a0l\u00eddry, kte\u0159\u00ed stoj\u00ed za inovacemi ve spole\u010dnosti Casale: t\u00fdmem, kter\u00fd prosazuje pr\u016fkopnick\u00e1 \u0159e\u0161en\u00ed v\u00a0oblasti chemick\u00e9ho in\u017een\u00fdrstv\u00ed a\u00a0\u0159\u00edd\u00ed vizi spole\u010dnosti pro udr\u017eitelnou budoucnost.","breadcrumb":{"@id":"https:\/\/casale.ch\/cs\/vedeni-spolecnosti\/#breadcrumb"},"inLanguage":"cs","potentialAction":[{"@type":"ReadAction","target":["https:\/\/casale.ch\/cs\/vedeni-spolecnosti\/"]}]},{"@type":"BreadcrumbList","@id":"https:\/\/casale.ch\/cs\/vedeni-spolecnosti\/#breadcrumb","itemListElement":[{"@type":"ListItem","position":1,"name":"Home","item":"https:\/\/casale.ch\/cs\/"},{"@type":"ListItem","position":2,"name":"Veden\u00ed"}]},{"@type":"WebSite","@id":"https:\/\/casale.ch\/cs\/#website","url":"https:\/\/casale.ch\/cs\/","name":"Casale","description":"Together for a new planet","publisher":{"@id":"https:\/\/casale.ch\/cs\/#organization"},"potentialAction":[{"@type":"SearchAction","target":{"@type":"EntryPoint","urlTemplate":"https:\/\/casale.ch\/cs\/?s={search_term_string}"},"query-input":{"@type":"PropertyValueSpecification","valueRequired":true,"valueName":"search_term_string"}}],"inLanguage":"cs"},{"@type":"Organization","@id":"https:\/\/casale.ch\/cs\/#organization","name":"Casale","url":"https:\/\/casale.ch\/cs\/","logo":{"@type":"ImageObject","inLanguage":"cs","@id":"https:\/\/casale.ch\/cs\/#\/schema\/logo\/image\/","url":"https:\/\/casale.ch\/wp-content\/uploads\/2023\/08\/logo_casale.svg","contentUrl":"https:\/\/casale.ch\/wp-content\/uploads\/2023\/08\/logo_casale.svg","width":1,"height":1,"caption":"Casale"},"image":{"@id":"https:\/\/casale.ch\/cs\/#\/schema\/logo\/image\/"}}]}},"_links":{"self":[{"href":"https:\/\/casale.ch\/cs\/wp-json\/wp\/v2\/pages\/8405","targetHints":{"allow":["GET"]}}],"collection":[{"href":"https:\/\/casale.ch\/cs\/wp-json\/wp\/v2\/pages"}],"about":[{"href":"https:\/\/casale.ch\/cs\/wp-json\/wp\/v2\/types\/page"}],"author":[{"embeddable":true,"href":"https:\/\/casale.ch\/cs\/wp-json\/wp\/v2\/users\/1"}],"replies":[{"embeddable":true,"href":"https:\/\/casale.ch\/cs\/wp-json\/wp\/v2\/comments?post=8405"}],"version-history":[{"count":9,"href":"https:\/\/casale.ch\/cs\/wp-json\/wp\/v2\/pages\/8405\/revisions"}],"predecessor-version":[{"id":14715,"href":"https:\/\/casale.ch\/cs\/wp-json\/wp\/v2\/pages\/8405\/revisions\/14715"}],"wp:attachment":[{"href":"https:\/\/casale.ch\/cs\/wp-json\/wp\/v2\/media?parent=8405"}],"curies":[{"name":"wp","href":"https:\/\/api.w.org\/{rel}","templated":true}]}}