{"id":8458,"date":"2023-12-11T10:14:30","date_gmt":"2023-12-11T09:14:30","guid":{"rendered":"https:\/\/casale.ch\/zamereni-na-energetickou-transformaci\/"},"modified":"2025-05-13T11:23:15","modified_gmt":"2025-05-13T09:23:15","slug":"zamereni-na-energetickou-transformaci","status":"publish","type":"page","link":"https:\/\/casale.ch\/cs\/udrzitelna-reseni\/zamereni-na-energetickou-transformaci\/","title":{"rendered":"Zam\u011b\u0159en\u00ed na energetickou transformaci"},"content":{"rendered":"[vc_row type=&#8220;full_width_background&#8220; full_screen_row_position=&#8220;middle&#8220; column_margin=&#8220;default&#8220; column_direction=&#8220;default&#8220; column_direction_tablet=&#8220;default&#8220; column_direction_phone=&#8220;default&#8220; bg_image=&#8220;220&#8243; bg_position=&#8220;right top&#8220; background_image_loading=&#8220;default&#8220; bg_repeat=&#8220;no-repeat&#8220; scene_position=&#8220;center&#8220; text_color=&#8220;dark&#8220; text_align=&#8220;left&#8220; row_border_radius=&#8220;none&#8220; row_border_radius_applies=&#8220;bg&#8220; overflow=&#8220;visible&#8220; class=&#8220;sustainable second_lv&#8220; id=&#8220;section_hero_categoria_primo&#8220; overlay_strength=&#8220;0.3&#8243; gradient_direction=&#8220;left_to_right&#8220; shape_divider_position=&#8220;bottom&#8220; bg_image_animation=&#8220;none&#8220; gradient_type=&#8220;default&#8220; shape_type=&#8220;&#8220;][vc_column column_padding=&#8220;no-extra-padding&#8220; column_padding_tablet=&#8220;inherit&#8220; column_padding_phone=&#8220;inherit&#8220; column_padding_position=&#8220;all&#8220; column_element_direction_desktop=&#8220;default&#8220; column_element_spacing=&#8220;default&#8220; desktop_text_alignment=&#8220;default&#8220; tablet_text_alignment=&#8220;default&#8220; phone_text_alignment=&#8220;default&#8220; background_color_opacity=&#8220;1&#8243; background_hover_color_opacity=&#8220;1&#8243; column_backdrop_filter=&#8220;none&#8220; column_shadow=&#8220;none&#8220; column_border_radius=&#8220;none&#8220; column_link_target=&#8220;_self&#8220; column_position=&#8220;default&#8220; gradient_direction=&#8220;left_to_right&#8220; overlay_strength=&#8220;0.3&#8243; width=&#8220;1\/1&#8243; tablet_width_inherit=&#8220;default&#8220; animation_type=&#8220;default&#8220; bg_image_animation=&#8220;none&#8220; border_type=&#8220;simple&#8220; column_border_width=&#8220;none&#8220; column_border_style=&#8220;solid&#8220;][vc_column_text css_animation=&#8220;fadeInUp&#8220;]\n<h2 class=\"big_h1\">Zam\u011b\u0159en\u00ed<br \/>\nna energetickou transformaci<\/h2>\n[\/vc_column_text][\/vc_column][\/vc_row][vc_row type=&#8220;in_container&#8220; full_screen_row_position=&#8220;middle&#8220; column_margin=&#8220;default&#8220; equal_height=&#8220;yes&#8220; column_direction=&#8220;default&#8220; column_direction_tablet=&#8220;default&#8220; column_direction_phone=&#8220;default&#8220; scene_position=&#8220;center&#8220; text_color=&#8220;dark&#8220; text_align=&#8220;left&#8220; row_border_radius=&#8220;none&#8220; row_border_radius_applies=&#8220;bg&#8220; overflow=&#8220;visible&#8220; class=&#8220;sustainable flexigreen&#8220; id=&#8220;section_hero_categoria_primo_bottom&#8220; overlay_strength=&#8220;0.3&#8243; gradient_direction=&#8220;left_to_right&#8220; shape_divider_position=&#8220;bottom&#8220; bg_image_animation=&#8220;none&#8220; gradient_type=&#8220;default&#8220; shape_type=&#8220;&#8220;][vc_column column_padding=&#8220;no-extra-padding&#8220; column_padding_tablet=&#8220;inherit&#8220; column_padding_phone=&#8220;inherit&#8220; column_padding_position=&#8220;all&#8220; column_element_direction_desktop=&#8220;default&#8220; column_element_spacing=&#8220;default&#8220; desktop_text_alignment=&#8220;default&#8220; tablet_text_alignment=&#8220;default&#8220; phone_text_alignment=&#8220;default&#8220; background_color_opacity=&#8220;1&#8243; background_hover_color_opacity=&#8220;1&#8243; column_backdrop_filter=&#8220;none&#8220; column_shadow=&#8220;none&#8220; column_border_radius=&#8220;none&#8220; column_link_target=&#8220;_self&#8220; column_position=&#8220;default&#8220; el_class=&#8220;box_grigio&#8220; gradient_direction=&#8220;left_to_right&#8220; overlay_strength=&#8220;0.3&#8243; width=&#8220;7\/12&#8243; tablet_width_inherit=&#8220;default&#8220; animation_type=&#8220;default&#8220; bg_image_animation=&#8220;none&#8220; border_type=&#8220;simple&#8220; column_border_width=&#8220;none&#8220; column_border_style=&#8220;solid&#8220; column_padding_type=&#8220;default&#8220; gradient_type=&#8220;default&#8220;][vc_raw_html]PHN2ZyBjbGFzcz0ic3ZnX3RvcCIgeG1sbnM9Imh0dHA6Ly93d3cudzMub3JnLzIwMDAvc3ZnIiB3aWR0aD0iNzQwIiBoZWlnaHQ9Ijc0IiB2aWV3Qm94PSIwIDAgNzQwIDc0IiBmaWxsPSJub25lIj4KPHBhdGggZD0iTTYxMS40MTggMEgwVjc0SDc0MEw2MTEuNDE4IDBaIiBmaWxsPSIjRjhGOEY4Ii8+Cjwvc3ZnPg==[\/vc_raw_html][vc_column_text css_animation=&#8220;none&#8220;]\n<h1 style=\"color: #13a538;\">Zam\u011b\u0159en\u00ed na energetickou transformaci<\/h1>\n[\/vc_column_text][vc_raw_html]PHN2ZyBjbGFzcz0ic3ZnX2JvdHRvbSIgeG1sbnM9Imh0dHA6Ly93d3cudzMub3JnLzIwMDAvc3ZnIiB3aWR0aD0iNzQwIiBoZWlnaHQ9Ijc0IiB2aWV3Qm94PSIwIDAgNzQwIDc0IiBmaWxsPSJub25lIj4KPHBhdGggZD0iTTEyOC41ODIgNzRMNzQwIDc0VjBMNi4xMDM1MmUtMDUgMEwxMjguNTgyIDc0WiIgZmlsbD0iI0Y4RjhGOCIvPgo8L3N2Zz4=[\/vc_raw_html][\/vc_column][vc_column column_padding=&#8220;no-extra-padding&#8220; column_padding_tablet=&#8220;inherit&#8220; column_padding_phone=&#8220;inherit&#8220; column_padding_position=&#8220;all&#8220; column_element_direction_desktop=&#8220;default&#8220; column_element_spacing=&#8220;default&#8220; desktop_text_alignment=&#8220;default&#8220; tablet_text_alignment=&#8220;default&#8220; phone_text_alignment=&#8220;default&#8220; background_color_opacity=&#8220;1&#8243; background_hover_color_opacity=&#8220;1&#8243; column_backdrop_filter=&#8220;none&#8220; column_shadow=&#8220;none&#8220; column_border_radius=&#8220;none&#8220; column_link_target=&#8220;_self&#8220; column_position=&#8220;default&#8220; gradient_direction=&#8220;left_to_right&#8220; overlay_strength=&#8220;0.3&#8243; width=&#8220;5\/12&#8243; tablet_width_inherit=&#8220;default&#8220; animation_type=&#8220;default&#8220; bg_image_animation=&#8220;none&#8220; border_type=&#8220;simple&#8220; column_border_width=&#8220;none&#8220; column_border_style=&#8220;solid&#8220;][nectar_highlighted_text color_type=&#8220;regular&#8220; text_color=&#8220;#ffffff&#8220; style=&#8220;full_text&#8220; highlight_expansion=&#8220;default&#8220;][\/nectar_highlighted_text][\/vc_column][\/vc_row][vc_row type=&#8220;in_container&#8220; full_screen_row_position=&#8220;middle&#8220; column_margin=&#8220;default&#8220; column_direction=&#8220;default&#8220; column_direction_tablet=&#8220;default&#8220; column_direction_phone=&#8220;default&#8220; scene_position=&#8220;center&#8220; text_color=&#8220;dark&#8220; text_align=&#8220;left&#8220; row_border_radius=&#8220;none&#8220; row_border_radius_applies=&#8220;bg&#8220; overflow=&#8220;visible&#8220; id=&#8220;section_focus_posts&#8220; overlay_strength=&#8220;0.3&#8243; gradient_direction=&#8220;left_to_right&#8220; shape_divider_position=&#8220;bottom&#8220; bg_image_animation=&#8220;none&#8220; gradient_type=&#8220;default&#8220; shape_type=&#8220;&#8220;][vc_column column_padding=&#8220;no-extra-padding&#8220; column_padding_tablet=&#8220;inherit&#8220; column_padding_phone=&#8220;inherit&#8220; column_padding_position=&#8220;all&#8220; column_element_direction_desktop=&#8220;default&#8220; column_element_spacing=&#8220;default&#8220; desktop_text_alignment=&#8220;default&#8220; tablet_text_alignment=&#8220;default&#8220; phone_text_alignment=&#8220;default&#8220; background_color_opacity=&#8220;1&#8243; background_hover_color_opacity=&#8220;1&#8243; column_backdrop_filter=&#8220;none&#8220; column_shadow=&#8220;none&#8220; column_border_radius=&#8220;none&#8220; column_link_target=&#8220;_self&#8220; column_position=&#8220;default&#8220; gradient_direction=&#8220;left_to_right&#8220; overlay_strength=&#8220;0.3&#8243; width=&#8220;1\/1&#8243; tablet_width_inherit=&#8220;default&#8220; animation_type=&#8220;default&#8220; bg_image_animation=&#8220;none&#8220; border_type=&#8220;simple&#8220; column_border_width=&#8220;none&#8220; column_border_style=&#8220;solid&#8220;][vc_raw_html]W3h5ei1pcHMgc25pcHBldD0icG9zdC1yZXN1bHQtRm9jdXMiXQ==[\/vc_raw_html][\/vc_column][\/vc_row]\n","protected":false},"excerpt":{"rendered":"<p>[vc_row type=&#8220;full_width_background&#8220; full_screen_row_position=&#8220;middle&#8220; column_margin=&#8220;default&#8220; column_direction=&#8220;default&#8220; column_direction_tablet=&#8220;default&#8220; column_direction_phone=&#8220;default&#8220; bg_image=&#8220;220&#8243; bg_position=&#8220;right top&#8220; background_image_loading=&#8220;default&#8220; bg_repeat=&#8220;no-repeat&#8220; scene_position=&#8220;center&#8220; text_color=&#8220;dark&#8220; text_align=&#8220;left&#8220; row_border_radius=&#8220;none&#8220; row_border_radius_applies=&#8220;bg&#8220; overflow=&#8220;visible&#8220; class=&#8220;sustainable second_lv&#8220; id=&#8220;section_hero_categoria_primo&#8220; overlay_strength=&#8220;0.3&#8243; gradient_direction=&#8220;left_to_right&#8220; shape_divider_position=&#8220;bottom&#8220; bg_image_animation=&#8220;none&#8220; gradient_type=&#8220;default&#8220; shape_type=&#8220;&#8220;][vc_column column_padding=&#8220;no-extra-padding&#8220; column_padding_tablet=&#8220;inherit&#8220; column_padding_phone=&#8220;inherit&#8220;&#8230;<\/p>\n","protected":false},"author":1,"featured_media":0,"parent":10365,"menu_order":92,"comment_status":"closed","ping_status":"closed","template":"","meta":{"_acf_changed":false,"inline_featured_image":false,"footnotes":""},"class_list":["post-8458","page","type-page","status-publish"],"acf":[],"yoast_head":"<!-- This site is optimized with the Yoast SEO plugin v27.1.1 - https:\/\/yoast.com\/product\/yoast-seo-wordpress\/ -->\n<title>Zam\u011b\u0159en\u00ed na energetickou transformaci &#8226; Casale<\/title>\n<meta name=\"description\" content=\"Zam\u011b\u0159en\u00ed spole\u010dnosti Casale na energetickou transformaci p\u0159in\u00e1\u0161\u00ed inovativn\u00ed \u0159e\u0161en\u00ed pro dekarbonizaci va\u0161eho z\u00e1vodu na v\u00fdrobu vod\u00edku, efektivn\u00ed skladov\u00e1n\u00ed a\u00a0p\u0159epravu obnoviteln\u00e9 energie a\u00a0p\u0159em\u011bnu emis\u00ed CO\u2082 na udr\u017eiteln\u00e9 zdroje.\" \/>\n<meta name=\"robots\" content=\"index, follow, max-snippet:-1, max-image-preview:large, max-video-preview:-1\" \/>\n<link rel=\"canonical\" href=\"https:\/\/casale.ch\/cs\/udrzitelna-reseni\/zamereni-na-energetickou-transformaci\/\" \/>\n<meta property=\"og:locale\" content=\"cs_CZ\" \/>\n<meta property=\"og:type\" content=\"article\" \/>\n<meta property=\"og:title\" content=\"Zam\u011b\u0159en\u00ed na energetickou transformaci &#8226; Casale\" \/>\n<meta property=\"og:description\" content=\"Zam\u011b\u0159en\u00ed spole\u010dnosti Casale na energetickou transformaci p\u0159in\u00e1\u0161\u00ed inovativn\u00ed \u0159e\u0161en\u00ed pro dekarbonizaci va\u0161eho z\u00e1vodu na v\u00fdrobu vod\u00edku, efektivn\u00ed skladov\u00e1n\u00ed a\u00a0p\u0159epravu obnoviteln\u00e9 energie a\u00a0p\u0159em\u011bnu emis\u00ed CO\u2082 na udr\u017eiteln\u00e9 zdroje.\" \/>\n<meta property=\"og:url\" content=\"https:\/\/casale.ch\/cs\/udrzitelna-reseni\/zamereni-na-energetickou-transformaci\/\" \/>\n<meta property=\"og:site_name\" content=\"Casale\" \/>\n<meta property=\"article:modified_time\" content=\"2025-05-13T09:23:15+00:00\" \/>\n<meta property=\"og:image\" content=\"https:\/\/casale.ch\/wp-content\/uploads\/2024\/02\/casale.jpg\" \/>\n\t<meta property=\"og:image:width\" content=\"1600\" \/>\n\t<meta property=\"og:image:height\" content=\"712\" \/>\n\t<meta property=\"og:image:type\" content=\"image\/jpeg\" \/>\n<meta name=\"twitter:card\" content=\"summary_large_image\" \/>\n<meta name=\"twitter:label1\" content=\"Odhadovan\u00e1 doba \u010dten\u00ed\" \/>\n\t<meta name=\"twitter:data1\" content=\"4 minuty\" \/>\n<script type=\"application\/ld+json\" class=\"yoast-schema-graph\">{\"@context\":\"https:\/\/schema.org\",\"@graph\":[{\"@type\":\"WebPage\",\"@id\":\"https:\/\/casale.ch\/cs\/udrzitelna-reseni\/zamereni-na-energetickou-transformaci\/\",\"url\":\"https:\/\/casale.ch\/cs\/udrzitelna-reseni\/zamereni-na-energetickou-transformaci\/\",\"name\":\"Zam\u011b\u0159en\u00ed na energetickou transformaci &#8226; Casale\",\"isPartOf\":{\"@id\":\"https:\/\/casale.ch\/cs\/#website\"},\"datePublished\":\"2023-12-11T09:14:30+00:00\",\"dateModified\":\"2025-05-13T09:23:15+00:00\",\"description\":\"Zam\u011b\u0159en\u00ed spole\u010dnosti Casale na energetickou transformaci p\u0159in\u00e1\u0161\u00ed inovativn\u00ed \u0159e\u0161en\u00ed pro dekarbonizaci va\u0161eho z\u00e1vodu na v\u00fdrobu vod\u00edku, efektivn\u00ed skladov\u00e1n\u00ed a\u00a0p\u0159epravu obnoviteln\u00e9 energie a\u00a0p\u0159em\u011bnu emis\u00ed CO\u2082 na udr\u017eiteln\u00e9 zdroje.\",\"breadcrumb\":{\"@id\":\"https:\/\/casale.ch\/cs\/udrzitelna-reseni\/zamereni-na-energetickou-transformaci\/#breadcrumb\"},\"inLanguage\":\"cs\",\"potentialAction\":[{\"@type\":\"ReadAction\",\"target\":[\"https:\/\/casale.ch\/cs\/udrzitelna-reseni\/zamereni-na-energetickou-transformaci\/\"]}]},{\"@type\":\"BreadcrumbList\",\"@id\":\"https:\/\/casale.ch\/cs\/udrzitelna-reseni\/zamereni-na-energetickou-transformaci\/#breadcrumb\",\"itemListElement\":[{\"@type\":\"ListItem\",\"position\":1,\"name\":\"Home\",\"item\":\"https:\/\/casale.ch\/cs\/\"},{\"@type\":\"ListItem\",\"position\":2,\"name\":\"Udr\u017eiteln\u00e1 \u0159e\u0161en\u00ed\",\"item\":\"https:\/\/casale.ch\/cs\/udrzitelna-reseni\/\"},{\"@type\":\"ListItem\",\"position\":3,\"name\":\"Zam\u011b\u0159en\u00ed na energetickou transformaci\"}]},{\"@type\":\"WebSite\",\"@id\":\"https:\/\/casale.ch\/cs\/#website\",\"url\":\"https:\/\/casale.ch\/cs\/\",\"name\":\"Casale\",\"description\":\"Together for a new planet\",\"publisher\":{\"@id\":\"https:\/\/casale.ch\/cs\/#organization\"},\"potentialAction\":[{\"@type\":\"SearchAction\",\"target\":{\"@type\":\"EntryPoint\",\"urlTemplate\":\"https:\/\/casale.ch\/cs\/?s={search_term_string}\"},\"query-input\":{\"@type\":\"PropertyValueSpecification\",\"valueRequired\":true,\"valueName\":\"search_term_string\"}}],\"inLanguage\":\"cs\"},{\"@type\":\"Organization\",\"@id\":\"https:\/\/casale.ch\/cs\/#organization\",\"name\":\"Casale\",\"url\":\"https:\/\/casale.ch\/cs\/\",\"logo\":{\"@type\":\"ImageObject\",\"inLanguage\":\"cs\",\"@id\":\"https:\/\/casale.ch\/cs\/#\/schema\/logo\/image\/\",\"url\":\"https:\/\/casale.ch\/wp-content\/uploads\/2023\/08\/logo_casale.svg\",\"contentUrl\":\"https:\/\/casale.ch\/wp-content\/uploads\/2023\/08\/logo_casale.svg\",\"width\":1,\"height\":1,\"caption\":\"Casale\"},\"image\":{\"@id\":\"https:\/\/casale.ch\/cs\/#\/schema\/logo\/image\/\"}}]}<\/script>\n<!-- \/ Yoast SEO plugin. -->","yoast_head_json":{"title":"Zam\u011b\u0159en\u00ed na energetickou transformaci &#8226; Casale","description":"Zam\u011b\u0159en\u00ed spole\u010dnosti Casale na energetickou transformaci p\u0159in\u00e1\u0161\u00ed inovativn\u00ed \u0159e\u0161en\u00ed pro dekarbonizaci va\u0161eho z\u00e1vodu na v\u00fdrobu vod\u00edku, efektivn\u00ed skladov\u00e1n\u00ed a\u00a0p\u0159epravu obnoviteln\u00e9 energie a\u00a0p\u0159em\u011bnu emis\u00ed CO\u2082 na udr\u017eiteln\u00e9 zdroje.","robots":{"index":"index","follow":"follow","max-snippet":"max-snippet:-1","max-image-preview":"max-image-preview:large","max-video-preview":"max-video-preview:-1"},"canonical":"https:\/\/casale.ch\/cs\/udrzitelna-reseni\/zamereni-na-energetickou-transformaci\/","og_locale":"cs_CZ","og_type":"article","og_title":"Zam\u011b\u0159en\u00ed na energetickou transformaci &#8226; Casale","og_description":"Zam\u011b\u0159en\u00ed spole\u010dnosti Casale na energetickou transformaci p\u0159in\u00e1\u0161\u00ed inovativn\u00ed \u0159e\u0161en\u00ed pro dekarbonizaci va\u0161eho z\u00e1vodu na v\u00fdrobu vod\u00edku, efektivn\u00ed skladov\u00e1n\u00ed a\u00a0p\u0159epravu obnoviteln\u00e9 energie a\u00a0p\u0159em\u011bnu emis\u00ed CO\u2082 na udr\u017eiteln\u00e9 zdroje.","og_url":"https:\/\/casale.ch\/cs\/udrzitelna-reseni\/zamereni-na-energetickou-transformaci\/","og_site_name":"Casale","article_modified_time":"2025-05-13T09:23:15+00:00","og_image":[{"width":1600,"height":712,"url":"https:\/\/casale.ch\/wp-content\/uploads\/2024\/02\/casale.jpg","type":"image\/jpeg"}],"twitter_card":"summary_large_image","twitter_misc":{"Odhadovan\u00e1 doba \u010dten\u00ed":"4 minuty"},"schema":{"@context":"https:\/\/schema.org","@graph":[{"@type":"WebPage","@id":"https:\/\/casale.ch\/cs\/udrzitelna-reseni\/zamereni-na-energetickou-transformaci\/","url":"https:\/\/casale.ch\/cs\/udrzitelna-reseni\/zamereni-na-energetickou-transformaci\/","name":"Zam\u011b\u0159en\u00ed na energetickou transformaci &#8226; Casale","isPartOf":{"@id":"https:\/\/casale.ch\/cs\/#website"},"datePublished":"2023-12-11T09:14:30+00:00","dateModified":"2025-05-13T09:23:15+00:00","description":"Zam\u011b\u0159en\u00ed spole\u010dnosti Casale na energetickou transformaci p\u0159in\u00e1\u0161\u00ed inovativn\u00ed \u0159e\u0161en\u00ed pro dekarbonizaci va\u0161eho z\u00e1vodu na v\u00fdrobu vod\u00edku, efektivn\u00ed skladov\u00e1n\u00ed a\u00a0p\u0159epravu obnoviteln\u00e9 energie a\u00a0p\u0159em\u011bnu emis\u00ed CO\u2082 na udr\u017eiteln\u00e9 zdroje.","breadcrumb":{"@id":"https:\/\/casale.ch\/cs\/udrzitelna-reseni\/zamereni-na-energetickou-transformaci\/#breadcrumb"},"inLanguage":"cs","potentialAction":[{"@type":"ReadAction","target":["https:\/\/casale.ch\/cs\/udrzitelna-reseni\/zamereni-na-energetickou-transformaci\/"]}]},{"@type":"BreadcrumbList","@id":"https:\/\/casale.ch\/cs\/udrzitelna-reseni\/zamereni-na-energetickou-transformaci\/#breadcrumb","itemListElement":[{"@type":"ListItem","position":1,"name":"Home","item":"https:\/\/casale.ch\/cs\/"},{"@type":"ListItem","position":2,"name":"Udr\u017eiteln\u00e1 \u0159e\u0161en\u00ed","item":"https:\/\/casale.ch\/cs\/udrzitelna-reseni\/"},{"@type":"ListItem","position":3,"name":"Zam\u011b\u0159en\u00ed na energetickou transformaci"}]},{"@type":"WebSite","@id":"https:\/\/casale.ch\/cs\/#website","url":"https:\/\/casale.ch\/cs\/","name":"Casale","description":"Together for a new planet","publisher":{"@id":"https:\/\/casale.ch\/cs\/#organization"},"potentialAction":[{"@type":"SearchAction","target":{"@type":"EntryPoint","urlTemplate":"https:\/\/casale.ch\/cs\/?s={search_term_string}"},"query-input":{"@type":"PropertyValueSpecification","valueRequired":true,"valueName":"search_term_string"}}],"inLanguage":"cs"},{"@type":"Organization","@id":"https:\/\/casale.ch\/cs\/#organization","name":"Casale","url":"https:\/\/casale.ch\/cs\/","logo":{"@type":"ImageObject","inLanguage":"cs","@id":"https:\/\/casale.ch\/cs\/#\/schema\/logo\/image\/","url":"https:\/\/casale.ch\/wp-content\/uploads\/2023\/08\/logo_casale.svg","contentUrl":"https:\/\/casale.ch\/wp-content\/uploads\/2023\/08\/logo_casale.svg","width":1,"height":1,"caption":"Casale"},"image":{"@id":"https:\/\/casale.ch\/cs\/#\/schema\/logo\/image\/"}}]}},"_links":{"self":[{"href":"https:\/\/casale.ch\/cs\/wp-json\/wp\/v2\/pages\/8458","targetHints":{"allow":["GET"]}}],"collection":[{"href":"https:\/\/casale.ch\/cs\/wp-json\/wp\/v2\/pages"}],"about":[{"href":"https:\/\/casale.ch\/cs\/wp-json\/wp\/v2\/types\/page"}],"author":[{"embeddable":true,"href":"https:\/\/casale.ch\/cs\/wp-json\/wp\/v2\/users\/1"}],"replies":[{"embeddable":true,"href":"https:\/\/casale.ch\/cs\/wp-json\/wp\/v2\/comments?post=8458"}],"version-history":[{"count":1,"href":"https:\/\/casale.ch\/cs\/wp-json\/wp\/v2\/pages\/8458\/revisions"}],"predecessor-version":[{"id":8462,"href":"https:\/\/casale.ch\/cs\/wp-json\/wp\/v2\/pages\/8458\/revisions\/8462"}],"up":[{"embeddable":true,"href":"https:\/\/casale.ch\/cs\/wp-json\/wp\/v2\/pages\/10365"}],"wp:attachment":[{"href":"https:\/\/casale.ch\/cs\/wp-json\/wp\/v2\/media?parent=8458"}],"curies":[{"name":"wp","href":"https:\/\/api.w.org\/{rel}","templated":true}]}}