{"id":8429,"date":"2023-12-11T10:14:30","date_gmt":"2023-12-11T09:14:30","guid":{"rendered":"https:\/\/casale.ch\/enfoque-de-transicion-energetica\/"},"modified":"2025-05-13T11:22:52","modified_gmt":"2025-05-13T09:22:52","slug":"enfoque-de-transicion-energetica","status":"publish","type":"page","link":"https:\/\/casale.ch\/es\/soluciones-sostenibles\/enfoque-de-transicion-energetica\/","title":{"rendered":"Enfoque de transici\u00f3n energ\u00e9tica"},"content":{"rendered":"[vc_row type=\u00bbfull_width_background\u00bb full_screen_row_position=\u00bbmiddle\u00bb column_margin=\u00bbdefault\u00bb column_direction=\u00bbdefault\u00bb column_direction_tablet=\u00bbdefault\u00bb column_direction_phone=\u00bbdefault\u00bb bg_image=\u00bb220&#8243; bg_position=\u00bbright top\u00bb background_image_loading=\u00bbdefault\u00bb bg_repeat=\u00bbno-repeat\u00bb scene_position=\u00bbcenter\u00bb text_color=\u00bbdark\u00bb text_align=\u00bbleft\u00bb row_border_radius=\u00bbnone\u00bb row_border_radius_applies=\u00bbbg\u00bb overflow=\u00bbvisible\u00bb class=\u00bbsustainable second_lv\u00bb id=\u00bbsection_hero_categoria_primo\u00bb overlay_strength=\u00bb0.3&#8243; gradient_direction=\u00bbleft_to_right\u00bb shape_divider_position=\u00bbbottom\u00bb bg_image_animation=\u00bbnone\u00bb gradient_type=\u00bbdefault\u00bb shape_type=\u00bb\u00bb][vc_column column_padding=\u00bbno-extra-padding\u00bb column_padding_tablet=\u00bbinherit\u00bb column_padding_phone=\u00bbinherit\u00bb column_padding_position=\u00bball\u00bb column_element_direction_desktop=\u00bbdefault\u00bb column_element_spacing=\u00bbdefault\u00bb desktop_text_alignment=\u00bbdefault\u00bb tablet_text_alignment=\u00bbdefault\u00bb phone_text_alignment=\u00bbdefault\u00bb background_color_opacity=\u00bb1&#8243; background_hover_color_opacity=\u00bb1&#8243; column_backdrop_filter=\u00bbnone\u00bb column_shadow=\u00bbnone\u00bb column_border_radius=\u00bbnone\u00bb column_link_target=\u00bb_self\u00bb column_position=\u00bbdefault\u00bb gradient_direction=\u00bbleft_to_right\u00bb overlay_strength=\u00bb0.3&#8243; width=\u00bb1\/1&#8243; tablet_width_inherit=\u00bbdefault\u00bb animation_type=\u00bbdefault\u00bb bg_image_animation=\u00bbnone\u00bb border_type=\u00bbsimple\u00bb column_border_width=\u00bbnone\u00bb column_border_style=\u00bbsolid\u00bb][vc_column_text css_animation=\u00bbfadeInUp\u00bb]\n<h2 class=\"big_h1\">Enfoque<br \/>\nde transici\u00f3n energ\u00e9tica<\/h2>\n[\/vc_column_text][\/vc_column][\/vc_row][vc_row type=\u00bbin_container\u00bb full_screen_row_position=\u00bbmiddle\u00bb column_margin=\u00bbdefault\u00bb equal_height=\u00bbyes\u00bb column_direction=\u00bbdefault\u00bb column_direction_tablet=\u00bbdefault\u00bb column_direction_phone=\u00bbdefault\u00bb scene_position=\u00bbcenter\u00bb text_color=\u00bbdark\u00bb text_align=\u00bbleft\u00bb row_border_radius=\u00bbnone\u00bb row_border_radius_applies=\u00bbbg\u00bb overflow=\u00bbvisible\u00bb class=\u00bbsustainable flexigreen\u00bb id=\u00bbsection_hero_categoria_primo_bottom\u00bb overlay_strength=\u00bb0.3&#8243; gradient_direction=\u00bbleft_to_right\u00bb shape_divider_position=\u00bbbottom\u00bb bg_image_animation=\u00bbnone\u00bb gradient_type=\u00bbdefault\u00bb shape_type=\u00bb\u00bb][vc_column column_padding=\u00bbno-extra-padding\u00bb column_padding_tablet=\u00bbinherit\u00bb column_padding_phone=\u00bbinherit\u00bb column_padding_position=\u00bball\u00bb column_element_direction_desktop=\u00bbdefault\u00bb column_element_spacing=\u00bbdefault\u00bb desktop_text_alignment=\u00bbdefault\u00bb tablet_text_alignment=\u00bbdefault\u00bb phone_text_alignment=\u00bbdefault\u00bb background_color_opacity=\u00bb1&#8243; background_hover_color_opacity=\u00bb1&#8243; column_backdrop_filter=\u00bbnone\u00bb column_shadow=\u00bbnone\u00bb column_border_radius=\u00bbnone\u00bb column_link_target=\u00bb_self\u00bb column_position=\u00bbdefault\u00bb el_class=\u00bbbox_grigio\u00bb gradient_direction=\u00bbleft_to_right\u00bb overlay_strength=\u00bb0.3&#8243; width=\u00bb7\/12&#8243; tablet_width_inherit=\u00bbdefault\u00bb animation_type=\u00bbdefault\u00bb bg_image_animation=\u00bbnone\u00bb border_type=\u00bbsimple\u00bb column_border_width=\u00bbnone\u00bb column_border_style=\u00bbsolid\u00bb column_padding_type=\u00bbdefault\u00bb gradient_type=\u00bbdefault\u00bb][vc_raw_html]PHN2ZyBjbGFzcz0ic3ZnX3RvcCIgeG1sbnM9Imh0dHA6Ly93d3cudzMub3JnLzIwMDAvc3ZnIiB3aWR0aD0iNzQwIiBoZWlnaHQ9Ijc0IiB2aWV3Qm94PSIwIDAgNzQwIDc0IiBmaWxsPSJub25lIj4KPHBhdGggZD0iTTYxMS40MTggMEgwVjc0SDc0MEw2MTEuNDE4IDBaIiBmaWxsPSIjRjhGOEY4Ii8+Cjwvc3ZnPg==[\/vc_raw_html][vc_column_text css_animation=\u00bbnone\u00bb]\n<h1 style=\"color: #13a538;\">Enfoque de transici\u00f3n energ\u00e9tica<\/h1>\n[\/vc_column_text][vc_raw_html]PHN2ZyBjbGFzcz0ic3ZnX2JvdHRvbSIgeG1sbnM9Imh0dHA6Ly93d3cudzMub3JnLzIwMDAvc3ZnIiB3aWR0aD0iNzQwIiBoZWlnaHQ9Ijc0IiB2aWV3Qm94PSIwIDAgNzQwIDc0IiBmaWxsPSJub25lIj4KPHBhdGggZD0iTTEyOC41ODIgNzRMNzQwIDc0VjBMNi4xMDM1MmUtMDUgMEwxMjguNTgyIDc0WiIgZmlsbD0iI0Y4RjhGOCIvPgo8L3N2Zz4=[\/vc_raw_html][\/vc_column][vc_column column_padding=\u00bbno-extra-padding\u00bb column_padding_tablet=\u00bbinherit\u00bb column_padding_phone=\u00bbinherit\u00bb column_padding_position=\u00bball\u00bb column_element_direction_desktop=\u00bbdefault\u00bb column_element_spacing=\u00bbdefault\u00bb desktop_text_alignment=\u00bbdefault\u00bb tablet_text_alignment=\u00bbdefault\u00bb phone_text_alignment=\u00bbdefault\u00bb background_color_opacity=\u00bb1&#8243; background_hover_color_opacity=\u00bb1&#8243; column_backdrop_filter=\u00bbnone\u00bb column_shadow=\u00bbnone\u00bb column_border_radius=\u00bbnone\u00bb column_link_target=\u00bb_self\u00bb column_position=\u00bbdefault\u00bb gradient_direction=\u00bbleft_to_right\u00bb overlay_strength=\u00bb0.3&#8243; width=\u00bb5\/12&#8243; tablet_width_inherit=\u00bbdefault\u00bb animation_type=\u00bbdefault\u00bb bg_image_animation=\u00bbnone\u00bb border_type=\u00bbsimple\u00bb column_border_width=\u00bbnone\u00bb column_border_style=\u00bbsolid\u00bb][nectar_highlighted_text color_type=\u00bbregular\u00bb text_color=\u00bb#ffffff\u00bb style=\u00bbfull_text\u00bb highlight_expansion=\u00bbdefault\u00bb][\/nectar_highlighted_text][\/vc_column][\/vc_row][vc_row type=\u00bbin_container\u00bb full_screen_row_position=\u00bbmiddle\u00bb column_margin=\u00bbdefault\u00bb column_direction=\u00bbdefault\u00bb column_direction_tablet=\u00bbdefault\u00bb column_direction_phone=\u00bbdefault\u00bb scene_position=\u00bbcenter\u00bb text_color=\u00bbdark\u00bb text_align=\u00bbleft\u00bb row_border_radius=\u00bbnone\u00bb row_border_radius_applies=\u00bbbg\u00bb overflow=\u00bbvisible\u00bb id=\u00bbsection_focus_posts\u00bb overlay_strength=\u00bb0.3&#8243; gradient_direction=\u00bbleft_to_right\u00bb shape_divider_position=\u00bbbottom\u00bb bg_image_animation=\u00bbnone\u00bb gradient_type=\u00bbdefault\u00bb shape_type=\u00bb\u00bb][vc_column column_padding=\u00bbno-extra-padding\u00bb column_padding_tablet=\u00bbinherit\u00bb column_padding_phone=\u00bbinherit\u00bb column_padding_position=\u00bball\u00bb column_element_direction_desktop=\u00bbdefault\u00bb column_element_spacing=\u00bbdefault\u00bb desktop_text_alignment=\u00bbdefault\u00bb tablet_text_alignment=\u00bbdefault\u00bb phone_text_alignment=\u00bbdefault\u00bb background_color_opacity=\u00bb1&#8243; background_hover_color_opacity=\u00bb1&#8243; column_backdrop_filter=\u00bbnone\u00bb column_shadow=\u00bbnone\u00bb column_border_radius=\u00bbnone\u00bb column_link_target=\u00bb_self\u00bb column_position=\u00bbdefault\u00bb gradient_direction=\u00bbleft_to_right\u00bb overlay_strength=\u00bb0.3&#8243; width=\u00bb1\/1&#8243; tablet_width_inherit=\u00bbdefault\u00bb animation_type=\u00bbdefault\u00bb bg_image_animation=\u00bbnone\u00bb border_type=\u00bbsimple\u00bb column_border_width=\u00bbnone\u00bb column_border_style=\u00bbsolid\u00bb][vc_raw_html]W3h5ei1pcHMgc25pcHBldD0icG9zdC1yZXN1bHQtRm9jdXMiXQ==[\/vc_raw_html][\/vc_column][\/vc_row]\n","protected":false},"excerpt":{"rendered":"<p>[vc_row type=\u00bbfull_width_background\u00bb full_screen_row_position=\u00bbmiddle\u00bb column_margin=\u00bbdefault\u00bb column_direction=\u00bbdefault\u00bb column_direction_tablet=\u00bbdefault\u00bb column_direction_phone=\u00bbdefault\u00bb bg_image=\u00bb220&#8243; bg_position=\u00bbright top\u00bb background_image_loading=\u00bbdefault\u00bb bg_repeat=\u00bbno-repeat\u00bb scene_position=\u00bbcenter\u00bb text_color=\u00bbdark\u00bb text_align=\u00bbleft\u00bb row_border_radius=\u00bbnone\u00bb row_border_radius_applies=\u00bbbg\u00bb overflow=\u00bbvisible\u00bb class=\u00bbsustainable second_lv\u00bb id=\u00bbsection_hero_categoria_primo\u00bb overlay_strength=\u00bb0.3&#8243; gradient_direction=\u00bbleft_to_right\u00bb shape_divider_position=\u00bbbottom\u00bb bg_image_animation=\u00bbnone\u00bb gradient_type=\u00bbdefault\u00bb shape_type=\u00bb\u00bb][vc_column column_padding=\u00bbno-extra-padding\u00bb column_padding_tablet=\u00bbinherit\u00bb column_padding_phone=\u00bbinherit\u00bb&#8230;<\/p>\n","protected":false},"author":1,"featured_media":0,"parent":10302,"menu_order":93,"comment_status":"closed","ping_status":"closed","template":"","meta":{"_acf_changed":false,"inline_featured_image":false,"footnotes":""},"class_list":["post-8429","page","type-page","status-publish"],"acf":[],"yoast_head":"<!-- This site is optimized with the Yoast SEO plugin v27.1.1 - https:\/\/yoast.com\/product\/yoast-seo-wordpress\/ -->\n<title>Enfoque de transici\u00f3n energ\u00e9tica &#8226; Casale<\/title>\n<meta name=\"description\" content=\"El enfoque de transici\u00f3n energ\u00e9tica de Casale ofrece soluciones innovadoras para descarbonizar su planta de hidr\u00f3geno, almacenar y transportar energ\u00eda renovable de manera eficiente y transformar las emisiones de CO\u2082 en recursos sostenibles.\" \/>\n<meta name=\"robots\" content=\"index, follow, max-snippet:-1, max-image-preview:large, max-video-preview:-1\" \/>\n<link rel=\"canonical\" href=\"https:\/\/casale.ch\/es\/soluciones-sostenibles\/enfoque-de-transicion-energetica\/\" \/>\n<meta property=\"og:locale\" content=\"es_ES\" \/>\n<meta property=\"og:type\" content=\"article\" \/>\n<meta property=\"og:title\" content=\"Enfoque de transici\u00f3n energ\u00e9tica &#8226; Casale\" \/>\n<meta property=\"og:description\" content=\"El enfoque de transici\u00f3n energ\u00e9tica de Casale ofrece soluciones innovadoras para descarbonizar su planta de hidr\u00f3geno, almacenar y transportar energ\u00eda renovable de manera eficiente y transformar las emisiones de CO\u2082 en recursos sostenibles.\" \/>\n<meta property=\"og:url\" content=\"https:\/\/casale.ch\/es\/soluciones-sostenibles\/enfoque-de-transicion-energetica\/\" \/>\n<meta property=\"og:site_name\" content=\"Casale\" \/>\n<meta property=\"article:modified_time\" content=\"2025-05-13T09:22:52+00:00\" \/>\n<meta property=\"og:image\" content=\"https:\/\/casale.ch\/wp-content\/uploads\/2024\/02\/casale.jpg\" \/>\n\t<meta property=\"og:image:width\" content=\"1600\" \/>\n\t<meta property=\"og:image:height\" content=\"712\" \/>\n\t<meta property=\"og:image:type\" content=\"image\/jpeg\" \/>\n<meta name=\"twitter:card\" content=\"summary_large_image\" \/>\n<meta name=\"twitter:label1\" content=\"Tiempo de lectura\" \/>\n\t<meta name=\"twitter:data1\" content=\"4 minutos\" \/>\n<script type=\"application\/ld+json\" class=\"yoast-schema-graph\">{\"@context\":\"https:\/\/schema.org\",\"@graph\":[{\"@type\":\"WebPage\",\"@id\":\"https:\/\/casale.ch\/es\/soluciones-sostenibles\/enfoque-de-transicion-energetica\/\",\"url\":\"https:\/\/casale.ch\/es\/soluciones-sostenibles\/enfoque-de-transicion-energetica\/\",\"name\":\"Enfoque de transici\u00f3n energ\u00e9tica &#8226; Casale\",\"isPartOf\":{\"@id\":\"https:\/\/casale.ch\/es\/#website\"},\"datePublished\":\"2023-12-11T09:14:30+00:00\",\"dateModified\":\"2025-05-13T09:22:52+00:00\",\"description\":\"El enfoque de transici\u00f3n energ\u00e9tica de Casale ofrece soluciones innovadoras para descarbonizar su planta de hidr\u00f3geno, almacenar y transportar energ\u00eda renovable de manera eficiente y transformar las emisiones de CO\u2082 en recursos sostenibles.\",\"breadcrumb\":{\"@id\":\"https:\/\/casale.ch\/es\/soluciones-sostenibles\/enfoque-de-transicion-energetica\/#breadcrumb\"},\"inLanguage\":\"es\",\"potentialAction\":[{\"@type\":\"ReadAction\",\"target\":[\"https:\/\/casale.ch\/es\/soluciones-sostenibles\/enfoque-de-transicion-energetica\/\"]}]},{\"@type\":\"BreadcrumbList\",\"@id\":\"https:\/\/casale.ch\/es\/soluciones-sostenibles\/enfoque-de-transicion-energetica\/#breadcrumb\",\"itemListElement\":[{\"@type\":\"ListItem\",\"position\":1,\"name\":\"Home\",\"item\":\"https:\/\/casale.ch\/es\/\"},{\"@type\":\"ListItem\",\"position\":2,\"name\":\"Soluciones sostenibles\",\"item\":\"https:\/\/casale.ch\/es\/soluciones-sostenibles\/\"},{\"@type\":\"ListItem\",\"position\":3,\"name\":\"Enfoque de transici\u00f3n energ\u00e9tica\"}]},{\"@type\":\"WebSite\",\"@id\":\"https:\/\/casale.ch\/es\/#website\",\"url\":\"https:\/\/casale.ch\/es\/\",\"name\":\"Casale\",\"description\":\"Together for a new planet\",\"publisher\":{\"@id\":\"https:\/\/casale.ch\/es\/#organization\"},\"potentialAction\":[{\"@type\":\"SearchAction\",\"target\":{\"@type\":\"EntryPoint\",\"urlTemplate\":\"https:\/\/casale.ch\/es\/?s={search_term_string}\"},\"query-input\":{\"@type\":\"PropertyValueSpecification\",\"valueRequired\":true,\"valueName\":\"search_term_string\"}}],\"inLanguage\":\"es\"},{\"@type\":\"Organization\",\"@id\":\"https:\/\/casale.ch\/es\/#organization\",\"name\":\"Casale\",\"url\":\"https:\/\/casale.ch\/es\/\",\"logo\":{\"@type\":\"ImageObject\",\"inLanguage\":\"es\",\"@id\":\"https:\/\/casale.ch\/es\/#\/schema\/logo\/image\/\",\"url\":\"https:\/\/casale.ch\/wp-content\/uploads\/2023\/08\/logo_casale.svg\",\"contentUrl\":\"https:\/\/casale.ch\/wp-content\/uploads\/2023\/08\/logo_casale.svg\",\"width\":1,\"height\":1,\"caption\":\"Casale\"},\"image\":{\"@id\":\"https:\/\/casale.ch\/es\/#\/schema\/logo\/image\/\"}}]}<\/script>\n<!-- \/ Yoast SEO plugin. -->","yoast_head_json":{"title":"Enfoque de transici\u00f3n energ\u00e9tica &#8226; Casale","description":"El enfoque de transici\u00f3n energ\u00e9tica de Casale ofrece soluciones innovadoras para descarbonizar su planta de hidr\u00f3geno, almacenar y transportar energ\u00eda renovable de manera eficiente y transformar las emisiones de CO\u2082 en recursos sostenibles.","robots":{"index":"index","follow":"follow","max-snippet":"max-snippet:-1","max-image-preview":"max-image-preview:large","max-video-preview":"max-video-preview:-1"},"canonical":"https:\/\/casale.ch\/es\/soluciones-sostenibles\/enfoque-de-transicion-energetica\/","og_locale":"es_ES","og_type":"article","og_title":"Enfoque de transici\u00f3n energ\u00e9tica &#8226; Casale","og_description":"El enfoque de transici\u00f3n energ\u00e9tica de Casale ofrece soluciones innovadoras para descarbonizar su planta de hidr\u00f3geno, almacenar y transportar energ\u00eda renovable de manera eficiente y transformar las emisiones de CO\u2082 en recursos sostenibles.","og_url":"https:\/\/casale.ch\/es\/soluciones-sostenibles\/enfoque-de-transicion-energetica\/","og_site_name":"Casale","article_modified_time":"2025-05-13T09:22:52+00:00","og_image":[{"width":1600,"height":712,"url":"https:\/\/casale.ch\/wp-content\/uploads\/2024\/02\/casale.jpg","type":"image\/jpeg"}],"twitter_card":"summary_large_image","twitter_misc":{"Tiempo de lectura":"4 minutos"},"schema":{"@context":"https:\/\/schema.org","@graph":[{"@type":"WebPage","@id":"https:\/\/casale.ch\/es\/soluciones-sostenibles\/enfoque-de-transicion-energetica\/","url":"https:\/\/casale.ch\/es\/soluciones-sostenibles\/enfoque-de-transicion-energetica\/","name":"Enfoque de transici\u00f3n energ\u00e9tica &#8226; Casale","isPartOf":{"@id":"https:\/\/casale.ch\/es\/#website"},"datePublished":"2023-12-11T09:14:30+00:00","dateModified":"2025-05-13T09:22:52+00:00","description":"El enfoque de transici\u00f3n energ\u00e9tica de Casale ofrece soluciones innovadoras para descarbonizar su planta de hidr\u00f3geno, almacenar y transportar energ\u00eda renovable de manera eficiente y transformar las emisiones de CO\u2082 en recursos sostenibles.","breadcrumb":{"@id":"https:\/\/casale.ch\/es\/soluciones-sostenibles\/enfoque-de-transicion-energetica\/#breadcrumb"},"inLanguage":"es","potentialAction":[{"@type":"ReadAction","target":["https:\/\/casale.ch\/es\/soluciones-sostenibles\/enfoque-de-transicion-energetica\/"]}]},{"@type":"BreadcrumbList","@id":"https:\/\/casale.ch\/es\/soluciones-sostenibles\/enfoque-de-transicion-energetica\/#breadcrumb","itemListElement":[{"@type":"ListItem","position":1,"name":"Home","item":"https:\/\/casale.ch\/es\/"},{"@type":"ListItem","position":2,"name":"Soluciones sostenibles","item":"https:\/\/casale.ch\/es\/soluciones-sostenibles\/"},{"@type":"ListItem","position":3,"name":"Enfoque de transici\u00f3n energ\u00e9tica"}]},{"@type":"WebSite","@id":"https:\/\/casale.ch\/es\/#website","url":"https:\/\/casale.ch\/es\/","name":"Casale","description":"Together for a new planet","publisher":{"@id":"https:\/\/casale.ch\/es\/#organization"},"potentialAction":[{"@type":"SearchAction","target":{"@type":"EntryPoint","urlTemplate":"https:\/\/casale.ch\/es\/?s={search_term_string}"},"query-input":{"@type":"PropertyValueSpecification","valueRequired":true,"valueName":"search_term_string"}}],"inLanguage":"es"},{"@type":"Organization","@id":"https:\/\/casale.ch\/es\/#organization","name":"Casale","url":"https:\/\/casale.ch\/es\/","logo":{"@type":"ImageObject","inLanguage":"es","@id":"https:\/\/casale.ch\/es\/#\/schema\/logo\/image\/","url":"https:\/\/casale.ch\/wp-content\/uploads\/2023\/08\/logo_casale.svg","contentUrl":"https:\/\/casale.ch\/wp-content\/uploads\/2023\/08\/logo_casale.svg","width":1,"height":1,"caption":"Casale"},"image":{"@id":"https:\/\/casale.ch\/es\/#\/schema\/logo\/image\/"}}]}},"_links":{"self":[{"href":"https:\/\/casale.ch\/es\/wp-json\/wp\/v2\/pages\/8429","targetHints":{"allow":["GET"]}}],"collection":[{"href":"https:\/\/casale.ch\/es\/wp-json\/wp\/v2\/pages"}],"about":[{"href":"https:\/\/casale.ch\/es\/wp-json\/wp\/v2\/types\/page"}],"author":[{"embeddable":true,"href":"https:\/\/casale.ch\/es\/wp-json\/wp\/v2\/users\/1"}],"replies":[{"embeddable":true,"href":"https:\/\/casale.ch\/es\/wp-json\/wp\/v2\/comments?post=8429"}],"version-history":[{"count":1,"href":"https:\/\/casale.ch\/es\/wp-json\/wp\/v2\/pages\/8429\/revisions"}],"predecessor-version":[{"id":8434,"href":"https:\/\/casale.ch\/es\/wp-json\/wp\/v2\/pages\/8429\/revisions\/8434"}],"up":[{"embeddable":true,"href":"https:\/\/casale.ch\/es\/wp-json\/wp\/v2\/pages\/10302"}],"wp:attachment":[{"href":"https:\/\/casale.ch\/es\/wp-json\/wp\/v2\/media?parent=8429"}],"curies":[{"name":"wp","href":"https:\/\/api.w.org\/{rel}","templated":true}]}}