{"id":8449,"date":"2023-12-11T11:50:31","date_gmt":"2023-12-11T10:50:31","guid":{"rendered":"https:\/\/casale.ch\/gerencia\/"},"modified":"2026-01-07T14:48:49","modified_gmt":"2026-01-07T13:48:49","slug":"gerencia","status":"publish","type":"page","link":"https:\/\/casale.ch\/es\/gerencia\/","title":{"rendered":"Gesti\u00f3n"},"content":{"rendered":"[vc_row type=\u00bbfull_width_background\u00bb full_screen_row_position=\u00bbmiddle\u00bb column_margin=\u00bbdefault\u00bb column_direction=\u00bbdefault\u00bb column_direction_tablet=\u00bbdefault\u00bb column_direction_phone=\u00bbdefault\u00bb bg_image=\u00bb14642&#8243; bg_position=\u00bbcenter center\u00bb background_image_loading=\u00bbdefault\u00bb bg_repeat=\u00bbno-repeat\u00bb scene_position=\u00bbcenter\u00bb text_color=\u00bbdark\u00bb text_align=\u00bbleft\u00bb row_border_radius=\u00bbnone\u00bb row_border_radius_applies=\u00bbbg\u00bb overflow=\u00bbvisible\u00bb class=\u00bbmanagement\u00bb id=\u00bbsection_hero_alt\u00bb advanced_gradient=\u00bblinear-gradient(45deg, rgba(0,0,0,0.6) 10%, rgba(0,0,0,0.4) 90%)\u00bb advanced_gradient_angle=\u00bb45&#8243; shape_divider_position=\u00bbbottom\u00bb bg_image_animation=\u00bbnone\u00bb gradient_type=\u00bbadvanced\u00bb shape_type=\u00bb\u00bb advanced_gradient_display_type=\u00bblinear\u00bb][vc_column column_padding=\u00bbno-extra-padding\u00bb column_padding_tablet=\u00bbinherit\u00bb column_padding_phone=\u00bbinherit\u00bb column_padding_position=\u00bball\u00bb column_element_direction_desktop=\u00bbdefault\u00bb column_element_spacing=\u00bbdefault\u00bb desktop_text_alignment=\u00bbdefault\u00bb tablet_text_alignment=\u00bbdefault\u00bb phone_text_alignment=\u00bbdefault\u00bb background_color_opacity=\u00bb1&#8243; background_hover_color_opacity=\u00bb1&#8243; column_backdrop_filter=\u00bbnone\u00bb column_shadow=\u00bbnone\u00bb column_border_radius=\u00bbnone\u00bb column_link_target=\u00bb_self\u00bb column_position=\u00bbdefault\u00bb gradient_direction=\u00bbleft_to_right\u00bb overlay_strength=\u00bb0.3&#8243; width=\u00bb1\/1&#8243; tablet_width_inherit=\u00bbdefault\u00bb animation_type=\u00bbdefault\u00bb bg_image_animation=\u00bbnone\u00bb border_type=\u00bbsimple\u00bb column_border_width=\u00bbnone\u00bb column_border_style=\u00bbsolid\u00bb][vc_column_text css=\u00bb\u00bb text_direction=\u00bbdefault\u00bb]\n<h1 style=\"color: #fff;\">Nuestra<br \/>\ngerencia<\/h1>\n[\/vc_column_text][\/vc_column][\/vc_row][vc_row type=\u00bbin_container\u00bb full_screen_row_position=\u00bbmiddle\u00bb column_margin=\u00bbdefault\u00bb column_direction=\u00bbdefault\u00bb column_direction_tablet=\u00bbdefault\u00bb column_direction_phone=\u00bbdefault\u00bb scene_position=\u00bbcenter\u00bb top_padding=\u00bb80&#8243; constrain_group_1=\u00bbyes\u00bb bottom_padding=\u00bb80&#8243; bottom_margin=\u00bb0&#8243; text_color=\u00bbdark\u00bb text_align=\u00bbleft\u00bb row_border_radius=\u00bbnone\u00bb row_border_radius_applies=\u00bbbg\u00bb overflow=\u00bbvisible\u00bb overlay_strength=\u00bb0.3&#8243; gradient_direction=\u00bbleft_to_right\u00bb shape_divider_position=\u00bbbottom\u00bb bg_image_animation=\u00bbnone\u00bb gradient_type=\u00bbdefault\u00bb shape_type=\u00bb\u00bb][vc_column column_padding=\u00bbno-extra-padding\u00bb column_padding_tablet=\u00bbinherit\u00bb column_padding_phone=\u00bbinherit\u00bb column_padding_position=\u00bball\u00bb column_element_direction_desktop=\u00bbdefault\u00bb column_element_spacing=\u00bbdefault\u00bb desktop_text_alignment=\u00bbdefault\u00bb tablet_text_alignment=\u00bbdefault\u00bb phone_text_alignment=\u00bbdefault\u00bb background_color_opacity=\u00bb1&#8243; background_hover_color_opacity=\u00bb1&#8243; column_backdrop_filter=\u00bbnone\u00bb column_shadow=\u00bbnone\u00bb column_border_radius=\u00bbnone\u00bb column_link_target=\u00bb_self\u00bb column_position=\u00bbdefault\u00bb gradient_direction=\u00bbleft_to_right\u00bb overlay_strength=\u00bb0.3&#8243; width=\u00bb1\/4&#8243; tablet_width_inherit=\u00bbdefault\u00bb animation_type=\u00bbdefault\u00bb bg_image_animation=\u00bbnone\u00bb border_type=\u00bbsimple\u00bb column_border_width=\u00bbnone\u00bb column_border_style=\u00bbsolid\u00bb][vc_column_text css=\u00bb\u00bb text_direction=\u00bbdefault\u00bb]\n<h2>Equipo<br \/>\nejecutivo<\/h2>\n[\/vc_column_text][\/vc_column][vc_column column_padding=\u00bbno-extra-padding\u00bb column_padding_tablet=\u00bbinherit\u00bb column_padding_phone=\u00bbinherit\u00bb column_padding_position=\u00bball\u00bb column_element_direction_desktop=\u00bbdefault\u00bb column_element_spacing=\u00bbdefault\u00bb desktop_text_alignment=\u00bbdefault\u00bb tablet_text_alignment=\u00bbdefault\u00bb phone_text_alignment=\u00bbdefault\u00bb background_color_opacity=\u00bb1&#8243; background_hover_color_opacity=\u00bb1&#8243; column_backdrop_filter=\u00bbnone\u00bb column_shadow=\u00bbnone\u00bb column_border_radius=\u00bbnone\u00bb column_link_target=\u00bb_self\u00bb column_position=\u00bbdefault\u00bb gradient_direction=\u00bbleft_to_right\u00bb overlay_strength=\u00bb0.3&#8243; width=\u00bb3\/4&#8243; tablet_width_inherit=\u00bbdefault\u00bb animation_type=\u00bbdefault\u00bb bg_image_animation=\u00bbnone\u00bb border_type=\u00bbsimple\u00bb column_border_width=\u00bbnone\u00bb column_border_style=\u00bbsolid\u00bb][vc_column_text css=\u00bb\u00bb text_direction=\u00bbdefault\u00bb]Detr\u00e1s de nuestro \u00e9xito duradero en ingenier\u00eda qu\u00edmica se encuentra un s\u00f3lido equipo directivo y operativo, donde cada miembro es una pieza fundamental de nuestro proceso operativo.<\/p>\n<p>Nuestro equipo de gerentes calificado una gran experiencia y visi\u00f3n estrat\u00e9gica, y gu\u00eda a nuestra empresa a trav\u00e9s de las complejidades del sector. Su visi\u00f3n colectiva fomenta la innovaci\u00f3n e impulsa nuestro crecimiento. De esta manera, nos aseguramos de mantenernos a la vanguardia de los avances tecnol\u00f3gicos.<\/p>\n<p>Para complementar este liderazgo, est\u00e1 nuestro equipo operativo dedicado, la columna vertebral de nuestra excelencia diaria. Su precisi\u00f3n, eficiencia y compromiso con la calidad garantizan una ejecuci\u00f3n perfecta, lo que impulsa nuestro \u00e9xito en la prestaci\u00f3n de soluciones y servicios de primer nivel a nuestros clientes.<\/p>\n<p>Juntos, estos equipos din\u00e1micos son el coraz\u00f3n de nuestras operaciones y personifican nuestro compromiso con la excelencia, la innovaci\u00f3n y la satisfacci\u00f3n del cliente.[\/vc_column_text][\/vc_column][\/vc_row][vc_row type=\u00bbin_container\u00bb full_screen_row_position=\u00bbmiddle\u00bb column_margin=\u00bbdefault\u00bb column_direction=\u00bbdefault\u00bb column_direction_tablet=\u00bbdefault\u00bb column_direction_phone=\u00bbdefault\u00bb scene_position=\u00bbcenter\u00bb text_color=\u00bbdark\u00bb text_align=\u00bbleft\u00bb row_border_radius=\u00bbnone\u00bb row_border_radius_applies=\u00bbbg\u00bb overflow=\u00bbvisible\u00bb overlay_strength=\u00bb0.3&#8243; gradient_direction=\u00bbleft_to_right\u00bb shape_divider_position=\u00bbbottom\u00bb bg_image_animation=\u00bbnone\u00bb][vc_column column_padding=\u00bbno-extra-padding\u00bb column_padding_tablet=\u00bbinherit\u00bb column_padding_phone=\u00bbinherit\u00bb column_padding_position=\u00bball\u00bb column_element_direction_desktop=\u00bbdefault\u00bb column_element_spacing=\u00bbdefault\u00bb desktop_text_alignment=\u00bbdefault\u00bb tablet_text_alignment=\u00bbdefault\u00bb phone_text_alignment=\u00bbdefault\u00bb background_color_opacity=\u00bb1&#8243; background_hover_color_opacity=\u00bb1&#8243; column_backdrop_filter=\u00bbnone\u00bb column_shadow=\u00bbnone\u00bb column_border_radius=\u00bbnone\u00bb column_link_target=\u00bb_self\u00bb column_position=\u00bbdefault\u00bb gradient_direction=\u00bbleft_to_right\u00bb overlay_strength=\u00bb0.3&#8243; width=\u00bb1\/1&#8243; tablet_width_inherit=\u00bbdefault\u00bb animation_type=\u00bbdefault\u00bb bg_image_animation=\u00bbnone\u00bb border_type=\u00bbsimple\u00bb column_border_width=\u00bbnone\u00bb column_border_style=\u00bbsolid\u00bb][vc_raw_html css=\u00bb\u00bb]JTNDZGl2JTIwaWQlM0QlMjJpbm5lcl9zZWN0aW9uJTIyJTNFJTBBJTIwJTIwJTIwJTIwJTNDZGl2JTIwY2xhc3MlM0QlMjJpdGVtJTIyJTNFJTBBJTIwJTIwJTIwJTIwJTIwJTIwJTIwJTIwJTNDaW1nJTIwc3JjJTNEJTIyaHR0cHMlM0ElMkYlMkZjYXNhbGUuY2glMkZ3cC1jb250ZW50JTJGdXBsb2FkcyUyRjIwMjUlMkYxMiUyRmNhcmRfbWFuYWdlbWVudF96YXJkaS5wbmclMjIlMjBhbHQlM0QlMjJDYXNhbGUlMjAlN0MlMjBGZWRlcmljbyUyMFphcmRpJTIyJTJGJTNFJTBBJTIwJTIwJTIwJTIwJTIwJTIwJTIwJTIwJTNDcCUyMGNsYXNzJTNEJTIycGljY29sbyUyMiUzRUNoaWVmJTIwRXhlY3V0aXZlJTIwT2ZmaWNlciUzQyUyRnAlM0UlMEElMjAlMjAlMjAlMjAlMjAlMjAlMjAlMjAlM0NoMiUzRUZlZGVyaWNvJTIwWmFyZGklM0MlMkZoMiUzRSUwQSUyMCUyMCUyMCUyMCUzQyUyRmRpdiUzRSUwQSUyMCUyMCUyMCUyMCUzQ2RpdiUyMGNsYXNzJTNEJTIyaXRlbSUyMiUzRSUwQSUyMCUyMCUyMCUyMCUyMCUyMCUyMCUyMCUzQ2ltZyUyMHNyYyUzRCUyMmh0dHBzJTNBJTJGJTJGY2FzYWxlLmNoJTJGd3AtY29udGVudCUyRnVwbG9hZHMlMkYyMDI1JTJGMTIlMkZjYXJkX21hbmFnZW1lbnRfZ3Vhcmluby5wbmclMjIlMjBhbHQlM0QlMjJDYXNhbGUlMjAlN0MlMjBHaXVzZXBwZSUyMEd1YXJpbm8lMjIlMkYlM0UlMEElMjAlMjAlMjAlMjAlMjAlMjAlMjAlMjAlM0NwJTIwY2xhc3MlM0QlMjJwaWNjb2xvJTIyJTNFQWR2aXNvciUyME1hbmFnZW1lbnQlM0MlMkZwJTNFJTBBJTIwJTIwJTIwJTIwJTIwJTIwJTIwJTIwJTNDaDIlM0VHaXVzZXBwZSUyMEd1YXJpbm8lM0MlMkZoMiUzRSUwQSUyMCUyMCUyMCUyMCUzQyUyRmRpdiUzRSUwQSUyMCUyMCUyMCUyMCUzQ2RpdiUyMGNsYXNzJTNEJTIyaXRlbSUyMiUzRSUwQSUyMCUyMCUyMCUyMCUyMCUyMCUyMCUyMCUzQ2ltZyUyMHNyYyUzRCUyMmh0dHBzJTNBJTJGJTJGY2FzYWxlLmNoJTJGd3AtY29udGVudCUyRnVwbG9hZHMlMkYyMDI1JTJGMTIlMkZjYXJkX21hbmFnZW1lbnRfc2lsdmEucG5nJTIyJTIwYWx0JTNEJTIyQ2FzYWxlJTIwJTdDJTIwUGFvbG8lMjBTaWx2YSUyMiUyRiUzRSUwQSUyMCUyMCUyMCUyMCUyMCUyMCUyMCUyMCUzQ3AlMjBjbGFzcyUzRCUyMnBpY2NvbG8lMjIlM0VDaGllZiUyMFN1YnNpZGlhcmllcyUyME9mZmljZXIlM0MlMkZwJTNFJTBBJTIwJTIwJTIwJTIwJTIwJTIwJTIwJTIwJTNDaDIlM0VQYW9sbyUyMFNpbHZhJTNDJTJGaDIlM0UlMEElMjAlMjAlMjAlMjAlM0MlMkZkaXYlM0UlMEElMjAlMjAlMjAlMjAlM0NkaXYlMjBjbGFzcyUzRCUyMml0ZW0lMjIlM0UlMEElMjAlMjAlMjAlMjAlMjAlMjAlMjAlMjAlM0NpbWclMjBzcmMlM0QlMjJodHRwcyUzQSUyRiUyRmNhc2FsZS5jaCUyRndwLWNvbnRlbnQlMkZ1cGxvYWRzJTJGMjAyNSUyRjEyJTJGY2FyZF9tYW5hZ2VtZW50X2RlYmVybmFyZGluaS5wbmclMjIlMjBhbHQlM0QlMjJDYXNhbGUlMjAlN0MlMjBTZXJnaW8lMjBEZWJlcm5hcmRpJTIyJTJGJTNFJTBBJTIwJTIwJTIwJTIwJTIwJTIwJTIwJTIwJTNDcCUyMGNsYXNzJTNEJTIycGljY29sbyUyMiUzRUNoaWVmJTIwT3BlcmF0aW5nJTIwT2ZmaWNlciUzQyUyRnAlM0UlMEElMjAlMjAlMjAlMjAlMjAlMjAlMjAlMjAlM0NoMiUzRVNlcmdpbyUyMERlYmVybmFyZGklM0MlMkZoMiUzRSUwQSUyMCUyMCUyMCUyMCUzQyUyRmRpdiUzRSUwQSUyMCUyMCUyMCUyMCUzQ2RpdiUyMGNsYXNzJTNEJTIyaXRlbSUyMiUzRSUwQSUyMCUyMCUyMCUyMCUyMCUyMCUyMCUyMCUzQ2ltZyUyMHNyYyUzRCUyMmh0dHBzJTNBJTJGJTJGY2FzYWxlLmNoJTJGd3AtY29udGVudCUyRnVwbG9hZHMlMkYyMDI1JTJGMTIlMkZjYXJkX21hbmFnZW1lbnRfbWF0cm9ub2xhLnBuZyUyMiUyMGFsdCUzRCUyMkNhc2FsZSUyMCU3QyUyMEd1aWRvJTIwTWF0cm9ub2xhJTIyJTJGJTNFJTBBJTIwJTIwJTIwJTIwJTIwJTIwJTIwJTIwJTNDcCUyMGNsYXNzJTNEJTIycGljY29sbyUyMiUzRUNoaWVmJTIwRmluYW5jaWFsJTIwT2ZmaWNlciUzQyUyRnAlM0UlMEElMjAlMjAlMjAlMjAlMjAlMjAlMjAlMjAlM0NoMiUzRUd1aWRvJTIwTWF0cm9ub2xhJTNDJTJGaDIlM0UlMEElMjAlMjAlMjAlMjAlM0MlMkZkaXYlM0UlMEElMjAlMjAlMjAlMjAlM0NkaXYlMjBjbGFzcyUzRCUyMml0ZW0lMjIlM0UlMEElMjAlMjAlMjAlMjAlMjAlMjAlMjAlMjAlM0NpbWclMjBzcmMlM0QlMjJodHRwcyUzQSUyRiUyRmNhc2FsZS5jaCUyRndwLWNvbnRlbnQlMkZ1cGxvYWRzJTJGMjAyNSUyRjEyJTJGY2FyZF9tYW5hZ2VtZW50X2ZpbGlwcGkucG5nJTIyJTIwYWx0JTNEJTIyQ2FzYWxlJTIwJTdDJTIwRXJtYW5ubyUyMEZpbGlwcGklMjIlMkYlM0UlMEElMjAlMjAlMjAlMjAlMjAlMjAlMjAlMjAlM0NwJTIwY2xhc3MlM0QlMjJwaWNjb2xvJTIyJTNFQ2hpZWYlMjBUZWNobm9sb2d5JTIwT2ZmaWNlciUzQyUyRnAlM0UlMEElMjAlMjAlMjAlMjAlMjAlMjAlMjAlMjAlM0NoMiUzRUVybWFubm8lMjBGaWxpcHBpJTNDJTJGaDIlM0UlMEElMjAlMjAlMjAlMjAlM0MlMkZkaXYlM0UlMEElM0MlMkZkaXYlM0U=[\/vc_raw_html][\/vc_column][\/vc_row]\n","protected":false},"excerpt":{"rendered":"<p>[vc_row type=\u00bbfull_width_background\u00bb full_screen_row_position=\u00bbmiddle\u00bb column_margin=\u00bbdefault\u00bb column_direction=\u00bbdefault\u00bb column_direction_tablet=\u00bbdefault\u00bb column_direction_phone=\u00bbdefault\u00bb bg_image=\u00bb14642&#8243; bg_position=\u00bbcenter center\u00bb background_image_loading=\u00bbdefault\u00bb bg_repeat=\u00bbno-repeat\u00bb scene_position=\u00bbcenter\u00bb text_color=\u00bbdark\u00bb text_align=\u00bbleft\u00bb row_border_radius=\u00bbnone\u00bb row_border_radius_applies=\u00bbbg\u00bb overflow=\u00bbvisible\u00bb class=\u00bbmanagement\u00bb id=\u00bbsection_hero_alt\u00bb advanced_gradient=\u00bblinear-gradient(45deg, rgba(0,0,0,0.6) 10%, rgba(0,0,0,0.4) 90%)\u00bb advanced_gradient_angle=\u00bb45&#8243; shape_divider_position=\u00bbbottom\u00bb bg_image_animation=\u00bbnone\u00bb gradient_type=\u00bbadvanced\u00bb shape_type=\u00bb\u00bb&#8230;<\/p>\n","protected":false},"author":1,"featured_media":0,"parent":0,"menu_order":47,"comment_status":"closed","ping_status":"closed","template":"","meta":{"_acf_changed":false,"inline_featured_image":false,"footnotes":""},"class_list":["post-8449","page","type-page","status-publish"],"acf":[],"yoast_head":"<!-- This site is optimized with the Yoast SEO plugin v27.1.1 - https:\/\/yoast.com\/product\/yoast-seo-wordpress\/ -->\n<title>Gesti\u00f3n &#8226; Casale<\/title>\n<meta name=\"description\" content=\"Conozca a los l\u00edderes que impulsan la innovaci\u00f3n en Casale: un equipo dedicado a la excelencia en el sector de la ingenier\u00eda qu\u00edmica, que gu\u00eda la visi\u00f3n de la empresa hacia un futuro sostenible.\" \/>\n<meta name=\"robots\" content=\"index, follow, max-snippet:-1, max-image-preview:large, max-video-preview:-1\" \/>\n<link rel=\"canonical\" href=\"https:\/\/casale.ch\/es\/gerencia\/\" \/>\n<meta property=\"og:locale\" content=\"es_ES\" \/>\n<meta property=\"og:type\" content=\"article\" \/>\n<meta property=\"og:title\" content=\"Gesti\u00f3n &#8226; Casale\" \/>\n<meta property=\"og:description\" content=\"Conozca a los l\u00edderes que impulsan la innovaci\u00f3n en Casale: un equipo dedicado a la excelencia en el sector de la ingenier\u00eda qu\u00edmica, que gu\u00eda la visi\u00f3n de la empresa hacia un futuro sostenible.\" \/>\n<meta property=\"og:url\" content=\"https:\/\/casale.ch\/es\/gerencia\/\" \/>\n<meta property=\"og:site_name\" content=\"Casale\" \/>\n<meta property=\"article:modified_time\" content=\"2026-01-07T13:48:49+00:00\" \/>\n<meta property=\"og:image\" content=\"https:\/\/casale.ch\/wp-content\/uploads\/2024\/02\/casale.jpg\" \/>\n\t<meta property=\"og:image:width\" content=\"1600\" \/>\n\t<meta property=\"og:image:height\" content=\"712\" \/>\n\t<meta property=\"og:image:type\" content=\"image\/jpeg\" \/>\n<meta name=\"twitter:card\" content=\"summary_large_image\" \/>\n<meta name=\"twitter:label1\" content=\"Tiempo de lectura\" \/>\n\t<meta name=\"twitter:data1\" content=\"2 minutos\" \/>\n<script type=\"application\/ld+json\" class=\"yoast-schema-graph\">{\"@context\":\"https:\/\/schema.org\",\"@graph\":[{\"@type\":\"WebPage\",\"@id\":\"https:\/\/casale.ch\/es\/gerencia\/\",\"url\":\"https:\/\/casale.ch\/es\/gerencia\/\",\"name\":\"Gesti\u00f3n &#8226; Casale\",\"isPartOf\":{\"@id\":\"https:\/\/casale.ch\/es\/#website\"},\"datePublished\":\"2023-12-11T10:50:31+00:00\",\"dateModified\":\"2026-01-07T13:48:49+00:00\",\"description\":\"Conozca a los l\u00edderes que impulsan la innovaci\u00f3n en Casale: un equipo dedicado a la excelencia en el sector de la ingenier\u00eda qu\u00edmica, que gu\u00eda la visi\u00f3n de la empresa hacia un futuro sostenible.\",\"breadcrumb\":{\"@id\":\"https:\/\/casale.ch\/es\/gerencia\/#breadcrumb\"},\"inLanguage\":\"es\",\"potentialAction\":[{\"@type\":\"ReadAction\",\"target\":[\"https:\/\/casale.ch\/es\/gerencia\/\"]}]},{\"@type\":\"BreadcrumbList\",\"@id\":\"https:\/\/casale.ch\/es\/gerencia\/#breadcrumb\",\"itemListElement\":[{\"@type\":\"ListItem\",\"position\":1,\"name\":\"Home\",\"item\":\"https:\/\/casale.ch\/es\/\"},{\"@type\":\"ListItem\",\"position\":2,\"name\":\"Gesti\u00f3n\"}]},{\"@type\":\"WebSite\",\"@id\":\"https:\/\/casale.ch\/es\/#website\",\"url\":\"https:\/\/casale.ch\/es\/\",\"name\":\"Casale\",\"description\":\"Together for a new planet\",\"publisher\":{\"@id\":\"https:\/\/casale.ch\/es\/#organization\"},\"potentialAction\":[{\"@type\":\"SearchAction\",\"target\":{\"@type\":\"EntryPoint\",\"urlTemplate\":\"https:\/\/casale.ch\/es\/?s={search_term_string}\"},\"query-input\":{\"@type\":\"PropertyValueSpecification\",\"valueRequired\":true,\"valueName\":\"search_term_string\"}}],\"inLanguage\":\"es\"},{\"@type\":\"Organization\",\"@id\":\"https:\/\/casale.ch\/es\/#organization\",\"name\":\"Casale\",\"url\":\"https:\/\/casale.ch\/es\/\",\"logo\":{\"@type\":\"ImageObject\",\"inLanguage\":\"es\",\"@id\":\"https:\/\/casale.ch\/es\/#\/schema\/logo\/image\/\",\"url\":\"https:\/\/casale.ch\/wp-content\/uploads\/2023\/08\/logo_casale.svg\",\"contentUrl\":\"https:\/\/casale.ch\/wp-content\/uploads\/2023\/08\/logo_casale.svg\",\"width\":1,\"height\":1,\"caption\":\"Casale\"},\"image\":{\"@id\":\"https:\/\/casale.ch\/es\/#\/schema\/logo\/image\/\"}}]}<\/script>\n<!-- \/ Yoast SEO plugin. -->","yoast_head_json":{"title":"Gesti\u00f3n &#8226; Casale","description":"Conozca a los l\u00edderes que impulsan la innovaci\u00f3n en Casale: un equipo dedicado a la excelencia en el sector de la ingenier\u00eda qu\u00edmica, que gu\u00eda la visi\u00f3n de la empresa hacia un futuro sostenible.","robots":{"index":"index","follow":"follow","max-snippet":"max-snippet:-1","max-image-preview":"max-image-preview:large","max-video-preview":"max-video-preview:-1"},"canonical":"https:\/\/casale.ch\/es\/gerencia\/","og_locale":"es_ES","og_type":"article","og_title":"Gesti\u00f3n &#8226; Casale","og_description":"Conozca a los l\u00edderes que impulsan la innovaci\u00f3n en Casale: un equipo dedicado a la excelencia en el sector de la ingenier\u00eda qu\u00edmica, que gu\u00eda la visi\u00f3n de la empresa hacia un futuro sostenible.","og_url":"https:\/\/casale.ch\/es\/gerencia\/","og_site_name":"Casale","article_modified_time":"2026-01-07T13:48:49+00:00","og_image":[{"width":1600,"height":712,"url":"https:\/\/casale.ch\/wp-content\/uploads\/2024\/02\/casale.jpg","type":"image\/jpeg"}],"twitter_card":"summary_large_image","twitter_misc":{"Tiempo de lectura":"2 minutos"},"schema":{"@context":"https:\/\/schema.org","@graph":[{"@type":"WebPage","@id":"https:\/\/casale.ch\/es\/gerencia\/","url":"https:\/\/casale.ch\/es\/gerencia\/","name":"Gesti\u00f3n &#8226; Casale","isPartOf":{"@id":"https:\/\/casale.ch\/es\/#website"},"datePublished":"2023-12-11T10:50:31+00:00","dateModified":"2026-01-07T13:48:49+00:00","description":"Conozca a los l\u00edderes que impulsan la innovaci\u00f3n en Casale: un equipo dedicado a la excelencia en el sector de la ingenier\u00eda qu\u00edmica, que gu\u00eda la visi\u00f3n de la empresa hacia un futuro sostenible.","breadcrumb":{"@id":"https:\/\/casale.ch\/es\/gerencia\/#breadcrumb"},"inLanguage":"es","potentialAction":[{"@type":"ReadAction","target":["https:\/\/casale.ch\/es\/gerencia\/"]}]},{"@type":"BreadcrumbList","@id":"https:\/\/casale.ch\/es\/gerencia\/#breadcrumb","itemListElement":[{"@type":"ListItem","position":1,"name":"Home","item":"https:\/\/casale.ch\/es\/"},{"@type":"ListItem","position":2,"name":"Gesti\u00f3n"}]},{"@type":"WebSite","@id":"https:\/\/casale.ch\/es\/#website","url":"https:\/\/casale.ch\/es\/","name":"Casale","description":"Together for a new planet","publisher":{"@id":"https:\/\/casale.ch\/es\/#organization"},"potentialAction":[{"@type":"SearchAction","target":{"@type":"EntryPoint","urlTemplate":"https:\/\/casale.ch\/es\/?s={search_term_string}"},"query-input":{"@type":"PropertyValueSpecification","valueRequired":true,"valueName":"search_term_string"}}],"inLanguage":"es"},{"@type":"Organization","@id":"https:\/\/casale.ch\/es\/#organization","name":"Casale","url":"https:\/\/casale.ch\/es\/","logo":{"@type":"ImageObject","inLanguage":"es","@id":"https:\/\/casale.ch\/es\/#\/schema\/logo\/image\/","url":"https:\/\/casale.ch\/wp-content\/uploads\/2023\/08\/logo_casale.svg","contentUrl":"https:\/\/casale.ch\/wp-content\/uploads\/2023\/08\/logo_casale.svg","width":1,"height":1,"caption":"Casale"},"image":{"@id":"https:\/\/casale.ch\/es\/#\/schema\/logo\/image\/"}}]}},"_links":{"self":[{"href":"https:\/\/casale.ch\/es\/wp-json\/wp\/v2\/pages\/8449","targetHints":{"allow":["GET"]}}],"collection":[{"href":"https:\/\/casale.ch\/es\/wp-json\/wp\/v2\/pages"}],"about":[{"href":"https:\/\/casale.ch\/es\/wp-json\/wp\/v2\/types\/page"}],"author":[{"embeddable":true,"href":"https:\/\/casale.ch\/es\/wp-json\/wp\/v2\/users\/1"}],"replies":[{"embeddable":true,"href":"https:\/\/casale.ch\/es\/wp-json\/wp\/v2\/comments?post=8449"}],"version-history":[{"count":8,"href":"https:\/\/casale.ch\/es\/wp-json\/wp\/v2\/pages\/8449\/revisions"}],"predecessor-version":[{"id":14714,"href":"https:\/\/casale.ch\/es\/wp-json\/wp\/v2\/pages\/8449\/revisions\/14714"}],"wp:attachment":[{"href":"https:\/\/casale.ch\/es\/wp-json\/wp\/v2\/media?parent=8449"}],"curies":[{"name":"wp","href":"https:\/\/api.w.org\/{rel}","templated":true}]}}