{"id":8419,"date":"2023-12-11T10:14:30","date_gmt":"2023-12-11T09:14:30","guid":{"rendered":"https:\/\/casale.ch\/foco-na-transicao-energetica\/"},"modified":"2025-05-13T11:23:05","modified_gmt":"2025-05-13T09:23:05","slug":"foco-na-transicao-energetica","status":"publish","type":"page","link":"https:\/\/casale.ch\/pt-pt\/solucoes-sustentaveis\/foco-na-transicao-energetica\/","title":{"rendered":"Foco na transi\u00e7\u00e3o energ\u00e9tica"},"content":{"rendered":"[vc_row type=&#8221;full_width_background&#8221; full_screen_row_position=&#8221;middle&#8221; column_margin=&#8221;default&#8221; column_direction=&#8221;default&#8221; column_direction_tablet=&#8221;default&#8221; column_direction_phone=&#8221;default&#8221; bg_image=&#8221;220&#8243; bg_position=&#8221;right top&#8221; background_image_loading=&#8221;default&#8221; bg_repeat=&#8221;no-repeat&#8221; scene_position=&#8221;center&#8221; text_color=&#8221;dark&#8221; text_align=&#8221;left&#8221; row_border_radius=&#8221;none&#8221; row_border_radius_applies=&#8221;bg&#8221; overflow=&#8221;visible&#8221; class=&#8221;sustainable second_lv&#8221; id=&#8221;section_hero_categoria_primo&#8221; overlay_strength=&#8221;0.3&#8243; gradient_direction=&#8221;left_to_right&#8221; shape_divider_position=&#8221;bottom&#8221; bg_image_animation=&#8221;none&#8221; gradient_type=&#8221;default&#8221; shape_type=&#8221;&#8221;][vc_column column_padding=&#8221;no-extra-padding&#8221; column_padding_tablet=&#8221;inherit&#8221; column_padding_phone=&#8221;inherit&#8221; column_padding_position=&#8221;all&#8221; column_element_direction_desktop=&#8221;default&#8221; column_element_spacing=&#8221;default&#8221; desktop_text_alignment=&#8221;default&#8221; tablet_text_alignment=&#8221;default&#8221; phone_text_alignment=&#8221;default&#8221; background_color_opacity=&#8221;1&#8243; background_hover_color_opacity=&#8221;1&#8243; column_backdrop_filter=&#8221;none&#8221; column_shadow=&#8221;none&#8221; column_border_radius=&#8221;none&#8221; column_link_target=&#8221;_self&#8221; column_position=&#8221;default&#8221; gradient_direction=&#8221;left_to_right&#8221; overlay_strength=&#8221;0.3&#8243; width=&#8221;1\/1&#8243; tablet_width_inherit=&#8221;default&#8221; animation_type=&#8221;default&#8221; bg_image_animation=&#8221;none&#8221; border_type=&#8221;simple&#8221; column_border_width=&#8221;none&#8221; column_border_style=&#8221;solid&#8221;][vc_column_text css_animation=&#8221;fadeInUp&#8221;]\n<h2 class=\"big_h1\">Foco na<br \/>\ntransi\u00e7\u00e3o energ\u00e9tica<\/h2>\n[\/vc_column_text][\/vc_column][\/vc_row][vc_row type=&#8221;in_container&#8221; full_screen_row_position=&#8221;middle&#8221; column_margin=&#8221;default&#8221; equal_height=&#8221;yes&#8221; column_direction=&#8221;default&#8221; column_direction_tablet=&#8221;default&#8221; column_direction_phone=&#8221;default&#8221; scene_position=&#8221;center&#8221; text_color=&#8221;dark&#8221; text_align=&#8221;left&#8221; row_border_radius=&#8221;none&#8221; row_border_radius_applies=&#8221;bg&#8221; overflow=&#8221;visible&#8221; class=&#8221;sustainable flexigreen&#8221; id=&#8221;section_hero_categoria_primo_bottom&#8221; overlay_strength=&#8221;0.3&#8243; gradient_direction=&#8221;left_to_right&#8221; shape_divider_position=&#8221;bottom&#8221; bg_image_animation=&#8221;none&#8221; gradient_type=&#8221;default&#8221; shape_type=&#8221;&#8221;][vc_column column_padding=&#8221;no-extra-padding&#8221; column_padding_tablet=&#8221;inherit&#8221; column_padding_phone=&#8221;inherit&#8221; column_padding_position=&#8221;all&#8221; column_element_direction_desktop=&#8221;default&#8221; column_element_spacing=&#8221;default&#8221; desktop_text_alignment=&#8221;default&#8221; tablet_text_alignment=&#8221;default&#8221; phone_text_alignment=&#8221;default&#8221; background_color_opacity=&#8221;1&#8243; background_hover_color_opacity=&#8221;1&#8243; column_backdrop_filter=&#8221;none&#8221; column_shadow=&#8221;none&#8221; column_border_radius=&#8221;none&#8221; column_link_target=&#8221;_self&#8221; column_position=&#8221;default&#8221; el_class=&#8221;box_grigio&#8221; gradient_direction=&#8221;left_to_right&#8221; overlay_strength=&#8221;0.3&#8243; width=&#8221;7\/12&#8243; tablet_width_inherit=&#8221;default&#8221; animation_type=&#8221;default&#8221; bg_image_animation=&#8221;none&#8221; border_type=&#8221;simple&#8221; column_border_width=&#8221;none&#8221; column_border_style=&#8221;solid&#8221; column_padding_type=&#8221;default&#8221; gradient_type=&#8221;default&#8221;][vc_raw_html]PHN2ZyBjbGFzcz0ic3ZnX3RvcCIgeG1sbnM9Imh0dHA6Ly93d3cudzMub3JnLzIwMDAvc3ZnIiB3aWR0aD0iNzQwIiBoZWlnaHQ9Ijc0IiB2aWV3Qm94PSIwIDAgNzQwIDc0IiBmaWxsPSJub25lIj4KPHBhdGggZD0iTTYxMS40MTggMEgwVjc0SDc0MEw2MTEuNDE4IDBaIiBmaWxsPSIjRjhGOEY4Ii8+Cjwvc3ZnPg==[\/vc_raw_html][vc_column_text css_animation=&#8221;none&#8221;]\n<h1 style=\"color: #13a538;\">Foco na transi\u00e7\u00e3o energ\u00e9tica<\/h1>\n[\/vc_column_text][vc_raw_html]PHN2ZyBjbGFzcz0ic3ZnX2JvdHRvbSIgeG1sbnM9Imh0dHA6Ly93d3cudzMub3JnLzIwMDAvc3ZnIiB3aWR0aD0iNzQwIiBoZWlnaHQ9Ijc0IiB2aWV3Qm94PSIwIDAgNzQwIDc0IiBmaWxsPSJub25lIj4KPHBhdGggZD0iTTEyOC41ODIgNzRMNzQwIDc0VjBMNi4xMDM1MmUtMDUgMEwxMjguNTgyIDc0WiIgZmlsbD0iI0Y4RjhGOCIvPgo8L3N2Zz4=[\/vc_raw_html][\/vc_column][vc_column column_padding=&#8221;no-extra-padding&#8221; column_padding_tablet=&#8221;inherit&#8221; column_padding_phone=&#8221;inherit&#8221; column_padding_position=&#8221;all&#8221; column_element_direction_desktop=&#8221;default&#8221; column_element_spacing=&#8221;default&#8221; desktop_text_alignment=&#8221;default&#8221; tablet_text_alignment=&#8221;default&#8221; phone_text_alignment=&#8221;default&#8221; background_color_opacity=&#8221;1&#8243; background_hover_color_opacity=&#8221;1&#8243; column_backdrop_filter=&#8221;none&#8221; column_shadow=&#8221;none&#8221; column_border_radius=&#8221;none&#8221; column_link_target=&#8221;_self&#8221; column_position=&#8221;default&#8221; gradient_direction=&#8221;left_to_right&#8221; overlay_strength=&#8221;0.3&#8243; width=&#8221;5\/12&#8243; tablet_width_inherit=&#8221;default&#8221; animation_type=&#8221;default&#8221; bg_image_animation=&#8221;none&#8221; border_type=&#8221;simple&#8221; column_border_width=&#8221;none&#8221; column_border_style=&#8221;solid&#8221;][nectar_highlighted_text color_type=&#8221;regular&#8221; text_color=&#8221;#ffffff&#8221; style=&#8221;full_text&#8221; highlight_expansion=&#8221;default&#8221;][\/nectar_highlighted_text][\/vc_column][\/vc_row][vc_row type=&#8221;in_container&#8221; full_screen_row_position=&#8221;middle&#8221; column_margin=&#8221;default&#8221; column_direction=&#8221;default&#8221; column_direction_tablet=&#8221;default&#8221; column_direction_phone=&#8221;default&#8221; scene_position=&#8221;center&#8221; text_color=&#8221;dark&#8221; text_align=&#8221;left&#8221; row_border_radius=&#8221;none&#8221; row_border_radius_applies=&#8221;bg&#8221; overflow=&#8221;visible&#8221; id=&#8221;section_focus_posts&#8221; overlay_strength=&#8221;0.3&#8243; gradient_direction=&#8221;left_to_right&#8221; shape_divider_position=&#8221;bottom&#8221; bg_image_animation=&#8221;none&#8221; gradient_type=&#8221;default&#8221; shape_type=&#8221;&#8221;][vc_column column_padding=&#8221;no-extra-padding&#8221; column_padding_tablet=&#8221;inherit&#8221; column_padding_phone=&#8221;inherit&#8221; column_padding_position=&#8221;all&#8221; column_element_direction_desktop=&#8221;default&#8221; column_element_spacing=&#8221;default&#8221; desktop_text_alignment=&#8221;default&#8221; tablet_text_alignment=&#8221;default&#8221; phone_text_alignment=&#8221;default&#8221; background_color_opacity=&#8221;1&#8243; background_hover_color_opacity=&#8221;1&#8243; column_backdrop_filter=&#8221;none&#8221; column_shadow=&#8221;none&#8221; column_border_radius=&#8221;none&#8221; column_link_target=&#8221;_self&#8221; column_position=&#8221;default&#8221; gradient_direction=&#8221;left_to_right&#8221; overlay_strength=&#8221;0.3&#8243; width=&#8221;1\/1&#8243; tablet_width_inherit=&#8221;default&#8221; animation_type=&#8221;default&#8221; bg_image_animation=&#8221;none&#8221; border_type=&#8221;simple&#8221; column_border_width=&#8221;none&#8221; column_border_style=&#8221;solid&#8221;][vc_raw_html]W3h5ei1pcHMgc25pcHBldD0icG9zdC1yZXN1bHQtRm9jdXMiXQ==[\/vc_raw_html][\/vc_column][\/vc_row]\n","protected":false},"excerpt":{"rendered":"<p>[vc_row type=&#8221;full_width_background&#8221; full_screen_row_position=&#8221;middle&#8221; column_margin=&#8221;default&#8221; column_direction=&#8221;default&#8221; column_direction_tablet=&#8221;default&#8221; column_direction_phone=&#8221;default&#8221; bg_image=&#8221;220&#8243; bg_position=&#8221;right top&#8221; background_image_loading=&#8221;default&#8221; bg_repeat=&#8221;no-repeat&#8221; scene_position=&#8221;center&#8221; text_color=&#8221;dark&#8221; text_align=&#8221;left&#8221; row_border_radius=&#8221;none&#8221; row_border_radius_applies=&#8221;bg&#8221; overflow=&#8221;visible&#8221; class=&#8221;sustainable second_lv&#8221; id=&#8221;section_hero_categoria_primo&#8221; overlay_strength=&#8221;0.3&#8243; gradient_direction=&#8221;left_to_right&#8221; shape_divider_position=&#8221;bottom&#8221; bg_image_animation=&#8221;none&#8221; gradient_type=&#8221;default&#8221; shape_type=&#8221;&#8221;][vc_column column_padding=&#8221;no-extra-padding&#8221; column_padding_tablet=&#8221;inherit&#8221; column_padding_phone=&#8221;inherit&#8221;&#8230;<\/p>\n","protected":false},"author":1,"featured_media":0,"parent":10337,"menu_order":94,"comment_status":"closed","ping_status":"closed","template":"","meta":{"_acf_changed":false,"inline_featured_image":false,"footnotes":""},"class_list":["post-8419","page","type-page","status-publish"],"acf":[],"yoast_head":"<!-- This site is optimized with the Yoast SEO plugin v27.1.1 - https:\/\/yoast.com\/product\/yoast-seo-wordpress\/ -->\n<title>Foco na transi\u00e7\u00e3o energ\u00e9tica &#8226; Casale<\/title>\n<meta name=\"description\" content=\"O foco de transi\u00e7\u00e3o energ\u00e9tica da Casale oferece solu\u00e7\u00f5es inovadoras para descarbonizar sua instala\u00e7\u00e3o de hidrog\u00eanio, armazenar e transportar as energias renov\u00e1veis de forma eficiente e renovar as emiss\u00f5es de CO\u2082 em recursos sustent\u00e1veis.\" \/>\n<meta name=\"robots\" content=\"index, follow, max-snippet:-1, max-image-preview:large, max-video-preview:-1\" \/>\n<link rel=\"canonical\" href=\"https:\/\/casale.ch\/pt-pt\/solucoes-sustentaveis\/foco-na-transicao-energetica\/\" \/>\n<meta property=\"og:locale\" content=\"pt_PT\" \/>\n<meta property=\"og:type\" content=\"article\" \/>\n<meta property=\"og:title\" content=\"Foco na transi\u00e7\u00e3o energ\u00e9tica &#8226; Casale\" \/>\n<meta property=\"og:description\" content=\"O foco de transi\u00e7\u00e3o energ\u00e9tica da Casale oferece solu\u00e7\u00f5es inovadoras para descarbonizar sua instala\u00e7\u00e3o de hidrog\u00eanio, armazenar e transportar as energias renov\u00e1veis de forma eficiente e renovar as emiss\u00f5es de CO\u2082 em recursos sustent\u00e1veis.\" \/>\n<meta property=\"og:url\" content=\"https:\/\/casale.ch\/pt-pt\/solucoes-sustentaveis\/foco-na-transicao-energetica\/\" \/>\n<meta property=\"og:site_name\" content=\"Casale\" \/>\n<meta property=\"article:modified_time\" content=\"2025-05-13T09:23:05+00:00\" \/>\n<meta property=\"og:image\" content=\"https:\/\/casale.ch\/wp-content\/uploads\/2024\/02\/casale.jpg\" \/>\n\t<meta property=\"og:image:width\" content=\"1600\" \/>\n\t<meta property=\"og:image:height\" content=\"712\" \/>\n\t<meta property=\"og:image:type\" content=\"image\/jpeg\" \/>\n<meta name=\"twitter:card\" content=\"summary_large_image\" \/>\n<meta name=\"twitter:label1\" content=\"Tempo estimado de leitura\" \/>\n\t<meta name=\"twitter:data1\" content=\"4 minutos\" \/>\n<script type=\"application\/ld+json\" class=\"yoast-schema-graph\">{\"@context\":\"https:\/\/schema.org\",\"@graph\":[{\"@type\":\"WebPage\",\"@id\":\"https:\/\/casale.ch\/pt-pt\/solucoes-sustentaveis\/foco-na-transicao-energetica\/\",\"url\":\"https:\/\/casale.ch\/pt-pt\/solucoes-sustentaveis\/foco-na-transicao-energetica\/\",\"name\":\"Foco na transi\u00e7\u00e3o energ\u00e9tica &#8226; Casale\",\"isPartOf\":{\"@id\":\"https:\/\/casale.ch\/pt-pt\/#website\"},\"datePublished\":\"2023-12-11T09:14:30+00:00\",\"dateModified\":\"2025-05-13T09:23:05+00:00\",\"description\":\"O foco de transi\u00e7\u00e3o energ\u00e9tica da Casale oferece solu\u00e7\u00f5es inovadoras para descarbonizar sua instala\u00e7\u00e3o de hidrog\u00eanio, armazenar e transportar as energias renov\u00e1veis de forma eficiente e renovar as emiss\u00f5es de CO\u2082 em recursos sustent\u00e1veis.\",\"breadcrumb\":{\"@id\":\"https:\/\/casale.ch\/pt-pt\/solucoes-sustentaveis\/foco-na-transicao-energetica\/#breadcrumb\"},\"inLanguage\":\"pt-PT\",\"potentialAction\":[{\"@type\":\"ReadAction\",\"target\":[\"https:\/\/casale.ch\/pt-pt\/solucoes-sustentaveis\/foco-na-transicao-energetica\/\"]}]},{\"@type\":\"BreadcrumbList\",\"@id\":\"https:\/\/casale.ch\/pt-pt\/solucoes-sustentaveis\/foco-na-transicao-energetica\/#breadcrumb\",\"itemListElement\":[{\"@type\":\"ListItem\",\"position\":1,\"name\":\"Home\",\"item\":\"https:\/\/casale.ch\/pt-pt\/\"},{\"@type\":\"ListItem\",\"position\":2,\"name\":\"Solu\u00e7\u00f5es sustent\u00e1veis\",\"item\":\"https:\/\/casale.ch\/pt-pt\/solucoes-sustentaveis\/\"},{\"@type\":\"ListItem\",\"position\":3,\"name\":\"Foco na transi\u00e7\u00e3o energ\u00e9tica\"}]},{\"@type\":\"WebSite\",\"@id\":\"https:\/\/casale.ch\/pt-pt\/#website\",\"url\":\"https:\/\/casale.ch\/pt-pt\/\",\"name\":\"Casale\",\"description\":\"Together for a new planet\",\"publisher\":{\"@id\":\"https:\/\/casale.ch\/pt-pt\/#organization\"},\"potentialAction\":[{\"@type\":\"SearchAction\",\"target\":{\"@type\":\"EntryPoint\",\"urlTemplate\":\"https:\/\/casale.ch\/pt-pt\/?s={search_term_string}\"},\"query-input\":{\"@type\":\"PropertyValueSpecification\",\"valueRequired\":true,\"valueName\":\"search_term_string\"}}],\"inLanguage\":\"pt-PT\"},{\"@type\":\"Organization\",\"@id\":\"https:\/\/casale.ch\/pt-pt\/#organization\",\"name\":\"Casale\",\"url\":\"https:\/\/casale.ch\/pt-pt\/\",\"logo\":{\"@type\":\"ImageObject\",\"inLanguage\":\"pt-PT\",\"@id\":\"https:\/\/casale.ch\/pt-pt\/#\/schema\/logo\/image\/\",\"url\":\"https:\/\/casale.ch\/wp-content\/uploads\/2023\/08\/logo_casale.svg\",\"contentUrl\":\"https:\/\/casale.ch\/wp-content\/uploads\/2023\/08\/logo_casale.svg\",\"width\":1,\"height\":1,\"caption\":\"Casale\"},\"image\":{\"@id\":\"https:\/\/casale.ch\/pt-pt\/#\/schema\/logo\/image\/\"}}]}<\/script>\n<!-- \/ Yoast SEO plugin. -->","yoast_head_json":{"title":"Foco na transi\u00e7\u00e3o energ\u00e9tica &#8226; Casale","description":"O foco de transi\u00e7\u00e3o energ\u00e9tica da Casale oferece solu\u00e7\u00f5es inovadoras para descarbonizar sua instala\u00e7\u00e3o de hidrog\u00eanio, armazenar e transportar as energias renov\u00e1veis de forma eficiente e renovar as emiss\u00f5es de CO\u2082 em recursos sustent\u00e1veis.","robots":{"index":"index","follow":"follow","max-snippet":"max-snippet:-1","max-image-preview":"max-image-preview:large","max-video-preview":"max-video-preview:-1"},"canonical":"https:\/\/casale.ch\/pt-pt\/solucoes-sustentaveis\/foco-na-transicao-energetica\/","og_locale":"pt_PT","og_type":"article","og_title":"Foco na transi\u00e7\u00e3o energ\u00e9tica &#8226; Casale","og_description":"O foco de transi\u00e7\u00e3o energ\u00e9tica da Casale oferece solu\u00e7\u00f5es inovadoras para descarbonizar sua instala\u00e7\u00e3o de hidrog\u00eanio, armazenar e transportar as energias renov\u00e1veis de forma eficiente e renovar as emiss\u00f5es de CO\u2082 em recursos sustent\u00e1veis.","og_url":"https:\/\/casale.ch\/pt-pt\/solucoes-sustentaveis\/foco-na-transicao-energetica\/","og_site_name":"Casale","article_modified_time":"2025-05-13T09:23:05+00:00","og_image":[{"width":1600,"height":712,"url":"https:\/\/casale.ch\/wp-content\/uploads\/2024\/02\/casale.jpg","type":"image\/jpeg"}],"twitter_card":"summary_large_image","twitter_misc":{"Tempo estimado de leitura":"4 minutos"},"schema":{"@context":"https:\/\/schema.org","@graph":[{"@type":"WebPage","@id":"https:\/\/casale.ch\/pt-pt\/solucoes-sustentaveis\/foco-na-transicao-energetica\/","url":"https:\/\/casale.ch\/pt-pt\/solucoes-sustentaveis\/foco-na-transicao-energetica\/","name":"Foco na transi\u00e7\u00e3o energ\u00e9tica &#8226; Casale","isPartOf":{"@id":"https:\/\/casale.ch\/pt-pt\/#website"},"datePublished":"2023-12-11T09:14:30+00:00","dateModified":"2025-05-13T09:23:05+00:00","description":"O foco de transi\u00e7\u00e3o energ\u00e9tica da Casale oferece solu\u00e7\u00f5es inovadoras para descarbonizar sua instala\u00e7\u00e3o de hidrog\u00eanio, armazenar e transportar as energias renov\u00e1veis de forma eficiente e renovar as emiss\u00f5es de CO\u2082 em recursos sustent\u00e1veis.","breadcrumb":{"@id":"https:\/\/casale.ch\/pt-pt\/solucoes-sustentaveis\/foco-na-transicao-energetica\/#breadcrumb"},"inLanguage":"pt-PT","potentialAction":[{"@type":"ReadAction","target":["https:\/\/casale.ch\/pt-pt\/solucoes-sustentaveis\/foco-na-transicao-energetica\/"]}]},{"@type":"BreadcrumbList","@id":"https:\/\/casale.ch\/pt-pt\/solucoes-sustentaveis\/foco-na-transicao-energetica\/#breadcrumb","itemListElement":[{"@type":"ListItem","position":1,"name":"Home","item":"https:\/\/casale.ch\/pt-pt\/"},{"@type":"ListItem","position":2,"name":"Solu\u00e7\u00f5es sustent\u00e1veis","item":"https:\/\/casale.ch\/pt-pt\/solucoes-sustentaveis\/"},{"@type":"ListItem","position":3,"name":"Foco na transi\u00e7\u00e3o energ\u00e9tica"}]},{"@type":"WebSite","@id":"https:\/\/casale.ch\/pt-pt\/#website","url":"https:\/\/casale.ch\/pt-pt\/","name":"Casale","description":"Together for a new planet","publisher":{"@id":"https:\/\/casale.ch\/pt-pt\/#organization"},"potentialAction":[{"@type":"SearchAction","target":{"@type":"EntryPoint","urlTemplate":"https:\/\/casale.ch\/pt-pt\/?s={search_term_string}"},"query-input":{"@type":"PropertyValueSpecification","valueRequired":true,"valueName":"search_term_string"}}],"inLanguage":"pt-PT"},{"@type":"Organization","@id":"https:\/\/casale.ch\/pt-pt\/#organization","name":"Casale","url":"https:\/\/casale.ch\/pt-pt\/","logo":{"@type":"ImageObject","inLanguage":"pt-PT","@id":"https:\/\/casale.ch\/pt-pt\/#\/schema\/logo\/image\/","url":"https:\/\/casale.ch\/wp-content\/uploads\/2023\/08\/logo_casale.svg","contentUrl":"https:\/\/casale.ch\/wp-content\/uploads\/2023\/08\/logo_casale.svg","width":1,"height":1,"caption":"Casale"},"image":{"@id":"https:\/\/casale.ch\/pt-pt\/#\/schema\/logo\/image\/"}}]}},"_links":{"self":[{"href":"https:\/\/casale.ch\/pt-pt\/wp-json\/wp\/v2\/pages\/8419","targetHints":{"allow":["GET"]}}],"collection":[{"href":"https:\/\/casale.ch\/pt-pt\/wp-json\/wp\/v2\/pages"}],"about":[{"href":"https:\/\/casale.ch\/pt-pt\/wp-json\/wp\/v2\/types\/page"}],"author":[{"embeddable":true,"href":"https:\/\/casale.ch\/pt-pt\/wp-json\/wp\/v2\/users\/1"}],"replies":[{"embeddable":true,"href":"https:\/\/casale.ch\/pt-pt\/wp-json\/wp\/v2\/comments?post=8419"}],"version-history":[{"count":1,"href":"https:\/\/casale.ch\/pt-pt\/wp-json\/wp\/v2\/pages\/8419\/revisions"}],"predecessor-version":[{"id":8422,"href":"https:\/\/casale.ch\/pt-pt\/wp-json\/wp\/v2\/pages\/8419\/revisions\/8422"}],"up":[{"embeddable":true,"href":"https:\/\/casale.ch\/pt-pt\/wp-json\/wp\/v2\/pages\/10337"}],"wp:attachment":[{"href":"https:\/\/casale.ch\/pt-pt\/wp-json\/wp\/v2\/media?parent=8419"}],"curies":[{"name":"wp","href":"https:\/\/api.w.org\/{rel}","templated":true}]}}