{"id":8428,"date":"2023-12-11T11:50:31","date_gmt":"2023-12-11T10:50:31","guid":{"rendered":"https:\/\/casale.ch\/gestao\/"},"modified":"2026-01-07T14:51:02","modified_gmt":"2026-01-07T13:51:02","slug":"gestao","status":"publish","type":"page","link":"https:\/\/casale.ch\/pt-pt\/gestao\/","title":{"rendered":"Gest\u00e3o"},"content":{"rendered":"[vc_row type=&#8221;full_width_background&#8221; full_screen_row_position=&#8221;middle&#8221; column_margin=&#8221;default&#8221; column_direction=&#8221;default&#8221; column_direction_tablet=&#8221;default&#8221; column_direction_phone=&#8221;default&#8221; bg_image=&#8221;14642&#8243; bg_position=&#8221;center center&#8221; background_image_loading=&#8221;default&#8221; bg_repeat=&#8221;no-repeat&#8221; scene_position=&#8221;center&#8221; text_color=&#8221;dark&#8221; text_align=&#8221;left&#8221; row_border_radius=&#8221;none&#8221; row_border_radius_applies=&#8221;bg&#8221; overflow=&#8221;visible&#8221; class=&#8221;management&#8221; id=&#8221;section_hero_alt&#8221; advanced_gradient=&#8221;linear-gradient(45deg, rgba(0,0,0,0.6) 10%, rgba(0,0,0,0.4) 90%)&#8221; advanced_gradient_angle=&#8221;45&#8243; shape_divider_position=&#8221;bottom&#8221; bg_image_animation=&#8221;none&#8221; gradient_type=&#8221;advanced&#8221; shape_type=&#8221;&#8221; advanced_gradient_display_type=&#8221;linear&#8221;][vc_column column_padding=&#8221;no-extra-padding&#8221; column_padding_tablet=&#8221;inherit&#8221; column_padding_phone=&#8221;inherit&#8221; column_padding_position=&#8221;all&#8221; column_element_direction_desktop=&#8221;default&#8221; column_element_spacing=&#8221;default&#8221; desktop_text_alignment=&#8221;default&#8221; tablet_text_alignment=&#8221;default&#8221; phone_text_alignment=&#8221;default&#8221; background_color_opacity=&#8221;1&#8243; background_hover_color_opacity=&#8221;1&#8243; column_backdrop_filter=&#8221;none&#8221; column_shadow=&#8221;none&#8221; column_border_radius=&#8221;none&#8221; column_link_target=&#8221;_self&#8221; column_position=&#8221;default&#8221; gradient_direction=&#8221;left_to_right&#8221; overlay_strength=&#8221;0.3&#8243; width=&#8221;1\/1&#8243; tablet_width_inherit=&#8221;default&#8221; animation_type=&#8221;default&#8221; bg_image_animation=&#8221;none&#8221; border_type=&#8221;simple&#8221; column_border_width=&#8221;none&#8221; column_border_style=&#8221;solid&#8221;][vc_column_text css=&#8221;&#8221; text_direction=&#8221;default&#8221;]\n<h1 style=\"color: #fff;\">Nossa<br \/>\ngest\u00e3o<\/h1>\n[\/vc_column_text][\/vc_column][\/vc_row][vc_row type=&#8221;in_container&#8221; full_screen_row_position=&#8221;middle&#8221; column_margin=&#8221;default&#8221; column_direction=&#8221;default&#8221; column_direction_tablet=&#8221;default&#8221; column_direction_phone=&#8221;default&#8221; scene_position=&#8221;center&#8221; top_padding=&#8221;80&#8243; constrain_group_1=&#8221;yes&#8221; bottom_padding=&#8221;80&#8243; bottom_margin=&#8221;0&#8243; text_color=&#8221;dark&#8221; text_align=&#8221;left&#8221; row_border_radius=&#8221;none&#8221; row_border_radius_applies=&#8221;bg&#8221; overflow=&#8221;visible&#8221; overlay_strength=&#8221;0.3&#8243; gradient_direction=&#8221;left_to_right&#8221; shape_divider_position=&#8221;bottom&#8221; bg_image_animation=&#8221;none&#8221; gradient_type=&#8221;default&#8221; shape_type=&#8221;&#8221;][vc_column column_padding=&#8221;no-extra-padding&#8221; column_padding_tablet=&#8221;inherit&#8221; column_padding_phone=&#8221;inherit&#8221; column_padding_position=&#8221;all&#8221; column_element_direction_desktop=&#8221;default&#8221; column_element_spacing=&#8221;default&#8221; desktop_text_alignment=&#8221;default&#8221; tablet_text_alignment=&#8221;default&#8221; phone_text_alignment=&#8221;default&#8221; background_color_opacity=&#8221;1&#8243; background_hover_color_opacity=&#8221;1&#8243; column_backdrop_filter=&#8221;none&#8221; column_shadow=&#8221;none&#8221; column_border_radius=&#8221;none&#8221; column_link_target=&#8221;_self&#8221; column_position=&#8221;default&#8221; gradient_direction=&#8221;left_to_right&#8221; overlay_strength=&#8221;0.3&#8243; width=&#8221;1\/4&#8243; tablet_width_inherit=&#8221;default&#8221; animation_type=&#8221;default&#8221; bg_image_animation=&#8221;none&#8221; border_type=&#8221;simple&#8221; column_border_width=&#8221;none&#8221; column_border_style=&#8221;solid&#8221;][vc_column_text css=&#8221;&#8221; text_direction=&#8221;default&#8221;]\n<h2>Equipe<br \/>\nexecutiva<\/h2>\n[\/vc_column_text][\/vc_column][vc_column column_padding=&#8221;no-extra-padding&#8221; column_padding_tablet=&#8221;inherit&#8221; column_padding_phone=&#8221;inherit&#8221; column_padding_position=&#8221;all&#8221; column_element_direction_desktop=&#8221;default&#8221; column_element_spacing=&#8221;default&#8221; desktop_text_alignment=&#8221;default&#8221; tablet_text_alignment=&#8221;default&#8221; phone_text_alignment=&#8221;default&#8221; background_color_opacity=&#8221;1&#8243; background_hover_color_opacity=&#8221;1&#8243; column_backdrop_filter=&#8221;none&#8221; column_shadow=&#8221;none&#8221; column_border_radius=&#8221;none&#8221; column_link_target=&#8221;_self&#8221; column_position=&#8221;default&#8221; gradient_direction=&#8221;left_to_right&#8221; overlay_strength=&#8221;0.3&#8243; width=&#8221;3\/4&#8243; tablet_width_inherit=&#8221;default&#8221; animation_type=&#8221;default&#8221; bg_image_animation=&#8221;none&#8221; border_type=&#8221;simple&#8221; column_border_width=&#8221;none&#8221; column_border_style=&#8221;solid&#8221;][vc_column_text css=&#8221;&#8221; text_direction=&#8221;default&#8221;]Por tr\u00e1s do nosso sucesso duradouro em engenharia qu\u00edmica est\u00e1 uma equipe de gest\u00e3o e operacional robusta, cada membro sendo uma pedra angular do nosso processo operacional.<\/p>\n<p>Nossa equipe qualificada de gerentes traz uma riqueza de conhecimentos e insights estrat\u00e9gicos, orientando a nossa empresa ao longo das complexidades do setor. Sua vis\u00e3o coletiva promove a inova\u00e7\u00e3o e impulsiona nosso crescimento, garantindo que permane\u00e7amos na vanguarda dos avan\u00e7os tecnol\u00f3gicos.<\/p>\n<p>Complementando essa lideran\u00e7a est\u00e1 nossa equipe operacional dedicada, a espinha dorsal da nossa excel\u00eancia no dia a dia. Sua precis\u00e3o, efici\u00eancia e compromisso com a qualidade garantem uma execu\u00e7\u00e3o perfeita, impulsionando o nosso sucesso no fornecimento de solu\u00e7\u00f5es e servi\u00e7os de alto n\u00edvel aos nossos clientes.<\/p>\n<p>Juntas, essas equipes din\u00e2micas formam o cora\u00e7\u00e3o de nossas opera\u00e7\u00f5es, incorporando o nosso compromisso com a excel\u00eancia, a inova\u00e7\u00e3o e a satisfa\u00e7\u00e3o do cliente.[\/vc_column_text][\/vc_column][\/vc_row][vc_row type=&#8221;in_container&#8221; full_screen_row_position=&#8221;middle&#8221; column_margin=&#8221;default&#8221; column_direction=&#8221;default&#8221; column_direction_tablet=&#8221;default&#8221; column_direction_phone=&#8221;default&#8221; scene_position=&#8221;center&#8221; text_color=&#8221;dark&#8221; text_align=&#8221;left&#8221; row_border_radius=&#8221;none&#8221; row_border_radius_applies=&#8221;bg&#8221; overflow=&#8221;visible&#8221; overlay_strength=&#8221;0.3&#8243; gradient_direction=&#8221;left_to_right&#8221; shape_divider_position=&#8221;bottom&#8221; bg_image_animation=&#8221;none&#8221;][vc_column column_padding=&#8221;no-extra-padding&#8221; column_padding_tablet=&#8221;inherit&#8221; column_padding_phone=&#8221;inherit&#8221; column_padding_position=&#8221;all&#8221; column_element_direction_desktop=&#8221;default&#8221; column_element_spacing=&#8221;default&#8221; desktop_text_alignment=&#8221;default&#8221; tablet_text_alignment=&#8221;default&#8221; phone_text_alignment=&#8221;default&#8221; background_color_opacity=&#8221;1&#8243; background_hover_color_opacity=&#8221;1&#8243; column_backdrop_filter=&#8221;none&#8221; column_shadow=&#8221;none&#8221; column_border_radius=&#8221;none&#8221; column_link_target=&#8221;_self&#8221; column_position=&#8221;default&#8221; gradient_direction=&#8221;left_to_right&#8221; overlay_strength=&#8221;0.3&#8243; width=&#8221;1\/1&#8243; tablet_width_inherit=&#8221;default&#8221; animation_type=&#8221;default&#8221; bg_image_animation=&#8221;none&#8221; border_type=&#8221;simple&#8221; column_border_width=&#8221;none&#8221; column_border_style=&#8221;solid&#8221;][vc_raw_html css=&#8221;&#8221;]JTNDZGl2JTIwaWQlM0QlMjJpbm5lcl9zZWN0aW9uJTIyJTNFJTBBJTIwJTIwJTIwJTIwJTNDZGl2JTIwY2xhc3MlM0QlMjJpdGVtJTIyJTNFJTBBJTIwJTIwJTIwJTIwJTIwJTIwJTIwJTIwJTNDaW1nJTIwc3JjJTNEJTIyaHR0cHMlM0ElMkYlMkZjYXNhbGUuY2glMkZ3cC1jb250ZW50JTJGdXBsb2FkcyUyRjIwMjUlMkYxMiUyRmNhcmRfbWFuYWdlbWVudF96YXJkaS5wbmclMjIlMjBhbHQlM0QlMjJDYXNhbGUlMjAlN0MlMjBGZWRlcmljbyUyMFphcmRpJTIyJTNFJTBBJTIwJTIwJTIwJTIwJTIwJTIwJTIwJTIwJTNDcCUyMGNsYXNzJTNEJTIycGljY29sbyUyMiUzRUNoaWVmJTIwRXhlY3V0aXZlJTIwT2ZmaWNlciUzQyUyRnAlM0UlMEElMjAlMjAlMjAlMjAlMjAlMjAlMjAlMjAlM0NoMiUzRUZlZGVyaWNvJTIwWmFyZGklM0MlMkZoMiUzRSUwQSUyMCUyMCUyMCUyMCUzQyUyRmRpdiUzRSUwQSUyMCUyMCUyMCUyMCUzQ2RpdiUyMGNsYXNzJTNEJTIyaXRlbSUyMiUzRSUwQSUyMCUyMCUyMCUyMCUyMCUyMCUyMCUyMCUzQ2ltZyUyMHNyYyUzRCUyMmh0dHBzJTNBJTJGJTJGY2FzYWxlLmNoJTJGd3AtY29udGVudCUyRnVwbG9hZHMlMkYyMDI1JTJGMTIlMkZjYXJkX21hbmFnZW1lbnRfZ3Vhcmluby5wbmclMjIlMjBhbHQlM0QlMjJDYXNhbGUlMjAlN0MlMjBHaXVzZXBwZSUyMEd1YXJpbm8lMjIlM0UlMEElMjAlMjAlMjAlMjAlMjAlMjAlMjAlMjAlM0NwJTIwY2xhc3MlM0QlMjJwaWNjb2xvJTIyJTNFQWR2aXNvciUyME1hbmFnZW1lbnQlM0MlMkZwJTNFJTBBJTIwJTIwJTIwJTIwJTIwJTIwJTIwJTIwJTNDaDIlM0VHaXVzZXBwZSUyMEd1YXJpbm8lM0MlMkZoMiUzRSUwQSUyMCUyMCUyMCUyMCUzQyUyRmRpdiUzRSUwQSUyMCUyMCUyMCUyMCUzQ2RpdiUyMGNsYXNzJTNEJTIyaXRlbSUyMiUzRSUwQSUyMCUyMCUyMCUyMCUyMCUyMCUyMCUyMCUzQ2ltZyUyMHNyYyUzRCUyMmh0dHBzJTNBJTJGJTJGY2FzYWxlLmNoJTJGd3AtY29udGVudCUyRnVwbG9hZHMlMkYyMDI1JTJGMTIlMkZjYXJkX21hbmFnZW1lbnRfc2lsdmEucG5nJTIyJTIwYWx0JTNEJTIyQ2FzYWxlJTIwJTdDJTIwUGFvbG8lMjBTaWx2YSUyMiUzRSUwQSUyMCUyMCUyMCUyMCUyMCUyMCUyMCUyMCUzQ3AlMjBjbGFzcyUzRCUyMnBpY2NvbG8lMjIlM0VDaGllZiUyMFN1YnNpZGlhcmllcyUyME9mZmljZXIlM0MlMkZwJTNFJTBBJTIwJTIwJTIwJTIwJTIwJTIwJTIwJTIwJTNDaDIlM0VQYW9sbyUyMFNpbHZhJTNDJTJGaDIlM0UlMEElMjAlMjAlMjAlMjAlM0MlMkZkaXYlM0UlMEElMjAlMjAlMjAlMjAlM0NkaXYlMjBjbGFzcyUzRCUyMml0ZW0lMjIlM0UlMEElMjAlMjAlMjAlMjAlMjAlMjAlMjAlMjAlM0NpbWclMjBzcmMlM0QlMjJodHRwcyUzQSUyRiUyRmNhc2FsZS5jaCUyRndwLWNvbnRlbnQlMkZ1cGxvYWRzJTJGMjAyNSUyRjEyJTJGY2FyZF9tYW5hZ2VtZW50X2RlYmVybmFyZGluaS5wbmclMjIlMjBhbHQlM0QlMjJDYXNhbGUlMjAlN0MlMjBTZXJnaW8lMjBEZWJlcm5hcmRpJTIyJTNFJTBBJTIwJTIwJTIwJTIwJTIwJTIwJTIwJTIwJTNDcCUyMGNsYXNzJTNEJTIycGljY29sbyUyMiUzRUNoaWVmJTIwT3BlcmF0aW5nJTIwT2ZmaWNlciUzQyUyRnAlM0UlMEElMjAlMjAlMjAlMjAlMjAlMjAlMjAlMjAlM0NoMiUzRVNlcmdpbyUyMERlYmVybmFyZGklM0MlMkZoMiUzRSUwQSUyMCUyMCUyMCUyMCUzQyUyRmRpdiUzRSUwQSUyMCUyMCUyMCUyMCUzQ2RpdiUyMGNsYXNzJTNEJTIyaXRlbSUyMiUzRSUwQSUyMCUyMCUyMCUyMCUyMCUyMCUyMCUyMCUzQ2ltZyUyMHNyYyUzRCUyMmh0dHBzJTNBJTJGJTJGY2FzYWxlLmNoJTJGd3AtY29udGVudCUyRnVwbG9hZHMlMkYyMDI1JTJGMTIlMkZjYXJkX21hbmFnZW1lbnRfbWF0cm9ub2xhLnBuZyUyMiUyMGFsdCUzRCUyMkNhc2FsZSUyMCU3QyUyMEd1aWRvJTIwTWF0cm9ub2xhJTIyJTNFJTBBJTIwJTIwJTIwJTIwJTIwJTIwJTIwJTIwJTNDcCUyMGNsYXNzJTNEJTIycGljY29sbyUyMiUzRUNoaWVmJTIwRmluYW5jaWFsJTIwT2ZmaWNlciUzQyUyRnAlM0UlMEElMjAlMjAlMjAlMjAlMjAlMjAlMjAlMjAlM0NoMiUzRUd1aWRvJTIwTWF0cm9ub2xhJTNDJTJGaDIlM0UlMEElMjAlMjAlMjAlMjAlM0MlMkZkaXYlM0UlMEElMjAlMjAlMjAlMjAlM0NkaXYlMjBjbGFzcyUzRCUyMml0ZW0lMjIlM0UlMEElMjAlMjAlMjAlMjAlMjAlMjAlMjAlMjAlM0NpbWclMjBzcmMlM0QlMjJodHRwcyUzQSUyRiUyRmNhc2FsZS5jaCUyRndwLWNvbnRlbnQlMkZ1cGxvYWRzJTJGMjAyNSUyRjEyJTJGY2FyZF9tYW5hZ2VtZW50X2ZpbGlwcGkucG5nJTIyJTIwYWx0JTNEJTIyQ2FzYWxlJTIwJTdDJTIwRXJtYW5ubyUyMEZpbGlwcGklMjIlM0UlMEElMjAlMjAlMjAlMjAlMjAlMjAlMjAlMjAlM0NwJTIwY2xhc3MlM0QlMjJwaWNjb2xvJTIyJTNFQ2hpZWYlMjBUZWNobm9sb2d5JTIwT2ZmaWNlciUzQyUyRnAlM0UlMEElMjAlMjAlMjAlMjAlMjAlMjAlMjAlMjAlM0NoMiUzRUVybWFubm8lMjBGaWxpcHBpJTNDJTJGaDIlM0UlMEElMjAlMjAlMjAlMjAlM0MlMkZkaXYlM0UlMEElM0MlMkZkaXYlM0U=[\/vc_raw_html][\/vc_column][\/vc_row]\n","protected":false},"excerpt":{"rendered":"<p>[vc_row type=&#8221;full_width_background&#8221; full_screen_row_position=&#8221;middle&#8221; column_margin=&#8221;default&#8221; column_direction=&#8221;default&#8221; column_direction_tablet=&#8221;default&#8221; column_direction_phone=&#8221;default&#8221; bg_image=&#8221;14642&#8243; bg_position=&#8221;center center&#8221; background_image_loading=&#8221;default&#8221; bg_repeat=&#8221;no-repeat&#8221; scene_position=&#8221;center&#8221; text_color=&#8221;dark&#8221; text_align=&#8221;left&#8221; row_border_radius=&#8221;none&#8221; row_border_radius_applies=&#8221;bg&#8221; overflow=&#8221;visible&#8221; class=&#8221;management&#8221; id=&#8221;section_hero_alt&#8221; advanced_gradient=&#8221;linear-gradient(45deg, rgba(0,0,0,0.6) 10%, rgba(0,0,0,0.4) 90%)&#8221; advanced_gradient_angle=&#8221;45&#8243; shape_divider_position=&#8221;bottom&#8221; bg_image_animation=&#8221;none&#8221; gradient_type=&#8221;advanced&#8221; shape_type=&#8221;&#8221;&#8230;<\/p>\n","protected":false},"author":1,"featured_media":0,"parent":0,"menu_order":49,"comment_status":"closed","ping_status":"closed","template":"","meta":{"_acf_changed":false,"inline_featured_image":false,"footnotes":""},"class_list":["post-8428","page","type-page","status-publish"],"acf":[],"yoast_head":"<!-- This site is optimized with the Yoast SEO plugin v27.1.1 - https:\/\/yoast.com\/product\/yoast-seo-wordpress\/ -->\n<title>Gest\u00e3o &#8226; Casale<\/title>\n<meta name=\"description\" content=\"Conhe\u00e7a os l\u00edderes que impulsionam a inova\u00e7\u00e3o na Casale: uma equipe dedicada \u00e0 excel\u00eancia no setor de engenharia qu\u00edmica, orientando a vis\u00e3o da empresa para um futuro sustent\u00e1vel.\" \/>\n<meta name=\"robots\" content=\"index, follow, max-snippet:-1, max-image-preview:large, max-video-preview:-1\" \/>\n<link rel=\"canonical\" href=\"https:\/\/casale.ch\/pt-pt\/gestao\/\" \/>\n<meta property=\"og:locale\" content=\"pt_PT\" \/>\n<meta property=\"og:type\" content=\"article\" \/>\n<meta property=\"og:title\" content=\"Gest\u00e3o &#8226; Casale\" \/>\n<meta property=\"og:description\" content=\"Conhe\u00e7a os l\u00edderes que impulsionam a inova\u00e7\u00e3o na Casale: uma equipe dedicada \u00e0 excel\u00eancia no setor de engenharia qu\u00edmica, orientando a vis\u00e3o da empresa para um futuro sustent\u00e1vel.\" \/>\n<meta property=\"og:url\" content=\"https:\/\/casale.ch\/pt-pt\/gestao\/\" \/>\n<meta property=\"og:site_name\" content=\"Casale\" \/>\n<meta property=\"article:modified_time\" content=\"2026-01-07T13:51:02+00:00\" \/>\n<meta property=\"og:image\" content=\"https:\/\/casale.ch\/wp-content\/uploads\/2024\/02\/casale.jpg\" \/>\n\t<meta property=\"og:image:width\" content=\"1600\" \/>\n\t<meta property=\"og:image:height\" content=\"712\" \/>\n\t<meta property=\"og:image:type\" content=\"image\/jpeg\" \/>\n<meta name=\"twitter:card\" content=\"summary_large_image\" \/>\n<meta name=\"twitter:label1\" content=\"Tempo estimado de leitura\" \/>\n\t<meta name=\"twitter:data1\" content=\"2 minutos\" \/>\n<script type=\"application\/ld+json\" class=\"yoast-schema-graph\">{\"@context\":\"https:\/\/schema.org\",\"@graph\":[{\"@type\":\"WebPage\",\"@id\":\"https:\/\/casale.ch\/pt-pt\/gestao\/\",\"url\":\"https:\/\/casale.ch\/pt-pt\/gestao\/\",\"name\":\"Gest\u00e3o &#8226; Casale\",\"isPartOf\":{\"@id\":\"https:\/\/casale.ch\/pt-pt\/#website\"},\"datePublished\":\"2023-12-11T10:50:31+00:00\",\"dateModified\":\"2026-01-07T13:51:02+00:00\",\"description\":\"Conhe\u00e7a os l\u00edderes que impulsionam a inova\u00e7\u00e3o na Casale: uma equipe dedicada \u00e0 excel\u00eancia no setor de engenharia qu\u00edmica, orientando a vis\u00e3o da empresa para um futuro sustent\u00e1vel.\",\"breadcrumb\":{\"@id\":\"https:\/\/casale.ch\/pt-pt\/gestao\/#breadcrumb\"},\"inLanguage\":\"pt-PT\",\"potentialAction\":[{\"@type\":\"ReadAction\",\"target\":[\"https:\/\/casale.ch\/pt-pt\/gestao\/\"]}]},{\"@type\":\"BreadcrumbList\",\"@id\":\"https:\/\/casale.ch\/pt-pt\/gestao\/#breadcrumb\",\"itemListElement\":[{\"@type\":\"ListItem\",\"position\":1,\"name\":\"Home\",\"item\":\"https:\/\/casale.ch\/pt-pt\/\"},{\"@type\":\"ListItem\",\"position\":2,\"name\":\"Gest\u00e3o\"}]},{\"@type\":\"WebSite\",\"@id\":\"https:\/\/casale.ch\/pt-pt\/#website\",\"url\":\"https:\/\/casale.ch\/pt-pt\/\",\"name\":\"Casale\",\"description\":\"Together for a new planet\",\"publisher\":{\"@id\":\"https:\/\/casale.ch\/pt-pt\/#organization\"},\"potentialAction\":[{\"@type\":\"SearchAction\",\"target\":{\"@type\":\"EntryPoint\",\"urlTemplate\":\"https:\/\/casale.ch\/pt-pt\/?s={search_term_string}\"},\"query-input\":{\"@type\":\"PropertyValueSpecification\",\"valueRequired\":true,\"valueName\":\"search_term_string\"}}],\"inLanguage\":\"pt-PT\"},{\"@type\":\"Organization\",\"@id\":\"https:\/\/casale.ch\/pt-pt\/#organization\",\"name\":\"Casale\",\"url\":\"https:\/\/casale.ch\/pt-pt\/\",\"logo\":{\"@type\":\"ImageObject\",\"inLanguage\":\"pt-PT\",\"@id\":\"https:\/\/casale.ch\/pt-pt\/#\/schema\/logo\/image\/\",\"url\":\"https:\/\/casale.ch\/wp-content\/uploads\/2023\/08\/logo_casale.svg\",\"contentUrl\":\"https:\/\/casale.ch\/wp-content\/uploads\/2023\/08\/logo_casale.svg\",\"width\":1,\"height\":1,\"caption\":\"Casale\"},\"image\":{\"@id\":\"https:\/\/casale.ch\/pt-pt\/#\/schema\/logo\/image\/\"}}]}<\/script>\n<!-- \/ Yoast SEO plugin. -->","yoast_head_json":{"title":"Gest\u00e3o &#8226; Casale","description":"Conhe\u00e7a os l\u00edderes que impulsionam a inova\u00e7\u00e3o na Casale: uma equipe dedicada \u00e0 excel\u00eancia no setor de engenharia qu\u00edmica, orientando a vis\u00e3o da empresa para um futuro sustent\u00e1vel.","robots":{"index":"index","follow":"follow","max-snippet":"max-snippet:-1","max-image-preview":"max-image-preview:large","max-video-preview":"max-video-preview:-1"},"canonical":"https:\/\/casale.ch\/pt-pt\/gestao\/","og_locale":"pt_PT","og_type":"article","og_title":"Gest\u00e3o &#8226; Casale","og_description":"Conhe\u00e7a os l\u00edderes que impulsionam a inova\u00e7\u00e3o na Casale: uma equipe dedicada \u00e0 excel\u00eancia no setor de engenharia qu\u00edmica, orientando a vis\u00e3o da empresa para um futuro sustent\u00e1vel.","og_url":"https:\/\/casale.ch\/pt-pt\/gestao\/","og_site_name":"Casale","article_modified_time":"2026-01-07T13:51:02+00:00","og_image":[{"width":1600,"height":712,"url":"https:\/\/casale.ch\/wp-content\/uploads\/2024\/02\/casale.jpg","type":"image\/jpeg"}],"twitter_card":"summary_large_image","twitter_misc":{"Tempo estimado de leitura":"2 minutos"},"schema":{"@context":"https:\/\/schema.org","@graph":[{"@type":"WebPage","@id":"https:\/\/casale.ch\/pt-pt\/gestao\/","url":"https:\/\/casale.ch\/pt-pt\/gestao\/","name":"Gest\u00e3o &#8226; Casale","isPartOf":{"@id":"https:\/\/casale.ch\/pt-pt\/#website"},"datePublished":"2023-12-11T10:50:31+00:00","dateModified":"2026-01-07T13:51:02+00:00","description":"Conhe\u00e7a os l\u00edderes que impulsionam a inova\u00e7\u00e3o na Casale: uma equipe dedicada \u00e0 excel\u00eancia no setor de engenharia qu\u00edmica, orientando a vis\u00e3o da empresa para um futuro sustent\u00e1vel.","breadcrumb":{"@id":"https:\/\/casale.ch\/pt-pt\/gestao\/#breadcrumb"},"inLanguage":"pt-PT","potentialAction":[{"@type":"ReadAction","target":["https:\/\/casale.ch\/pt-pt\/gestao\/"]}]},{"@type":"BreadcrumbList","@id":"https:\/\/casale.ch\/pt-pt\/gestao\/#breadcrumb","itemListElement":[{"@type":"ListItem","position":1,"name":"Home","item":"https:\/\/casale.ch\/pt-pt\/"},{"@type":"ListItem","position":2,"name":"Gest\u00e3o"}]},{"@type":"WebSite","@id":"https:\/\/casale.ch\/pt-pt\/#website","url":"https:\/\/casale.ch\/pt-pt\/","name":"Casale","description":"Together for a new planet","publisher":{"@id":"https:\/\/casale.ch\/pt-pt\/#organization"},"potentialAction":[{"@type":"SearchAction","target":{"@type":"EntryPoint","urlTemplate":"https:\/\/casale.ch\/pt-pt\/?s={search_term_string}"},"query-input":{"@type":"PropertyValueSpecification","valueRequired":true,"valueName":"search_term_string"}}],"inLanguage":"pt-PT"},{"@type":"Organization","@id":"https:\/\/casale.ch\/pt-pt\/#organization","name":"Casale","url":"https:\/\/casale.ch\/pt-pt\/","logo":{"@type":"ImageObject","inLanguage":"pt-PT","@id":"https:\/\/casale.ch\/pt-pt\/#\/schema\/logo\/image\/","url":"https:\/\/casale.ch\/wp-content\/uploads\/2023\/08\/logo_casale.svg","contentUrl":"https:\/\/casale.ch\/wp-content\/uploads\/2023\/08\/logo_casale.svg","width":1,"height":1,"caption":"Casale"},"image":{"@id":"https:\/\/casale.ch\/pt-pt\/#\/schema\/logo\/image\/"}}]}},"_links":{"self":[{"href":"https:\/\/casale.ch\/pt-pt\/wp-json\/wp\/v2\/pages\/8428","targetHints":{"allow":["GET"]}}],"collection":[{"href":"https:\/\/casale.ch\/pt-pt\/wp-json\/wp\/v2\/pages"}],"about":[{"href":"https:\/\/casale.ch\/pt-pt\/wp-json\/wp\/v2\/types\/page"}],"author":[{"embeddable":true,"href":"https:\/\/casale.ch\/pt-pt\/wp-json\/wp\/v2\/users\/1"}],"replies":[{"embeddable":true,"href":"https:\/\/casale.ch\/pt-pt\/wp-json\/wp\/v2\/comments?post=8428"}],"version-history":[{"count":6,"href":"https:\/\/casale.ch\/pt-pt\/wp-json\/wp\/v2\/pages\/8428\/revisions"}],"predecessor-version":[{"id":14716,"href":"https:\/\/casale.ch\/pt-pt\/wp-json\/wp\/v2\/pages\/8428\/revisions\/14716"}],"wp:attachment":[{"href":"https:\/\/casale.ch\/pt-pt\/wp-json\/wp\/v2\/media?parent=8428"}],"curies":[{"name":"wp","href":"https:\/\/api.w.org\/{rel}","templated":true}]}}